{"id":143,"date":"2023-11-30T18:12:05","date_gmt":"2023-11-30T18:12:05","guid":{"rendered":"https:\/\/saltbudapest.com\/cart-2\/"},"modified":"2026-04-14T17:14:31","modified_gmt":"2026-04-14T17:14:31","slug":"kosar","status":"publish","type":"page","link":"https:\/\/saltbudapest.com\/hu\/kosar\/","title":{"rendered":"Kos\u00e1r"},"content":{"rendered":"<p>[et_pb_section][et_pb_row][et_pb_column type=&#8221;4_4&#8243;][et_pb_text]<\/p>\r\n\r\n<div data-block-name=\"woocommerce\/cart\" class=\"wp-block-woocommerce-cart alignwide is-loading\">\r\n<div data-block-name=\"woocommerce\/filled-cart-block\" class=\"wp-block-woocommerce-filled-cart-block\">\r\n<div data-block-name=\"woocommerce\/cart-items-block\" class=\"wp-block-woocommerce-cart-items-block\">\r\n<div data-block-name=\"woocommerce\/cart-line-items-block\" class=\"wp-block-woocommerce-cart-line-items-block\">\u00a0<\/div>\r\n\r\n\r\n\r\n<div data-block-name=\"woocommerce\/cart-cross-sells-block\" class=\"wp-block-woocommerce-cart-cross-sells-block\">\r\n<h2 class=\"wp-block-heading has-large-font-size\">You may be interested in\u2026<\/h2>\r\n\r\n\r\n\r\n<div data-block-name=\"woocommerce\/cart-cross-sells-products-block\" class=\"wp-block-woocommerce-cart-cross-sells-products-block\">\u00a0<\/div>\r\n<\/div>\r\n<\/div>\r\n\r\n\r\n\r\n<div data-block-name=\"woocommerce\/cart-totals-block\" class=\"wp-block-woocommerce-cart-totals-block\">\r\n<div data-block-name=\"woocommerce\/cart-order-summary-block\" class=\"wp-block-woocommerce-cart-order-summary-block\">\r\n<div data-block-name=\"woocommerce\/cart-order-summary-heading-block\" class=\"wp-block-woocommerce-cart-order-summary-heading-block\">\u00a0<\/div>\r\n\r\n\r\n\r\n<div data-block-name=\"woocommerce\/cart-order-summary-coupon-form-block\" class=\"wp-block-woocommerce-cart-order-summary-coupon-form-block\">\u00a0<\/div>\r\n\r\n\r\n\r\n\r\n\r\n\r\n\r\n\r\n\r\n\r\n\r\n\r\n\r\n\r\n\r\n\r\n\r\n\r\n\r\n<div data-block-name=\"woocommerce\/cart-order-summary-totals-block\" class=\"wp-block-woocommerce-cart-order-summary-totals-block\">\n<div data-block-name=\"woocommerce\/cart-order-summary-subtotal-block\" class=\"wp-block-woocommerce-cart-order-summary-subtotal-block\">\u00a0<\/div>\n<div data-block-name=\"woocommerce\/cart-order-summary-discount-block\" class=\"wp-block-woocommerce-cart-order-summary-discount-block\">\u00a0<\/div>\n<div data-block-name=\"woocommerce\/cart-order-summary-fee-block\" class=\"wp-block-woocommerce-cart-order-summary-fee-block\">\u00a0<\/div>\n<div data-block-name=\"woocommerce\/cart-order-summary-shipping-block\" class=\"wp-block-woocommerce-cart-order-summary-shipping-block\">\u00a0<\/div>\n<div data-block-name=\"woocommerce\/cart-order-summary-taxes-block\" class=\"wp-block-woocommerce-cart-order-summary-taxes-block\">\u00a0<\/div><\/div>\r\n<\/div>\r\n\r\n\r\n\r\n<div data-block-name=\"woocommerce\/cart-express-payment-block\" class=\"wp-block-woocommerce-cart-express-payment-block\">\u00a0<\/div>\r\n\r\n\r\n\r\n<div data-block-name=\"woocommerce\/proceed-to-checkout-block\" class=\"wp-block-woocommerce-proceed-to-checkout-block\">\u00a0<\/div>\r\n\r\n\r\n\r\n<div data-block-name=\"woocommerce\/cart-accepted-payment-methods-block\" class=\"wp-block-woocommerce-cart-accepted-payment-methods-block\">\u00a0<\/div>\r\n<\/div>\r\n<\/div>\r\n\r\n\r\n\r\n<div data-block-name=\"woocommerce\/empty-cart-block\" class=\"wp-block-woocommerce-empty-cart-block\">\r\n<h2 class=\"wp-block-heading has-text-align-center with-empty-cart-icon wc-block-cart__empty-cart__title\">Your cart is currently empty!<\/h2>\r\n\r\n\r\n<hr class=\"wp-block-separator has-alpha-channel-opacity is-style-dots\" \/>\r\n\r\n\r\n<h2 class=\"wp-block-heading has-text-align-center\">New in store<\/h2>\r\n\r\n\r\n<div data-block-name=\"woocommerce\/product-new\" data-columns=\"4\" data-rows=\"1\" class=\"wc-block-grid wp-block-product-new wp-block-woocommerce-product-new wc-block-product-new has-4-columns\"><ul class=\"wc-block-grid__products\"><li class=\"wc-block-grid__product\">\n\t\t\t\t<a href=\"https:\/\/saltbudapest.com\/hu\/gift-cards\/book\/salt-konyv\/\" class=\"wc-block-grid__product-link\">\n\t\t\t\t\t\n\t\t\t\t\t<div class=\"wc-block-grid__product-image\"><img decoding=\"async\" width=\"300\" height=\"225\" src=\"https:\/\/saltbudapest.com\/wp-content\/uploads\/2025\/12\/Salt-Book-300x225.jpg\" class=\"attachment-woocommerce_thumbnail size-woocommerce_thumbnail\" alt=\"SALT k\u00f6nyv\" \/><\/div>\n\t\t\t\t\t<div class=\"wc-block-grid__product-title\">SALT k\u00f6nyv<\/div>\n\t\t\t\t<\/a>\n\t\t\t\t<div class=\"wc-block-grid__product-price price\"><span class=\"woocommerce-Price-amount amount\">36.000&nbsp;<span class=\"woocommerce-Price-currencySymbol\">&#070;&#116;<\/span><\/span><\/div>\n\t\t\t\t\n\t\t\t\t<div class=\"wp-block-button wc-block-grid__product-add-to-cart\"><a href=\"https:\/\/saltbudapest.com\/hu\/gift-cards\/book\/salt-konyv\/\" aria-label=\"Kos\u00e1rba: &ldquo;SALT k\u00f6nyv&rdquo;\" data-quantity=\"1\" data-product_id=\"5082\" data-product_sku=\"\" data-price=\"36000\" rel=\"nofollow\" class=\"wp-block-button__link  add_to_cart_button\">Select options<\/a><\/div>\n\t\t\t<\/li><li class=\"wc-block-grid__product\">\n\t\t\t\t<a href=\"https:\/\/saltbudapest.com\/hu\/gift-cards\/solid-ajandekkartya\/solid-ajandekkartya-4\/\" class=\"wc-block-grid__product-link\">\n\t\t\t\t\t\n\t\t\t\t\t<div class=\"wc-block-grid__product-image\"><img decoding=\"async\" width=\"300\" height=\"225\" src=\"https:\/\/saltbudapest.com\/wp-content\/uploads\/2024\/08\/SOLID-Budapest-5-300x225.jpg\" class=\"attachment-woocommerce_thumbnail size-woocommerce_thumbnail\" alt=\"SOLID - Aj\u00e1nd\u00e9kk\u00e1rtya\" \/><\/div>\n\t\t\t\t\t<div class=\"wc-block-grid__product-title\">SOLID &#8211; Aj\u00e1nd\u00e9kk\u00e1rtya<\/div>\n\t\t\t\t<\/a>\n\t\t\t\t<div class=\"wc-block-grid__product-price price\"><span class=\"woocommerce-Price-amount amount\">30.000&nbsp;<span class=\"woocommerce-Price-currencySymbol\">&#070;&#116;<\/span><\/span><\/div>\n\t\t\t\t\n\t\t\t\t<div class=\"wp-block-button wc-block-grid__product-add-to-cart\"><a href=\"\/hu\/wp-json\/wp\/v2\/pages\/143?doing_wp_cron=1776189203.2588820457458496093750&#038;add-to-cart=3839\" aria-label=\"Kos\u00e1rba: &ldquo;SOLID - Aj\u00e1nd\u00e9kk\u00e1rtya&rdquo;\" data-quantity=\"1\" data-product_id=\"3839\" data-product_sku=\"\" data-price=\"30000\" rel=\"nofollow\" class=\"wp-block-button__link  add_to_cart_button ajax_add_to_cart\">Kos\u00e1rba teszem<\/a><\/div>\n\t\t\t<\/li><li class=\"wc-block-grid__product\">\n\t\t\t\t<a href=\"https:\/\/saltbudapest.com\/hu\/gift-cards\/solid-ajandekkartya\/solid-ajandekkartya-2\/\" class=\"wc-block-grid__product-link\">\n\t\t\t\t\t\n\t\t\t\t\t<div class=\"wc-block-grid__product-image\"><img decoding=\"async\" width=\"300\" height=\"225\" src=\"https:\/\/saltbudapest.com\/wp-content\/uploads\/2024\/08\/SOLID-Budapest-1-300x225.jpg\" class=\"attachment-woocommerce_thumbnail size-woocommerce_thumbnail\" alt=\"SOLID - Aj\u00e1nd\u00e9kk\u00e1rtya\" \/><\/div>\n\t\t\t\t\t<div class=\"wc-block-grid__product-title\">SOLID &#8211; Aj\u00e1nd\u00e9kk\u00e1rtya<\/div>\n\t\t\t\t<\/a>\n\t\t\t\t<div class=\"wc-block-grid__product-price price\"><span class=\"woocommerce-Price-amount amount\">150.000&nbsp;<span class=\"woocommerce-Price-currencySymbol\">&#070;&#116;<\/span><\/span><\/div>\n\t\t\t\t\n\t\t\t\t<div class=\"wp-block-button wc-block-grid__product-add-to-cart\"><a href=\"\/hu\/wp-json\/wp\/v2\/pages\/143?doing_wp_cron=1776189203.2588820457458496093750&#038;add-to-cart=3792\" aria-label=\"Kos\u00e1rba: &ldquo;SOLID - Aj\u00e1nd\u00e9kk\u00e1rtya&rdquo;\" data-quantity=\"1\" data-product_id=\"3792\" data-product_sku=\"\" data-price=\"150000\" rel=\"nofollow\" class=\"wp-block-button__link  add_to_cart_button ajax_add_to_cart\">Kos\u00e1rba teszem<\/a><\/div>\n\t\t\t<\/li><li class=\"wc-block-grid__product\">\n\t\t\t\t<a href=\"https:\/\/saltbudapest.com\/hu\/gift-cards\/solid-ajandekkartya\/solid-ajandekkartya\/\" class=\"wc-block-grid__product-link\">\n\t\t\t\t\t\n\t\t\t\t\t<div class=\"wc-block-grid__product-image\"><img decoding=\"async\" width=\"300\" height=\"225\" src=\"https:\/\/saltbudapest.com\/wp-content\/uploads\/2024\/08\/SOLID-Budapest-2-300x225.jpg\" class=\"attachment-woocommerce_thumbnail size-woocommerce_thumbnail\" alt=\"SOLID - Aj\u00e1nd\u00e9kk\u00e1rtya\" \/><\/div>\n\t\t\t\t\t<div class=\"wc-block-grid__product-title\">SOLID &#8211; Aj\u00e1nd\u00e9kk\u00e1rtya<\/div>\n\t\t\t\t<\/a>\n\t\t\t\t<div class=\"wc-block-grid__product-price price\"><span class=\"woocommerce-Price-amount amount\">50.000&nbsp;<span class=\"woocommerce-Price-currencySymbol\">&#070;&#116;<\/span><\/span><\/div>\n\t\t\t\t\n\t\t\t\t<div class=\"wp-block-button wc-block-grid__product-add-to-cart\"><a href=\"\/hu\/wp-json\/wp\/v2\/pages\/143?doing_wp_cron=1776189203.2588820457458496093750&#038;add-to-cart=3810\" aria-label=\"Kos\u00e1rba: &ldquo;SOLID - Aj\u00e1nd\u00e9kk\u00e1rtya&rdquo;\" data-quantity=\"1\" data-product_id=\"3810\" data-product_sku=\"\" data-price=\"50000\" rel=\"nofollow\" class=\"wp-block-button__link  add_to_cart_button ajax_add_to_cart\">Kos\u00e1rba teszem<\/a><\/div>\n\t\t\t<\/li><\/ul><\/div><\/div>\r\n<\/div>\r\n\r\n<p>[\/et_pb_text][\/et_pb_column][\/et_pb_row][\/et_pb_section]<\/p>","protected":false},"excerpt":{"rendered":"<p>[et_pb_section][et_pb_row][et_pb_column type=&#8221;4_4&#8243;][et_pb_text] [\/et_pb_text][\/et_pb_column][\/et_pb_row][\/et_pb_section]<\/p>\n","protected":false},"author":2,"featured_media":0,"parent":0,"menu_order":0,"comment_status":"closed","ping_status":"closed","template":"","meta":{"_et_pb_use_builder":"","_et_pb_old_content":"<p>[et_pb_section][et_pb_row][et_pb_column type=\"4_4\"][et_pb_text]<\/p>\r\n<!-- wp:woocommerce\/cart -->\r\n<div class=\"wp-block-woocommerce-cart alignwide is-loading\"><!-- wp:woocommerce\/filled-cart-block -->\r\n<div class=\"wp-block-woocommerce-filled-cart-block\"><!-- wp:woocommerce\/cart-items-block -->\r\n<div class=\"wp-block-woocommerce-cart-items-block\"><!-- wp:woocommerce\/cart-line-items-block -->\r\n<div class=\"wp-block-woocommerce-cart-line-items-block\">\u00a0<\/div>\r\n<!-- \/wp:woocommerce\/cart-line-items-block --><!-- wp:woocommerce\/cart-cross-sells-block -->\r\n<div class=\"wp-block-woocommerce-cart-cross-sells-block\"><!-- wp:heading {\"fontSize\":\"large\"} -->\r\n<h2 class=\"wp-block-heading has-large-font-size\">You may be interested in\u2026<\/h2>\r\n<!-- \/wp:heading --><!-- wp:woocommerce\/cart-cross-sells-products-block -->\r\n<div class=\"wp-block-woocommerce-cart-cross-sells-products-block\">\u00a0<\/div>\r\n<!-- \/wp:woocommerce\/cart-cross-sells-products-block --><\/div>\r\n<!-- \/wp:woocommerce\/cart-cross-sells-block --><\/div>\r\n<!-- \/wp:woocommerce\/cart-items-block --><!-- wp:woocommerce\/cart-totals-block -->\r\n<div class=\"wp-block-woocommerce-cart-totals-block\"><!-- wp:woocommerce\/cart-order-summary-block -->\r\n<div class=\"wp-block-woocommerce-cart-order-summary-block\"><!-- wp:woocommerce\/cart-order-summary-heading-block -->\r\n<div class=\"wp-block-woocommerce-cart-order-summary-heading-block\">\u00a0<\/div>\r\n<!-- \/wp:woocommerce\/cart-order-summary-heading-block --><!-- wp:woocommerce\/cart-order-summary-coupon-form-block -->\r\n<div class=\"wp-block-woocommerce-cart-order-summary-coupon-form-block\">\u00a0<\/div>\r\n<!-- \/wp:woocommerce\/cart-order-summary-coupon-form-block --><!-- wp:woocommerce\/cart-order-summary-subtotal-block -->\r\n<div class=\"wp-block-woocommerce-cart-order-summary-subtotal-block\">\u00a0<\/div>\r\n<!-- \/wp:woocommerce\/cart-order-summary-subtotal-block --><!-- wp:woocommerce\/cart-order-summary-fee-block -->\r\n<div class=\"wp-block-woocommerce-cart-order-summary-fee-block\">\u00a0<\/div>\r\n<!-- \/wp:woocommerce\/cart-order-summary-fee-block --><!-- wp:woocommerce\/cart-order-summary-discount-block -->\r\n<div class=\"wp-block-woocommerce-cart-order-summary-discount-block\">\u00a0<\/div>\r\n<!-- \/wp:woocommerce\/cart-order-summary-discount-block --><!-- wp:woocommerce\/cart-order-summary-shipping-block -->\r\n<div class=\"wp-block-woocommerce-cart-order-summary-shipping-block\">\u00a0<\/div>\r\n<!-- \/wp:woocommerce\/cart-order-summary-shipping-block --><!-- wp:woocommerce\/cart-order-summary-taxes-block -->\r\n<div class=\"wp-block-woocommerce-cart-order-summary-taxes-block\">\u00a0<\/div>\r\n<!-- \/wp:woocommerce\/cart-order-summary-taxes-block --><\/div>\r\n<!-- \/wp:woocommerce\/cart-order-summary-block --><!-- wp:woocommerce\/cart-express-payment-block -->\r\n<div class=\"wp-block-woocommerce-cart-express-payment-block\">\u00a0<\/div>\r\n<!-- \/wp:woocommerce\/cart-express-payment-block --><!-- wp:woocommerce\/proceed-to-checkout-block -->\r\n<div class=\"wp-block-woocommerce-proceed-to-checkout-block\">\u00a0<\/div>\r\n<!-- \/wp:woocommerce\/proceed-to-checkout-block --><!-- wp:woocommerce\/cart-accepted-payment-methods-block -->\r\n<div class=\"wp-block-woocommerce-cart-accepted-payment-methods-block\">\u00a0<\/div>\r\n<!-- \/wp:woocommerce\/cart-accepted-payment-methods-block --><\/div>\r\n<!-- \/wp:woocommerce\/cart-totals-block --><\/div>\r\n<!-- \/wp:woocommerce\/filled-cart-block --><!-- wp:woocommerce\/empty-cart-block -->\r\n<div class=\"wp-block-woocommerce-empty-cart-block\"><!-- wp:heading {\"textAlign\":\"center\",\"className\":\"with-empty-cart-icon wc-block-cart__empty-cart__title\"} -->\r\n<h2 class=\"wp-block-heading has-text-align-center with-empty-cart-icon wc-block-cart__empty-cart__title\">Your cart is currently empty!<\/h2>\r\n<!-- \/wp:heading --><!-- wp:separator {\"className\":\"is-style-dots\"} --><hr class=\"wp-block-separator has-alpha-channel-opacity is-style-dots\" \/><!-- \/wp:separator --><!-- wp:heading {\"textAlign\":\"center\"} -->\r\n<h2 class=\"wp-block-heading has-text-align-center\">New in store<\/h2>\r\n<!-- \/wp:heading --><!-- wp:woocommerce\/product-new {\"columns\":4,\"rows\":1} \/--><\/div>\r\n<!-- \/wp:woocommerce\/empty-cart-block --><\/div>\r\n<!-- \/wp:woocommerce\/cart -->\r\n<p>[\/et_pb_text][\/et_pb_column][\/et_pb_row][\/et_pb_section]<\/p>","_et_gb_content_width":"","footnotes":""},"class_list":["post-143","page","type-page","status-publish","hentry"],"yoast_head":"<!-- This site is optimized with the Yoast SEO Premium plugin v26.9 (Yoast SEO v26.9) - https:\/\/yoast.com\/product\/yoast-seo-premium-wordpress\/ -->\n<title>Kos\u00e1r - SALT Budapest<\/title>\n<meta name=\"robots\" content=\"index, follow, max-snippet:-1, max-image-preview:large, max-video-preview:-1\" \/>\n<link rel=\"canonical\" href=\"https:\/\/saltbudapest.com\/hu\/kosar\/\" \/>\n<meta property=\"og:locale\" content=\"hu_HU\" \/>\n<meta property=\"og:type\" content=\"article\" \/>\n<meta property=\"og:title\" content=\"Kos\u00e1r\" \/>\n<meta property=\"og:description\" content=\"[et_pb_section][et_pb_row][et_pb_column type=&#8221;4_4&#8243;][et_pb_text] [\/et_pb_text][\/et_pb_column][\/et_pb_row][\/et_pb_section]\" \/>\n<meta property=\"og:url\" content=\"https:\/\/saltbudapest.com\/hu\/kosar\/\" \/>\n<meta property=\"og:site_name\" content=\"SALT Budapest\" \/>\n<meta property=\"article:modified_time\" content=\"2026-04-14T17:14:31+00:00\" \/>\n<meta property=\"og:image\" content=\"https:\/\/saltbudapest.com\/wp-content\/uploads\/2024\/01\/social_image_salt.jpg\" \/>\n\t<meta property=\"og:image:width\" content=\"1200\" \/>\n\t<meta property=\"og:image:height\" content=\"630\" \/>\n\t<meta property=\"og:image:type\" content=\"image\/jpeg\" \/>\n<meta name=\"twitter:card\" content=\"summary_large_image\" \/>\n<meta name=\"twitter:label1\" content=\"Becs\u00fclt olvas\u00e1si id\u0151\" \/>\n\t<meta name=\"twitter:data1\" content=\"1 perc\" \/>\n<script type=\"application\/ld+json\" class=\"yoast-schema-graph\">{\"@context\":\"https:\/\/schema.org\",\"@graph\":[{\"@type\":\"WebPage\",\"@id\":\"https:\/\/saltbudapest.com\/hu\/kosar\/\",\"url\":\"https:\/\/saltbudapest.com\/hu\/kosar\/\",\"name\":\"Kos\u00e1r - SALT Budapest\",\"isPartOf\":{\"@id\":\"https:\/\/saltbudapest.com\/hu\/#website\"},\"datePublished\":\"2023-11-30T18:12:05+00:00\",\"dateModified\":\"2026-04-14T17:14:31+00:00\",\"breadcrumb\":{\"@id\":\"https:\/\/saltbudapest.com\/hu\/kosar\/#breadcrumb\"},\"inLanguage\":\"hu\",\"potentialAction\":[{\"@type\":\"ReadAction\",\"target\":[\"https:\/\/saltbudapest.com\/hu\/kosar\/\"]}]},{\"@type\":\"BreadcrumbList\",\"@id\":\"https:\/\/saltbudapest.com\/hu\/kosar\/#breadcrumb\",\"itemListElement\":[{\"@type\":\"ListItem\",\"position\":1,\"name\":\"Home\",\"item\":\"https:\/\/saltbudapest.com\/hu\/\"},{\"@type\":\"ListItem\",\"position\":2,\"name\":\"Kos\u00e1r\"}]},{\"@type\":\"WebSite\",\"@id\":\"https:\/\/saltbudapest.com\/hu\/#website\",\"url\":\"https:\/\/saltbudapest.com\/hu\/\",\"name\":\"SALT Budapest\",\"description\":\"\",\"publisher\":{\"@id\":\"https:\/\/saltbudapest.com\/hu\/#organization\"},\"potentialAction\":[{\"@type\":\"SearchAction\",\"target\":{\"@type\":\"EntryPoint\",\"urlTemplate\":\"https:\/\/saltbudapest.com\/hu\/?s={search_term_string}\"},\"query-input\":{\"@type\":\"PropertyValueSpecification\",\"valueRequired\":true,\"valueName\":\"search_term_string\"}}],\"inLanguage\":\"hu\"},{\"@type\":\"Organization\",\"@id\":\"https:\/\/saltbudapest.com\/hu\/#organization\",\"name\":\"SALT Budapest\",\"url\":\"https:\/\/saltbudapest.com\/hu\/\",\"logo\":{\"@type\":\"ImageObject\",\"inLanguage\":\"hu\",\"@id\":\"https:\/\/saltbudapest.com\/hu\/#\/schema\/logo\/image\/\",\"url\":\"https:\/\/saltbudapest.com\/wp-content\/uploads\/2023\/11\/logo.svg\",\"contentUrl\":\"https:\/\/saltbudapest.com\/wp-content\/uploads\/2023\/11\/logo.svg\",\"width\":1,\"height\":1,\"caption\":\"SALT Budapest\"},\"image\":{\"@id\":\"https:\/\/saltbudapest.com\/hu\/#\/schema\/logo\/image\/\"}}]}<\/script>\n<!-- \/ Yoast SEO Premium plugin. -->","yoast_head_json":{"title":"Kos\u00e1r - SALT Budapest","robots":{"index":"index","follow":"follow","max-snippet":"max-snippet:-1","max-image-preview":"max-image-preview:large","max-video-preview":"max-video-preview:-1"},"canonical":"https:\/\/saltbudapest.com\/hu\/kosar\/","og_locale":"hu_HU","og_type":"article","og_title":"Kos\u00e1r","og_description":"[et_pb_section][et_pb_row][et_pb_column type=&#8221;4_4&#8243;][et_pb_text] [\/et_pb_text][\/et_pb_column][\/et_pb_row][\/et_pb_section]","og_url":"https:\/\/saltbudapest.com\/hu\/kosar\/","og_site_name":"SALT Budapest","article_modified_time":"2026-04-14T17:14:31+00:00","og_image":[{"width":1200,"height":630,"url":"https:\/\/saltbudapest.com\/wp-content\/uploads\/2024\/01\/social_image_salt.jpg","type":"image\/jpeg"}],"twitter_card":"summary_large_image","twitter_misc":{"Becs\u00fclt olvas\u00e1si id\u0151":"1 perc"},"schema":{"@context":"https:\/\/schema.org","@graph":[{"@type":"WebPage","@id":"https:\/\/saltbudapest.com\/hu\/kosar\/","url":"https:\/\/saltbudapest.com\/hu\/kosar\/","name":"Kos\u00e1r - SALT Budapest","isPartOf":{"@id":"https:\/\/saltbudapest.com\/hu\/#website"},"datePublished":"2023-11-30T18:12:05+00:00","dateModified":"2026-04-14T17:14:31+00:00","breadcrumb":{"@id":"https:\/\/saltbudapest.com\/hu\/kosar\/#breadcrumb"},"inLanguage":"hu","potentialAction":[{"@type":"ReadAction","target":["https:\/\/saltbudapest.com\/hu\/kosar\/"]}]},{"@type":"BreadcrumbList","@id":"https:\/\/saltbudapest.com\/hu\/kosar\/#breadcrumb","itemListElement":[{"@type":"ListItem","position":1,"name":"Home","item":"https:\/\/saltbudapest.com\/hu\/"},{"@type":"ListItem","position":2,"name":"Kos\u00e1r"}]},{"@type":"WebSite","@id":"https:\/\/saltbudapest.com\/hu\/#website","url":"https:\/\/saltbudapest.com\/hu\/","name":"SALT Budapest","description":"","publisher":{"@id":"https:\/\/saltbudapest.com\/hu\/#organization"},"potentialAction":[{"@type":"SearchAction","target":{"@type":"EntryPoint","urlTemplate":"https:\/\/saltbudapest.com\/hu\/?s={search_term_string}"},"query-input":{"@type":"PropertyValueSpecification","valueRequired":true,"valueName":"search_term_string"}}],"inLanguage":"hu"},{"@type":"Organization","@id":"https:\/\/saltbudapest.com\/hu\/#organization","name":"SALT Budapest","url":"https:\/\/saltbudapest.com\/hu\/","logo":{"@type":"ImageObject","inLanguage":"hu","@id":"https:\/\/saltbudapest.com\/hu\/#\/schema\/logo\/image\/","url":"https:\/\/saltbudapest.com\/wp-content\/uploads\/2023\/11\/logo.svg","contentUrl":"https:\/\/saltbudapest.com\/wp-content\/uploads\/2023\/11\/logo.svg","width":1,"height":1,"caption":"SALT Budapest"},"image":{"@id":"https:\/\/saltbudapest.com\/hu\/#\/schema\/logo\/image\/"}}]}},"_links":{"self":[{"href":"https:\/\/saltbudapest.com\/hu\/wp-json\/wp\/v2\/pages\/143","targetHints":{"allow":["GET"]}}],"collection":[{"href":"https:\/\/saltbudapest.com\/hu\/wp-json\/wp\/v2\/pages"}],"about":[{"href":"https:\/\/saltbudapest.com\/hu\/wp-json\/wp\/v2\/types\/page"}],"author":[{"embeddable":true,"href":"https:\/\/saltbudapest.com\/hu\/wp-json\/wp\/v2\/users\/2"}],"replies":[{"embeddable":true,"href":"https:\/\/saltbudapest.com\/hu\/wp-json\/wp\/v2\/comments?post=143"}],"version-history":[{"count":3,"href":"https:\/\/saltbudapest.com\/hu\/wp-json\/wp\/v2\/pages\/143\/revisions"}],"predecessor-version":[{"id":5793,"href":"https:\/\/saltbudapest.com\/hu\/wp-json\/wp\/v2\/pages\/143\/revisions\/5793"}],"wp:attachment":[{"href":"https:\/\/saltbudapest.com\/hu\/wp-json\/wp\/v2\/media?parent=143"}],"curies":[{"name":"wp","href":"https:\/\/api.w.org\/{rel}","templated":true}]}}