{"id":3206,"date":"2024-01-31T10:01:15","date_gmt":"2024-01-31T10:01:15","guid":{"rendered":"https:\/\/saltbudapest.com\/?page_id=3206"},"modified":"2025-10-19T18:51:50","modified_gmt":"2025-10-19T18:51:50","slug":"salt-bakery","status":"publish","type":"page","link":"https:\/\/saltbudapest.com\/hu\/salt-bakery\/","title":{"rendered":"Salt Bakery"},"content":{"rendered":"<p>[et_pb_section fb_built=&#8221;1&#8243; _builder_version=&#8221;4.23.1&#8243; _module_preset=&#8221;default&#8221; custom_margin=&#8221;-100px||0px||false|false&#8221; custom_margin_tablet=&#8221;0px||||false|false&#8221; custom_margin_phone=&#8221;0px||||false|false&#8221; custom_margin_last_edited=&#8221;on|tablet&#8221; custom_padding=&#8221;0px||0px||false|false&#8221; global_colors_info=&#8221;{}&#8221;][et_pb_row column_structure=&#8221;3_5,2_5&#8243; make_equal=&#8221;on&#8221; _builder_version=&#8221;4.23.1&#8243; _module_preset=&#8221;default&#8221; background_color=&#8221;#343b36&#8243; width=&#8221;100%&#8221; max_width=&#8221;2560px&#8221; custom_margin=&#8221;0px||0px||false|false&#8221; custom_margin_tablet=&#8221;0px||0px||false|false&#8221; custom_margin_phone=&#8221;0px||0px||false|false&#8221; custom_margin_last_edited=&#8221;on|tablet&#8221; custom_padding=&#8221;50px||0px||false|false&#8221; global_colors_info=&#8221;{}&#8221;][et_pb_column type=&#8221;3_5&#8243; _builder_version=&#8221;4.23.1&#8243; _module_preset=&#8221;default&#8221; background_color=&#8221;RGBA(255,255,255,0)&#8221; custom_padding=&#8221;4%|5%|4%|5%|true|false&#8221; custom_padding_tablet=&#8221;4%|5%|4%|5%|true|false&#8221; custom_padding_phone=&#8221;4%|5%|4%|5%|true|false&#8221; custom_padding_last_edited=&#8221;off|desktop&#8221; global_colors_info=&#8221;{}&#8221;][et_pb_text _builder_version=&#8221;4.23.1&#8243; _module_preset=&#8221;default&#8221; text_font=&#8221;BotanikaMono Bold|||on|||||&#8221; text_text_color=&#8221;#d4c7a5&#8243; text_font_size=&#8221;30px&#8221; header_text_color=&#8221;#d4c7a5&#8243; global_colors_info=&#8221;{}&#8221;]<\/p>\n<h1>SALT BAKERY<\/h1>\n<p>[\/et_pb_text][et_pb_text _builder_version=&#8221;4.27.4&#8243; _module_preset=&#8221;default&#8221; text_text_color=&#8221;#d4c7a5&#8243; hover_enabled=&#8221;0&#8243; global_colors_info=&#8221;{}&#8221; sticky_enabled=&#8221;0&#8243;]<\/p>\n<p>R\u00e9g\u00f3ta tervezt\u00fck, hogy legyen egy p\u00e9ks\u00e9g\u00fcnk, hiszen a Salt Deli ideje \u00f3ta sokszor \u00e9rkezett fel\u00e9nk a k\u00e9rd\u00e9s, hogy van-e lehet\u0151s\u00e9g megv\u00e1s\u00e1rolni a Salt \u00e9s Szil\u00e1rd kov\u00e1szos kenyer\u00e9t. Jelentj\u00fck: most m\u00e1r igen, hiszen van egy p\u00e9ks\u00e9g\u00fcnk. De j\u00f3 ezt le\u00edrni.<\/p>\n<p><strong>Itt tal\u00e1lkozhattok vel\u00fcnk \u00e9s term\u00e9keinkkel:<\/strong><\/p>\n<p><a href=\"https:\/\/shop.saltbudapest.com\/pages\/salt-bakery-tarogato-ut\"><strong>1021 Budapest, T\u00e1rogat\u00f3 \u00fat 68.<\/strong><\/a><\/p>\n<p><strong><a href=\"https:\/\/shop.saltbudapest.com\/pages\/belvarosi-pop-up-uzlet\">1051, Budapest, Zr\u00ednyi utca 9.<\/a><\/strong><\/p>\n<p><a href=\"https:\/\/shop.saltbudapest.com\/pages\/salt-bakery-hattyu-utca\"><strong>1015 Budapest, Hatty\u00fa utca 2.<\/strong><\/a><\/p>\n<p><strong>Telefon:<\/strong><\/p>\n<p>+36 70 330 8318<\/p>\n<p>[\/et_pb_text][et_pb_image src=&#8221;https:\/\/saltbudapest.com\/wp-content\/uploads\/2024\/01\/salt-posts.jpg&#8221; title_text=&#8221;salt posts&#8221; _builder_version=&#8221;4.23.1&#8243; _module_preset=&#8221;default&#8221; global_colors_info=&#8221;{}&#8221;][\/et_pb_image][et_pb_text _builder_version=&#8221;4.24.2&#8243; _module_preset=&#8221;default&#8221; text_text_color=&#8221;#d4c7a5&#8243; global_colors_info=&#8221;{}&#8221;]<\/p>\n<p>A Salt Bakery Szil\u00e1rd szakmai vezet\u00e9s\u00e9vel j\u00f6tt l\u00e9tre, \u00edgy az \u00faj egys\u00e9g term\u00e9szetesen a Salt filoz\u00f3fi\u00e1j\u00e1t k\u00f6veti.<\/p>\n<p>A p\u00e9ks\u00e9g sz\u00fclet\u00e9s\u00e9t els\u0151 perct\u0151l fogva v\u00e9gigk\u00eds\u00e9rte Lefkovics Lea, akit j\u00f3l ismerhettek a Salt cukr\u00e1sz-p\u00e1ly\u00e1r\u00f3l is, most pedig mint General Manager van jelen &#8211; az \u00e1ltala k\u00e9sz\u00edtett Babo Bakes cookie-kat pedig megtal\u00e1lhatj\u00e1tok a Bakery-ben.<\/p>\n<p>Itt k\u00f6vethetitek a SALT BAKERY-t:<\/p>\n<ul>\n<li><a href=\"https:\/\/shop.saltbudapest.com\/\">WEBOLDAL<\/a><\/li>\n<li><a href=\"https:\/\/www.facebook.com\/saltbakerybudapest\">FACEBOOK<\/a><\/li>\n<li><a href=\"https:\/\/www.instagram.com\/saltbakery_budapest\/\">INSTAGRAM<\/a><\/li>\n<\/ul>\n<p>[\/et_pb_text][et_pb_image src=&#8221;https:\/\/saltbudapest.com\/wp-content\/uploads\/2024\/01\/DSC1658-scaled.jpg&#8221; title_text=&#8221;_DSC1658&#8243; disabled_on=&#8221;off|off|on&#8221; _builder_version=&#8221;4.23.1&#8243; _module_preset=&#8221;default&#8221; global_colors_info=&#8221;{}&#8221;][\/et_pb_image][\/et_pb_column][et_pb_column type=&#8221;2_5&#8243; _builder_version=&#8221;4.23.1&#8243; _module_preset=&#8221;default&#8221; global_colors_info=&#8221;{}&#8221;][et_pb_image src=&#8221;https:\/\/saltbudapest.com\/wp-content\/uploads\/2024\/01\/DSC1658-scaled.jpg&#8221; title_text=&#8221;_DSC1658&#8243; disabled_on=&#8221;on|on|off&#8221; _builder_version=&#8221;4.23.1&#8243; _module_preset=&#8221;default&#8221; custom_margin=&#8221;-50px||||false|false&#8221; sticky_position=&#8221;top&#8221; sticky_limit_top=&#8221;section&#8221; sticky_limit_bottom=&#8221;row&#8221; sticky_offset_surrounding=&#8221;off&#8221; motion_trigger_start=&#8221;top&#8221; sticky_position_tablet=&#8221;none&#8221; sticky_position_phone=&#8221;none&#8221; sticky_position_last_edited=&#8221;on|desktop&#8221; global_colors_info=&#8221;{}&#8221;][\/et_pb_image][\/et_pb_column][\/et_pb_row][\/et_pb_section]<\/p>\n","protected":false},"excerpt":{"rendered":"<p>SALT BAKERYR\u00e9g\u00f3ta tervezt\u00fck, hogy legyen egy p\u00e9ks\u00e9g\u00fcnk, hiszen a Salt Deli ideje \u00f3ta sokszor \u00e9rkezett fel\u00e9nk a k\u00e9rd\u00e9s, hogy van-e lehet\u0151s\u00e9g megv\u00e1s\u00e1rolni a Salt \u00e9s Szil\u00e1rd kov\u00e1szos kenyer\u00e9t. Jelentj\u00fck: most m\u00e1r igen, hiszen van egy p\u00e9ks\u00e9g\u00fcnk. De j\u00f3 ezt le\u00edrni. Itt tal\u00e1lkozhattok vel\u00fcnk \u00e9s term\u00e9keinkkel: 1021 Budapest, T\u00e1rogat\u00f3 \u00fat 68. 1051, Budapest, Zr\u00ednyi utca 9. [&hellip;]<\/p>\n","protected":false},"author":5,"featured_media":0,"parent":0,"menu_order":0,"comment_status":"closed","ping_status":"closed","template":"","meta":{"_et_pb_use_builder":"on","_et_pb_old_content":"","_et_gb_content_width":"","footnotes":""},"class_list":["post-3206","page","type-page","status-publish","hentry"],"yoast_head":"<!-- This site is optimized with the Yoast SEO Premium plugin v27.4 (Yoast SEO v27.4) - https:\/\/yoast.com\/product\/yoast-seo-premium-wordpress\/ -->\n<title>Salt Bakery - SALT Budapest<\/title>\n<meta name=\"robots\" content=\"index, follow, max-snippet:-1, max-image-preview:large, max-video-preview:-1\" \/>\n<link rel=\"canonical\" href=\"https:\/\/saltbudapest.com\/hu\/salt-bakery\/\" \/>\n<meta property=\"og:locale\" content=\"hu_HU\" \/>\n<meta property=\"og:type\" content=\"article\" \/>\n<meta property=\"og:title\" content=\"Salt Bakery\" \/>\n<meta property=\"og:description\" content=\"SALT BAKERYR\u00e9g\u00f3ta tervezt\u00fck, hogy legyen egy p\u00e9ks\u00e9g\u00fcnk, hiszen a Salt Deli ideje \u00f3ta sokszor \u00e9rkezett fel\u00e9nk a k\u00e9rd\u00e9s, hogy van-e lehet\u0151s\u00e9g megv\u00e1s\u00e1rolni a Salt \u00e9s Szil\u00e1rd kov\u00e1szos kenyer\u00e9t. Jelentj\u00fck: most m\u00e1r igen, hiszen van egy p\u00e9ks\u00e9g\u00fcnk. De j\u00f3 ezt le\u00edrni. Itt tal\u00e1lkozhattok vel\u00fcnk \u00e9s term\u00e9keinkkel: 1021 Budapest, T\u00e1rogat\u00f3 \u00fat 68. 1051, Budapest, Zr\u00ednyi utca 9. [&hellip;]\" \/>\n<meta property=\"og:url\" content=\"https:\/\/saltbudapest.com\/hu\/salt-bakery\/\" \/>\n<meta property=\"og:site_name\" content=\"SALT Budapest\" \/>\n<meta property=\"article:modified_time\" content=\"2025-10-19T18:51:50+00:00\" \/>\n<meta property=\"og:image\" content=\"https:\/\/saltbudapest.com\/wp-content\/uploads\/2024\/01\/social_image_salt.jpg\" \/>\n\t<meta property=\"og:image:width\" content=\"1200\" \/>\n\t<meta property=\"og:image:height\" content=\"630\" \/>\n\t<meta property=\"og:image:type\" content=\"image\/jpeg\" \/>\n<meta name=\"twitter:card\" content=\"summary_large_image\" \/>\n<meta name=\"twitter:label1\" content=\"Becs\u00fclt olvas\u00e1si id\u0151\" \/>\n\t<meta name=\"twitter:data1\" content=\"2 perc\" \/>\n<script type=\"application\/ld+json\" class=\"yoast-schema-graph\">{\"@context\":\"https:\\\/\\\/schema.org\",\"@graph\":[{\"@type\":\"WebPage\",\"@id\":\"https:\\\/\\\/saltbudapest.com\\\/hu\\\/salt-bakery\\\/\",\"url\":\"https:\\\/\\\/saltbudapest.com\\\/hu\\\/salt-bakery\\\/\",\"name\":\"Salt Bakery - SALT Budapest\",\"isPartOf\":{\"@id\":\"https:\\\/\\\/saltbudapest.com\\\/#website\"},\"datePublished\":\"2024-01-31T10:01:15+00:00\",\"dateModified\":\"2025-10-19T18:51:50+00:00\",\"breadcrumb\":{\"@id\":\"https:\\\/\\\/saltbudapest.com\\\/hu\\\/salt-bakery\\\/#breadcrumb\"},\"inLanguage\":\"hu\",\"potentialAction\":[{\"@type\":\"ReadAction\",\"target\":[\"https:\\\/\\\/saltbudapest.com\\\/hu\\\/salt-bakery\\\/\"]}]},{\"@type\":\"BreadcrumbList\",\"@id\":\"https:\\\/\\\/saltbudapest.com\\\/hu\\\/salt-bakery\\\/#breadcrumb\",\"itemListElement\":[{\"@type\":\"ListItem\",\"position\":1,\"name\":\"Home\",\"item\":\"https:\\\/\\\/saltbudapest.com\\\/hu\\\/\"},{\"@type\":\"ListItem\",\"position\":2,\"name\":\"Salt Bakery\"}]},{\"@type\":\"WebSite\",\"@id\":\"https:\\\/\\\/saltbudapest.com\\\/#website\",\"url\":\"https:\\\/\\\/saltbudapest.com\\\/\",\"name\":\"SALT Budapest\",\"description\":\"\",\"publisher\":{\"@id\":\"https:\\\/\\\/saltbudapest.com\\\/#organization\"},\"potentialAction\":[{\"@type\":\"SearchAction\",\"target\":{\"@type\":\"EntryPoint\",\"urlTemplate\":\"https:\\\/\\\/saltbudapest.com\\\/?s={search_term_string}\"},\"query-input\":{\"@type\":\"PropertyValueSpecification\",\"valueRequired\":true,\"valueName\":\"search_term_string\"}}],\"inLanguage\":\"hu\"},{\"@type\":\"Organization\",\"@id\":\"https:\\\/\\\/saltbudapest.com\\\/#organization\",\"name\":\"SALT Budapest\",\"url\":\"https:\\\/\\\/saltbudapest.com\\\/\",\"logo\":{\"@type\":\"ImageObject\",\"inLanguage\":\"hu\",\"@id\":\"https:\\\/\\\/saltbudapest.com\\\/#\\\/schema\\\/logo\\\/image\\\/\",\"url\":\"https:\\\/\\\/saltbudapest.com\\\/wp-content\\\/uploads\\\/2023\\\/11\\\/logo.svg\",\"contentUrl\":\"https:\\\/\\\/saltbudapest.com\\\/wp-content\\\/uploads\\\/2023\\\/11\\\/logo.svg\",\"width\":1,\"height\":1,\"caption\":\"SALT Budapest\"},\"image\":{\"@id\":\"https:\\\/\\\/saltbudapest.com\\\/#\\\/schema\\\/logo\\\/image\\\/\"}}]}<\/script>\n<!-- \/ Yoast SEO Premium plugin. -->","yoast_head_json":{"title":"Salt Bakery - SALT Budapest","robots":{"index":"index","follow":"follow","max-snippet":"max-snippet:-1","max-image-preview":"max-image-preview:large","max-video-preview":"max-video-preview:-1"},"canonical":"https:\/\/saltbudapest.com\/hu\/salt-bakery\/","og_locale":"hu_HU","og_type":"article","og_title":"Salt Bakery","og_description":"SALT BAKERYR\u00e9g\u00f3ta tervezt\u00fck, hogy legyen egy p\u00e9ks\u00e9g\u00fcnk, hiszen a Salt Deli ideje \u00f3ta sokszor \u00e9rkezett fel\u00e9nk a k\u00e9rd\u00e9s, hogy van-e lehet\u0151s\u00e9g megv\u00e1s\u00e1rolni a Salt \u00e9s Szil\u00e1rd kov\u00e1szos kenyer\u00e9t. Jelentj\u00fck: most m\u00e1r igen, hiszen van egy p\u00e9ks\u00e9g\u00fcnk. De j\u00f3 ezt le\u00edrni. Itt tal\u00e1lkozhattok vel\u00fcnk \u00e9s term\u00e9keinkkel: 1021 Budapest, T\u00e1rogat\u00f3 \u00fat 68. 1051, Budapest, Zr\u00ednyi utca 9. [&hellip;]","og_url":"https:\/\/saltbudapest.com\/hu\/salt-bakery\/","og_site_name":"SALT Budapest","article_modified_time":"2025-10-19T18:51:50+00:00","og_image":[{"width":1200,"height":630,"url":"https:\/\/saltbudapest.com\/wp-content\/uploads\/2024\/01\/social_image_salt.jpg","type":"image\/jpeg"}],"twitter_card":"summary_large_image","twitter_misc":{"Becs\u00fclt olvas\u00e1si id\u0151":"2 perc"},"schema":{"@context":"https:\/\/schema.org","@graph":[{"@type":"WebPage","@id":"https:\/\/saltbudapest.com\/hu\/salt-bakery\/","url":"https:\/\/saltbudapest.com\/hu\/salt-bakery\/","name":"Salt Bakery - SALT Budapest","isPartOf":{"@id":"https:\/\/saltbudapest.com\/#website"},"datePublished":"2024-01-31T10:01:15+00:00","dateModified":"2025-10-19T18:51:50+00:00","breadcrumb":{"@id":"https:\/\/saltbudapest.com\/hu\/salt-bakery\/#breadcrumb"},"inLanguage":"hu","potentialAction":[{"@type":"ReadAction","target":["https:\/\/saltbudapest.com\/hu\/salt-bakery\/"]}]},{"@type":"BreadcrumbList","@id":"https:\/\/saltbudapest.com\/hu\/salt-bakery\/#breadcrumb","itemListElement":[{"@type":"ListItem","position":1,"name":"Home","item":"https:\/\/saltbudapest.com\/hu\/"},{"@type":"ListItem","position":2,"name":"Salt Bakery"}]},{"@type":"WebSite","@id":"https:\/\/saltbudapest.com\/#website","url":"https:\/\/saltbudapest.com\/","name":"SALT Budapest","description":"","publisher":{"@id":"https:\/\/saltbudapest.com\/#organization"},"potentialAction":[{"@type":"SearchAction","target":{"@type":"EntryPoint","urlTemplate":"https:\/\/saltbudapest.com\/?s={search_term_string}"},"query-input":{"@type":"PropertyValueSpecification","valueRequired":true,"valueName":"search_term_string"}}],"inLanguage":"hu"},{"@type":"Organization","@id":"https:\/\/saltbudapest.com\/#organization","name":"SALT Budapest","url":"https:\/\/saltbudapest.com\/","logo":{"@type":"ImageObject","inLanguage":"hu","@id":"https:\/\/saltbudapest.com\/#\/schema\/logo\/image\/","url":"https:\/\/saltbudapest.com\/wp-content\/uploads\/2023\/11\/logo.svg","contentUrl":"https:\/\/saltbudapest.com\/wp-content\/uploads\/2023\/11\/logo.svg","width":1,"height":1,"caption":"SALT Budapest"},"image":{"@id":"https:\/\/saltbudapest.com\/#\/schema\/logo\/image\/"}}]}},"_links":{"self":[{"href":"https:\/\/saltbudapest.com\/hu\/wp-json\/wp\/v2\/pages\/3206","targetHints":{"allow":["GET"]}}],"collection":[{"href":"https:\/\/saltbudapest.com\/hu\/wp-json\/wp\/v2\/pages"}],"about":[{"href":"https:\/\/saltbudapest.com\/hu\/wp-json\/wp\/v2\/types\/page"}],"author":[{"embeddable":true,"href":"https:\/\/saltbudapest.com\/hu\/wp-json\/wp\/v2\/users\/5"}],"replies":[{"embeddable":true,"href":"https:\/\/saltbudapest.com\/hu\/wp-json\/wp\/v2\/comments?post=3206"}],"version-history":[{"count":12,"href":"https:\/\/saltbudapest.com\/hu\/wp-json\/wp\/v2\/pages\/3206\/revisions"}],"predecessor-version":[{"id":4937,"href":"https:\/\/saltbudapest.com\/hu\/wp-json\/wp\/v2\/pages\/3206\/revisions\/4937"}],"wp:attachment":[{"href":"https:\/\/saltbudapest.com\/hu\/wp-json\/wp\/v2\/media?parent=3206"}],"curies":[{"name":"wp","href":"https:\/\/api.w.org\/{rel}","templated":true}]}}