{"id":5521,"date":"2026-03-05T16:36:59","date_gmt":"2026-03-05T16:36:59","guid":{"rendered":"https:\/\/saltbudapest.com\/?page_id=5521"},"modified":"2026-03-05T16:48:37","modified_gmt":"2026-03-05T16:48:37","slug":"berlin-x-budapest","status":"publish","type":"page","link":"https:\/\/saltbudapest.com\/hu\/berlin-x-budapest\/","title":{"rendered":"Berlin x Budapest &#8211; Restaurant Swap"},"content":{"rendered":"<p>[et_pb_section fb_built=&#8221;1&#8243; _builder_version=&#8221;4.23.1&#8243; _module_preset=&#8221;default&#8221; custom_margin=&#8221;-100px||0px||false|false&#8221; custom_margin_tablet=&#8221;0px||||false|false&#8221; custom_margin_phone=&#8221;0px||||false|false&#8221; custom_margin_last_edited=&#8221;on|tablet&#8221; custom_padding=&#8221;0px||0px||false|false&#8221; global_colors_info=&#8221;{}&#8221;][et_pb_row column_structure=&#8221;3_5,2_5&#8243; make_equal=&#8221;on&#8221; _builder_version=&#8221;4.23.1&#8243; _module_preset=&#8221;default&#8221; background_color=&#8221;#343b36&#8243; width=&#8221;100%&#8221; max_width=&#8221;2560px&#8221; custom_margin=&#8221;0px||0px||false|false&#8221; custom_margin_tablet=&#8221;0px||0px||false|false&#8221; custom_margin_phone=&#8221;0px||0px||false|false&#8221; custom_margin_last_edited=&#8221;on|tablet&#8221; custom_padding=&#8221;50px||0px||false|false&#8221; global_colors_info=&#8221;{}&#8221;][et_pb_column type=&#8221;3_5&#8243; _builder_version=&#8221;4.23.1&#8243; _module_preset=&#8221;default&#8221; background_color=&#8221;RGBA(255,255,255,0)&#8221; custom_padding=&#8221;4%|5%|4%|5%|true|true&#8221; custom_padding_tablet=&#8221;|5%|||true|false&#8221; custom_padding_phone=&#8221;|5%|||true|false&#8221; custom_padding_last_edited=&#8221;off|desktop&#8221; global_colors_info=&#8221;{}&#8221;][et_pb_text _builder_version=&#8221;4.27.5&#8243; _module_preset=&#8221;default&#8221; text_font=&#8221;BotanikaMono Bold|||on|||||&#8221; text_text_color=&#8221;#d4c7a5&#8243; text_font_size=&#8221;30px&#8221; header_text_color=&#8221;#d4c7a5&#8243; global_colors_info=&#8221;{}&#8221;]<\/p>\n<h1>BERLIN X BUDAPEST &#8211; RESTAURANT SWAP<\/h1>\n<p>[\/et_pb_text][et_pb_image src=&#8221;https:\/\/saltbudapest.com\/wp-content\/uploads\/2026\/03\/6.png&#8221; title_text=&#8221;6&#8243; _builder_version=&#8221;4.27.5&#8243; _module_preset=&#8221;default&#8221; global_colors_info=&#8221;{}&#8221;][\/et_pb_image][et_pb_text _builder_version=&#8221;4.23.1&#8243; _module_preset=&#8221;default&#8221; text_text_color=&#8221;#d4c7a5&#8243; custom_padding=&#8221;||0px|||&#8221; global_colors_info=&#8221;{}&#8221;]<\/p>\n<p><strong>\u00c9ttermet cser\u00e9l\u00fcnk a Restaurant Horv\u00e1th csapat\u00e1val egy h\u00e9tre!<\/strong><\/p>\n<p><span>\u00c1prilis 15. \u00e9s 19. k\u00f6z\u00f6tt a Horv\u00e1th csapata \u00e1tveszi a Salt ir\u00e1ny\u00edt\u00e1s\u00e1t Budapesten, mi pedig Berlinbe helyezz\u00fck \u00e1t a sz\u00e9khely\u00fcnket, hogy a konyh\u00e1jukon f\u0151zz\u00fcnk.<\/span><\/p>\n<p><span>Ebb\u0151l az alkalomb\u00f3l mindk\u00e9t csapat saj\u00e1t men\u00fcvel \u00e9rkezik &#8211; a helysz\u00ednre tervezett \u00e9telekkel, \u00e9s signature fog\u00e1sokkal. Az \u00e9telsorok Budapesten \u00e9s Berliben is csak ezen a h\u00e9ten lesznek el\u00e9rhet\u0151ek.<\/span><\/p>\n<p><span>Szil\u00e1rd \u00e9s a csapat Salt r\u00e9szr\u0151l egy a Mangalica k\u00f6r\u00e9 \u00e9p\u00edtett men\u00fcvel k\u00e9sz\u00fcl, hiszen ez az alapanyag fontos eleme a magyar konyh\u00e1nak, \u00e9s a Salt t\u00f6rt\u00e9net\u00e9ben is mindig jelen volt. Emellett pedig olyan v\u00e9djegynek sz\u00e1m\u00edt\u00f3 \u00e9teleket visznek Kreuzbergbe, mint a &#8216;zs\u00edros deszka&#8217;, a &#8216;gy\u00f3gyn\u00f6v\u00e9nycsokor&#8217;, vagy a m\u00e9lt\u00e1n h\u00edres \u00e9s n\u00e9pszer\u0171 &#8216;keny\u00e9rfog\u00e1s&#8217;.<\/span><\/p>\n<p><span><\/span><\/p>\n<p><strong>A Salt aj\u00e1nlata Berlinben:<\/strong><span style=\"font-size: 16px;\"><\/span><\/p>\n<p class=\"cvGsUA direction-ltr align-start para-style-body\"><span class=\"a_GcMg font-feature-liga-off font-feature-clig-off font-feature-calt-off text-decoration-none text-strikethrough-none\">K\u00f3stol\u00f3men\u00fc &#8211; 185 EUR<\/span><\/p>\n<p class=\"cvGsUA direction-ltr align-start para-style-body\"><span class=\"a_GcMg font-feature-liga-off font-feature-clig-off font-feature-calt-off text-decoration-none text-strikethrough-none\">Borp\u00e1ros\u00edt\u00e1s &#8211; 130 EUR<\/span><\/p>\n<p class=\"cvGsUA direction-ltr align-start para-style-body\"><span class=\"a_GcMg font-feature-liga-off font-feature-clig-off font-feature-calt-off text-decoration-none text-strikethrough-none\">Alkoholmentes italp\u00e1ros\u00edt\u00e1s &#8211; 90 EUR<\/span><\/p>\n<p><span style=\"font-size: 16px;\"><\/span><\/p>\n<p><span style=\"font-size: 16px;\">Vacsor\u00e1ra \u00e9s eb\u00e9dre is tudtok foglalni, mindk\u00e9t \u00e9tterem eset\u00e9ben.<\/span><\/p>\n<p><strong>Ha a Salt berlini men\u00fcj\u00e9re szeretn\u00e9l asztalt, a foglal\u00e1si rendszer\u00fcnk\u00f6n kereszt\u00fcl biztos\u00edthatod azt \u00fagy, hogy kiv\u00e1lasztod a megfelel\u0151 d\u00e1tumot, \u00e9s a rendszer egyb\u0151l a megfelel\u0151 helyre visz majd. A Restaurant Horv\u00e1th budapesti men\u00fcj\u00e9re pedig n\u00e1luk foglalhatsz az al\u00e1bbi linken, ahol tov\u00e1bbi r\u00e9szleteket is megtudhatsz arr\u00f3l, mivel k\u00e9sz\u00fclnek.<\/strong><\/p>\n<p><span><\/span><\/p>\n<p>[\/et_pb_text][et_pb_button button_url=&#8221;https:\/\/book.dinnerbooking.com\/hu\/en-US\/book\/index\/2210\/2?_ga=2.78458836.1764791948.1772728481-407752849.1772728481&#038;_gl=1*1aokla1*_ga*ODY1NDcwMjM3LjE2NzUyNjkwMzE.*_ga_JMV5YS6E5P*czE3NzI3MjgzNDQkbzE0OCRnMCR0MTc3MjcyODQ4MCRqNjAkbDAkaDA.*_gcl_au*MTg3MzMzNjQzMi4xNzY5MDE1NDk2&#8243; url_new_window=&#8221;on&#8221; button_text=&#8221;ASZTALFOGLAL\u00c1S &#8211; A SALT BERLINBEN&#8221; button_alignment_tablet=&#8221;right&#8221; button_alignment_phone=&#8221;left&#8221; button_alignment_last_edited=&#8221;on|phone&#8221; _builder_version=&#8221;4.27.5&#8243; _module_preset=&#8221;default&#8221; custom_button=&#8221;on&#8221; button_text_size=&#8221;20px&#8221; button_text_color=&#8221;#343b36&#8243; button_bg_color=&#8221;#d4c7a5&#8243; button_border_color=&#8221;#d4c7a5&#8243; button_font=&#8221;BotanikaMono Bold||||||||&#8221; custom_margin=&#8221;||||false|false&#8221; custom_margin_tablet=&#8221;-4em||||false|false&#8221; custom_margin_phone=&#8221;0em||||false|false&#8221; custom_margin_last_edited=&#8221;on|phone&#8221; global_colors_info=&#8221;{}&#8221;][\/et_pb_button][et_pb_button button_url=&#8221;https:\/\/www.opentable.com\/booking\/experiences-availability?rid=14250&#038;restref=14250&#038;experienceId=653009&#038;utm_source=external&#038;utm_medium=referral&#038;utm_campaign=shared&#8221; url_new_window=&#8221;on&#8221; button_text=&#8221;ASZTALFOGLAL\u00c1S &#8211; A RESTAURANT HORV\u00c1TH BUDAPESTEN&#8221; button_alignment_tablet=&#8221;right&#8221; button_alignment_phone=&#8221;left&#8221; button_alignment_last_edited=&#8221;on|phone&#8221; _builder_version=&#8221;4.27.5&#8243; _module_preset=&#8221;default&#8221; custom_button=&#8221;on&#8221; button_text_size=&#8221;20px&#8221; button_text_color=&#8221;#343b36&#8243; button_bg_color=&#8221;#d4c7a5&#8243; button_border_color=&#8221;#d4c7a5&#8243; button_font=&#8221;BotanikaMono Bold||||||||&#8221; custom_margin=&#8221;||||false|false&#8221; custom_margin_tablet=&#8221;-4em||||false|false&#8221; custom_margin_phone=&#8221;0em||||false|false&#8221; custom_margin_last_edited=&#8221;on|phone&#8221; global_colors_info=&#8221;{}&#8221;][\/et_pb_button][et_pb_image src=&#8221;https:\/\/saltbudapest.com\/wp-content\/uploads\/2023\/12\/DSC_2892.jpg&#8221; title_text=&#8221;DSC_2892&#8243; disabled_on=&#8221;off|off|on&#8221; _builder_version=&#8221;4.23.1&#8243; _module_preset=&#8221;default&#8221; global_colors_info=&#8221;{}&#8221;][\/et_pb_image][\/et_pb_column][et_pb_column type=&#8221;2_5&#8243; _builder_version=&#8221;4.23.1&#8243; _module_preset=&#8221;default&#8221; global_colors_info=&#8221;{}&#8221;][et_pb_image src=&#8221;https:\/\/saltbudapest.com\/wp-content\/uploads\/2023\/12\/DSC_2892.jpg&#8221; title_text=&#8221;DSC_2892&#8243; disabled_on=&#8221;on|on|off&#8221; _builder_version=&#8221;4.23.1&#8243; _module_preset=&#8221;default&#8221; custom_margin=&#8221;-50px||||false|false&#8221; sticky_position=&#8221;top&#8221; sticky_limit_top=&#8221;section&#8221; sticky_limit_bottom=&#8221;row&#8221; sticky_offset_surrounding=&#8221;off&#8221; motion_trigger_start=&#8221;top&#8221; sticky_position_tablet=&#8221;none&#8221; sticky_position_phone=&#8221;none&#8221; sticky_position_last_edited=&#8221;on|desktop&#8221; global_colors_info=&#8221;{}&#8221;][\/et_pb_image][\/et_pb_column][\/et_pb_row][\/et_pb_section]<\/p>\n","protected":false},"excerpt":{"rendered":"<p>BERLIN X BUDAPEST &#8211; RESTAURANT SWAP\u00c9ttermet cser\u00e9l\u00fcnk a Restaurant Horv\u00e1th csapat\u00e1val egy h\u00e9tre! \u00c1prilis 15. \u00e9s 19. k\u00f6z\u00f6tt a Horv\u00e1th csapata \u00e1tveszi a Salt ir\u00e1ny\u00edt\u00e1s\u00e1t Budapesten, mi pedig Berlinbe helyezz\u00fck \u00e1t a sz\u00e9khely\u00fcnket, hogy a konyh\u00e1jukon f\u0151zz\u00fcnk. Ebb\u0151l az alkalomb\u00f3l mindk\u00e9t csapat saj\u00e1t men\u00fcvel \u00e9rkezik &#8211; a helysz\u00ednre tervezett \u00e9telekkel, \u00e9s signature fog\u00e1sokkal. Az \u00e9telsorok [&hellip;]<\/p>\n","protected":false},"author":1,"featured_media":0,"parent":0,"menu_order":0,"comment_status":"closed","ping_status":"closed","template":"","meta":{"_et_pb_use_builder":"on","_et_pb_old_content":"","_et_gb_content_width":"","footnotes":""},"class_list":["post-5521","page","type-page","status-publish","hentry"],"yoast_head":"<!-- This site is optimized with the Yoast SEO Premium plugin v26.9 (Yoast SEO v26.9) - https:\/\/yoast.com\/product\/yoast-seo-premium-wordpress\/ -->\n<title>Berlin x Budapest - Restaurant Swap - SALT Budapest<\/title>\n<meta name=\"robots\" content=\"index, follow, max-snippet:-1, max-image-preview:large, max-video-preview:-1\" \/>\n<link rel=\"canonical\" href=\"https:\/\/saltbudapest.com\/hu\/berlin-x-budapest\/\" \/>\n<meta property=\"og:locale\" content=\"hu_HU\" \/>\n<meta property=\"og:type\" content=\"article\" \/>\n<meta property=\"og:title\" content=\"Berlin x Budapest - Restaurant Swap\" \/>\n<meta property=\"og:description\" content=\"BERLIN X BUDAPEST - RESTAURANT SWAP\u00c9ttermet cser\u00e9l\u00fcnk a Restaurant Horv\u00e1th csapat\u00e1val egy h\u00e9tre! \u00c1prilis 15. \u00e9s 19. k\u00f6z\u00f6tt a Horv\u00e1th csapata \u00e1tveszi a Salt ir\u00e1ny\u00edt\u00e1s\u00e1t Budapesten, mi pedig Berlinbe helyezz\u00fck \u00e1t a sz\u00e9khely\u00fcnket, hogy a konyh\u00e1jukon f\u0151zz\u00fcnk. Ebb\u0151l az alkalomb\u00f3l mindk\u00e9t csapat saj\u00e1t men\u00fcvel \u00e9rkezik - a helysz\u00ednre tervezett \u00e9telekkel, \u00e9s signature fog\u00e1sokkal. Az \u00e9telsorok [&hellip;]\" \/>\n<meta property=\"og:url\" content=\"https:\/\/saltbudapest.com\/hu\/berlin-x-budapest\/\" \/>\n<meta property=\"og:site_name\" content=\"SALT Budapest\" \/>\n<meta property=\"article:modified_time\" content=\"2026-03-05T16:48:37+00:00\" \/>\n<meta property=\"og:image\" content=\"https:\/\/saltbudapest.com\/wp-content\/uploads\/2024\/01\/social_image_salt.jpg\" \/>\n\t<meta property=\"og:image:width\" content=\"1200\" \/>\n\t<meta property=\"og:image:height\" content=\"630\" \/>\n\t<meta property=\"og:image:type\" content=\"image\/jpeg\" \/>\n<meta name=\"twitter:card\" content=\"summary_large_image\" \/>\n<meta name=\"twitter:label1\" content=\"Becs\u00fclt olvas\u00e1si id\u0151\" \/>\n\t<meta name=\"twitter:data1\" content=\"2 perc\" \/>\n<script type=\"application\/ld+json\" class=\"yoast-schema-graph\">{\"@context\":\"https:\/\/schema.org\",\"@graph\":[{\"@type\":\"WebPage\",\"@id\":\"https:\/\/saltbudapest.com\/hu\/berlin-x-budapest\/\",\"url\":\"https:\/\/saltbudapest.com\/hu\/berlin-x-budapest\/\",\"name\":\"Berlin x Budapest - Restaurant Swap - SALT Budapest\",\"isPartOf\":{\"@id\":\"https:\/\/saltbudapest.com\/hu\/#website\"},\"datePublished\":\"2026-03-05T16:36:59+00:00\",\"dateModified\":\"2026-03-05T16:48:37+00:00\",\"breadcrumb\":{\"@id\":\"https:\/\/saltbudapest.com\/hu\/berlin-x-budapest\/#breadcrumb\"},\"inLanguage\":\"hu\",\"potentialAction\":[{\"@type\":\"ReadAction\",\"target\":[\"https:\/\/saltbudapest.com\/hu\/berlin-x-budapest\/\"]}]},{\"@type\":\"BreadcrumbList\",\"@id\":\"https:\/\/saltbudapest.com\/hu\/berlin-x-budapest\/#breadcrumb\",\"itemListElement\":[{\"@type\":\"ListItem\",\"position\":1,\"name\":\"Home\",\"item\":\"https:\/\/saltbudapest.com\/hu\/\"},{\"@type\":\"ListItem\",\"position\":2,\"name\":\"Berlin x Budapest &#8211; Restaurant Swap\"}]},{\"@type\":\"WebSite\",\"@id\":\"https:\/\/saltbudapest.com\/hu\/#website\",\"url\":\"https:\/\/saltbudapest.com\/hu\/\",\"name\":\"SALT Budapest\",\"description\":\"\",\"publisher\":{\"@id\":\"https:\/\/saltbudapest.com\/hu\/#organization\"},\"potentialAction\":[{\"@type\":\"SearchAction\",\"target\":{\"@type\":\"EntryPoint\",\"urlTemplate\":\"https:\/\/saltbudapest.com\/hu\/?s={search_term_string}\"},\"query-input\":{\"@type\":\"PropertyValueSpecification\",\"valueRequired\":true,\"valueName\":\"search_term_string\"}}],\"inLanguage\":\"hu\"},{\"@type\":\"Organization\",\"@id\":\"https:\/\/saltbudapest.com\/hu\/#organization\",\"name\":\"SALT Budapest\",\"url\":\"https:\/\/saltbudapest.com\/hu\/\",\"logo\":{\"@type\":\"ImageObject\",\"inLanguage\":\"hu\",\"@id\":\"https:\/\/saltbudapest.com\/hu\/#\/schema\/logo\/image\/\",\"url\":\"https:\/\/saltbudapest.com\/wp-content\/uploads\/2023\/11\/logo.svg\",\"contentUrl\":\"https:\/\/saltbudapest.com\/wp-content\/uploads\/2023\/11\/logo.svg\",\"width\":1,\"height\":1,\"caption\":\"SALT Budapest\"},\"image\":{\"@id\":\"https:\/\/saltbudapest.com\/hu\/#\/schema\/logo\/image\/\"}}]}<\/script>\n<!-- \/ Yoast SEO Premium plugin. -->","yoast_head_json":{"title":"Berlin x Budapest - Restaurant Swap - SALT Budapest","robots":{"index":"index","follow":"follow","max-snippet":"max-snippet:-1","max-image-preview":"max-image-preview:large","max-video-preview":"max-video-preview:-1"},"canonical":"https:\/\/saltbudapest.com\/hu\/berlin-x-budapest\/","og_locale":"hu_HU","og_type":"article","og_title":"Berlin x Budapest - Restaurant Swap","og_description":"BERLIN X BUDAPEST - RESTAURANT SWAP\u00c9ttermet cser\u00e9l\u00fcnk a Restaurant Horv\u00e1th csapat\u00e1val egy h\u00e9tre! \u00c1prilis 15. \u00e9s 19. k\u00f6z\u00f6tt a Horv\u00e1th csapata \u00e1tveszi a Salt ir\u00e1ny\u00edt\u00e1s\u00e1t Budapesten, mi pedig Berlinbe helyezz\u00fck \u00e1t a sz\u00e9khely\u00fcnket, hogy a konyh\u00e1jukon f\u0151zz\u00fcnk. Ebb\u0151l az alkalomb\u00f3l mindk\u00e9t csapat saj\u00e1t men\u00fcvel \u00e9rkezik - a helysz\u00ednre tervezett \u00e9telekkel, \u00e9s signature fog\u00e1sokkal. Az \u00e9telsorok [&hellip;]","og_url":"https:\/\/saltbudapest.com\/hu\/berlin-x-budapest\/","og_site_name":"SALT Budapest","article_modified_time":"2026-03-05T16:48:37+00:00","og_image":[{"width":1200,"height":630,"url":"https:\/\/saltbudapest.com\/wp-content\/uploads\/2024\/01\/social_image_salt.jpg","type":"image\/jpeg"}],"twitter_card":"summary_large_image","twitter_misc":{"Becs\u00fclt olvas\u00e1si id\u0151":"2 perc"},"schema":{"@context":"https:\/\/schema.org","@graph":[{"@type":"WebPage","@id":"https:\/\/saltbudapest.com\/hu\/berlin-x-budapest\/","url":"https:\/\/saltbudapest.com\/hu\/berlin-x-budapest\/","name":"Berlin x Budapest - Restaurant Swap - SALT Budapest","isPartOf":{"@id":"https:\/\/saltbudapest.com\/hu\/#website"},"datePublished":"2026-03-05T16:36:59+00:00","dateModified":"2026-03-05T16:48:37+00:00","breadcrumb":{"@id":"https:\/\/saltbudapest.com\/hu\/berlin-x-budapest\/#breadcrumb"},"inLanguage":"hu","potentialAction":[{"@type":"ReadAction","target":["https:\/\/saltbudapest.com\/hu\/berlin-x-budapest\/"]}]},{"@type":"BreadcrumbList","@id":"https:\/\/saltbudapest.com\/hu\/berlin-x-budapest\/#breadcrumb","itemListElement":[{"@type":"ListItem","position":1,"name":"Home","item":"https:\/\/saltbudapest.com\/hu\/"},{"@type":"ListItem","position":2,"name":"Berlin x Budapest &#8211; Restaurant Swap"}]},{"@type":"WebSite","@id":"https:\/\/saltbudapest.com\/hu\/#website","url":"https:\/\/saltbudapest.com\/hu\/","name":"SALT Budapest","description":"","publisher":{"@id":"https:\/\/saltbudapest.com\/hu\/#organization"},"potentialAction":[{"@type":"SearchAction","target":{"@type":"EntryPoint","urlTemplate":"https:\/\/saltbudapest.com\/hu\/?s={search_term_string}"},"query-input":{"@type":"PropertyValueSpecification","valueRequired":true,"valueName":"search_term_string"}}],"inLanguage":"hu"},{"@type":"Organization","@id":"https:\/\/saltbudapest.com\/hu\/#organization","name":"SALT Budapest","url":"https:\/\/saltbudapest.com\/hu\/","logo":{"@type":"ImageObject","inLanguage":"hu","@id":"https:\/\/saltbudapest.com\/hu\/#\/schema\/logo\/image\/","url":"https:\/\/saltbudapest.com\/wp-content\/uploads\/2023\/11\/logo.svg","contentUrl":"https:\/\/saltbudapest.com\/wp-content\/uploads\/2023\/11\/logo.svg","width":1,"height":1,"caption":"SALT Budapest"},"image":{"@id":"https:\/\/saltbudapest.com\/hu\/#\/schema\/logo\/image\/"}}]}},"_links":{"self":[{"href":"https:\/\/saltbudapest.com\/hu\/wp-json\/wp\/v2\/pages\/5521","targetHints":{"allow":["GET"]}}],"collection":[{"href":"https:\/\/saltbudapest.com\/hu\/wp-json\/wp\/v2\/pages"}],"about":[{"href":"https:\/\/saltbudapest.com\/hu\/wp-json\/wp\/v2\/types\/page"}],"author":[{"embeddable":true,"href":"https:\/\/saltbudapest.com\/hu\/wp-json\/wp\/v2\/users\/1"}],"replies":[{"embeddable":true,"href":"https:\/\/saltbudapest.com\/hu\/wp-json\/wp\/v2\/comments?post=5521"}],"version-history":[{"count":13,"href":"https:\/\/saltbudapest.com\/hu\/wp-json\/wp\/v2\/pages\/5521\/revisions"}],"predecessor-version":[{"id":5555,"href":"https:\/\/saltbudapest.com\/hu\/wp-json\/wp\/v2\/pages\/5521\/revisions\/5555"}],"wp:attachment":[{"href":"https:\/\/saltbudapest.com\/hu\/wp-json\/wp\/v2\/media?parent=5521"}],"curies":[{"name":"wp","href":"https:\/\/api.w.org\/{rel}","templated":true}]}}