{"id":734,"date":"2023-12-04T14:06:54","date_gmt":"2023-12-04T14:06:54","guid":{"rendered":"https:\/\/saltbudapest.com\/our-house\/"},"modified":"2024-01-03T12:12:39","modified_gmt":"2024-01-03T12:12:39","slug":"a-mi-hazunk","status":"publish","type":"page","link":"https:\/\/saltbudapest.com\/hu\/a-mi-hazunk\/","title":{"rendered":"A mi h\u00e1zunk"},"content":{"rendered":"<p>[et_pb_section fb_built=&#8221;1&#8243; _builder_version=&#8221;4.23.1&#8243; _module_preset=&#8221;default&#8221; custom_margin=&#8221;-100px||0px||false|false&#8221; custom_margin_tablet=&#8221;0px||||false|false&#8221; custom_margin_phone=&#8221;0px||||false|false&#8221; custom_margin_last_edited=&#8221;on|tablet&#8221; custom_padding=&#8221;0px||0px||false|false&#8221; global_colors_info=&#8221;{}&#8221;][et_pb_row column_structure=&#8221;3_5,2_5&#8243; make_equal=&#8221;on&#8221; _builder_version=&#8221;4.23.1&#8243; _module_preset=&#8221;default&#8221; background_color=&#8221;#343b36&#8243; width=&#8221;100%&#8221; max_width=&#8221;2560px&#8221; custom_margin=&#8221;0px||0px||false|false&#8221; custom_margin_tablet=&#8221;0px||0px||false|false&#8221; custom_margin_phone=&#8221;0px||0px||false|false&#8221; custom_margin_last_edited=&#8221;on|tablet&#8221; custom_padding=&#8221;50px||0px||false|false&#8221; global_colors_info=&#8221;{}&#8221;][et_pb_column type=&#8221;3_5&#8243; _builder_version=&#8221;4.23.1&#8243; _module_preset=&#8221;default&#8221; background_color=&#8221;RGBA(255,255,255,0)&#8221; custom_padding=&#8221;4%|0%|4%|5%|true|false&#8221; custom_padding_tablet=&#8221;|5%|||true|false&#8221; custom_padding_phone=&#8221;|5%|||true|false&#8221; custom_padding_last_edited=&#8221;on|phone&#8221; global_colors_info=&#8221;{}&#8221;][et_pb_text _builder_version=&#8221;4.23.1&#8243; _module_preset=&#8221;default&#8221; text_font=&#8221;BotanikaMono Bold|||on|||||&#8221; text_text_color=&#8221;#d4c7a5&#8243; text_font_size=&#8221;30px&#8221; header_text_color=&#8221;#d4c7a5&#8243; global_colors_info=&#8221;{}&#8221;]<\/p>\n<h1>A MI H\u00c1ZUNK<\/h1>\n<p>[\/et_pb_text][et_pb_text disabled_on=&#8221;on|off|off&#8221; _builder_version=&#8221;4.23.1&#8243; _module_preset=&#8221;default&#8221; text_text_color=&#8221;#d4c7a5&#8243; global_colors_info=&#8221;{}&#8221;]<img decoding=\"async\" class=\"wp-image-287 alignnone-size-medium\" style=\"float: right;\" src=\"https:\/\/saltbudapest.com\/wp-content\/uploads\/2023\/12\/0bd56a3f-f905-456e-95f8-f52f268e8b7c.png\" alt=\"\" width=\"346\" height=\"550\" srcset=\"https:\/\/saltbudapest.com\/wp-content\/uploads\/2023\/12\/0bd56a3f-f905-456e-95f8-f52f268e8b7c-1280x2034.png 1280w, https:\/\/saltbudapest.com\/wp-content\/uploads\/2023\/12\/0bd56a3f-f905-456e-95f8-f52f268e8b7c-980x1557.png 980w, https:\/\/saltbudapest.com\/wp-content\/uploads\/2023\/12\/0bd56a3f-f905-456e-95f8-f52f268e8b7c-480x763.png 480w\" sizes=\"(min-width: 0px) and (max-width: 480px) 480px, (min-width: 481px) and (max-width: 980px) 980px, (min-width: 981px) and (max-width: 1280px) 1280px, 100vw\" \/>A HOTEL RUM Budapest egyik legszebb diz\u00e1jn hotele, amely igyekszik minden modern v\u00e1rosi utaz\u00f3 ig\u00e9nyeinek megfelelni. T\u00f6k\u00e9letes azoknak, akik egy hangulatos, st\u00edlusos, \u00e9lettel teli butik hotelt keresnek a Budapest t\u00f6rt\u00e9nelmi-kultur\u00e1lis belv\u00e1ros\u00e1ban.<\/p>\n<p>A sz\u00e1llod\u00e1nkban l\u00e9v\u0151 40 szoba mind egyedi st\u00edlust k\u00e9pvisel, amir\u0151l magyar tervez\u0151ink \u00e9s \u00e9p\u00edt\u00e9szeink gondoskodtak, figyelembe v\u00e9ve az autentikus magyar \u00e9s a kort\u00e1rs m\u0171v\u00e9szetek elemeit.<\/p>\n<p>Az \u00e9p\u00fcletben hetedik emelet\u00e9n kapott helyet a SOLID \u00e9tterem \u00e9s wine bar, ami a SALT kistestv\u00e9re. Minden nap reggelivel, h\u00e9tv\u00e9genk\u00e9nt brunch-csal, keddt\u0151l szombatig pedig vacsoraid\u0151ben is v\u00e1rja vend\u00e9geit a v\u00e1ros felett.<\/p>\n<p>Szint\u00e9n a h\u00e1zban tal\u00e1lhat\u00f3 A SALT BUDAPEST fine dining \u00e9tterem. A koncepci\u00f3ja a tradicion\u00e1lis magyar konyha alapjain nyugszik Az \u00e9telekben k\u00f6zponti szerepet j\u00e1tszanak a gy\u00f3gy- \u00e9s vadn\u00f6v\u00e9nyek, melyek t\u00f6bbs\u00e9g\u00e9t az \u00e9tterem csapata k\u00f6z\u00f6sen gy\u0171jti. A deguszt\u00e1ci\u00f3s men\u00fcben helyet kap a szatm\u00e1ri r\u00e9gi\u00f3b\u00f3l a s\u00e9f csal\u00e1dj\u00e1nak kiv\u00e1l\u00f3 min\u0151s\u00e9g\u0171 sonk\u00e1ja \u00e9s szalonn\u00e1ja, ahogy a magyar \u00e9tkez\u00e9si kult\u00fara fontos alap\u00e9tele, a n\u00e1lunk k\u00e9sz\u00fcl\u0151 keny\u00e9r is. A SALT minden h\u00e9ten szerd\u00e1t\u00f3l szombatig, este 6 \u00f3r\u00e1t\u00f3l 11 \u00f3r\u00e1ig v\u00e1rja vend\u00e9geit. Foglal\u00e1s sz\u00fcks\u00e9ges.[\/et_pb_text][et_pb_text disabled_on=&#8221;off|on|on&#8221; _builder_version=&#8221;4.23.1&#8243; _module_preset=&#8221;default&#8221; text_text_color=&#8221;#d4c7a5&#8243; global_colors_info=&#8221;{}&#8221;]A HOTEL RUM Budapest egyik legszebb diz\u00e1jn hotele, amely igyekszik minden modern v\u00e1rosi utaz\u00f3 ig\u00e9nyeinek megfelelni. T\u00f6k\u00e9letes azoknak, akik egy hangulatos, st\u00edlusos, \u00e9lettel teli butik hotelt keresnek a Budapest t\u00f6rt\u00e9nelmi-kultur\u00e1lis belv\u00e1ros\u00e1ban.<\/p>\n<p>A sz\u00e1llod\u00e1nkban l\u00e9v\u0151 40 szoba mind egyedi st\u00edlust k\u00e9pvisel, amir\u0151l magyar tervez\u0151ink \u00e9s \u00e9p\u00edt\u00e9szeink gondoskodtak, figyelembe v\u00e9ve az autentikus magyar \u00e9s a kort\u00e1rs m\u0171v\u00e9szetek elemeit.<\/p>\n<p>Az \u00e9p\u00fcletben hetedik emelet\u00e9n kapott helyet a SOLID \u00e9tterem \u00e9s wine bar, ami a SALT kistestv\u00e9re. Minden nap reggelivel, h\u00e9tv\u00e9genk\u00e9nt brunch-csal, keddt\u0151l szombatig pedig vacsoraid\u0151ben is v\u00e1rja vend\u00e9geit a v\u00e1ros felett.<\/p>\n<p>Szint\u00e9n a h\u00e1zban tal\u00e1lhat\u00f3 A SALT BUDAPEST fine dining \u00e9tterem. A koncepci\u00f3ja a tradicion\u00e1lis magyar konyha alapjain nyugszik Az \u00e9telekben k\u00f6zponti szerepet j\u00e1tszanak a gy\u00f3gy- \u00e9s vadn\u00f6v\u00e9nyek, melyek t\u00f6bbs\u00e9g\u00e9t az \u00e9tterem csapata k\u00f6z\u00f6sen gy\u0171jti. A deguszt\u00e1ci\u00f3s men\u00fcben helyet kap a szatm\u00e1ri r\u00e9gi\u00f3b\u00f3l a s\u00e9f csal\u00e1dj\u00e1nak kiv\u00e1l\u00f3 min\u0151s\u00e9g\u0171 sonk\u00e1ja \u00e9s szalonn\u00e1ja, ahogy a magyar \u00e9tkez\u00e9si kult\u00fara fontos alap\u00e9tele, a n\u00e1lunk k\u00e9sz\u00fcl\u0151 keny\u00e9r is. A SALT minden h\u00e9ten szerd\u00e1t\u00f3l szombatig, este 6 \u00f3r\u00e1t\u00f3l 11 \u00f3r\u00e1ig v\u00e1rja vend\u00e9geit. Foglal\u00e1s sz\u00fcks\u00e9ges.[\/et_pb_text][et_pb_image src=&#8221;https:\/\/saltbudapest.com\/wp-content\/uploads\/2023\/12\/0bd56a3f-f905-456e-95f8-f52f268e8b7c.png&#8221; title_text=&#8221;0bd56a3f-f905-456e-95f8-f52f268e8b7c&#8221; disabled_on=&#8221;off|off|on&#8221; _builder_version=&#8221;4.23.1&#8243; _module_preset=&#8221;default&#8221; max_width=&#8221;70%&#8221; module_alignment=&#8221;center&#8221; global_colors_info=&#8221;{}&#8221;][\/et_pb_image][et_pb_image src=&#8221;https:\/\/saltbudapest.com\/wp-content\/uploads\/2023\/12\/HRP_7420.jpg&#8221; title_text=&#8221;HRP_7420&#8243; disabled_on=&#8221;off|off|on&#8221; _builder_version=&#8221;4.23.1&#8243; _module_preset=&#8221;default&#8221; global_colors_info=&#8221;{}&#8221;][\/et_pb_image][\/et_pb_column][et_pb_column type=&#8221;2_5&#8243; _builder_version=&#8221;4.23.1&#8243; _module_preset=&#8221;default&#8221; global_colors_info=&#8221;{}&#8221;][et_pb_image src=&#8221;https:\/\/saltbudapest.com\/wp-content\/uploads\/2023\/12\/HRP_7420.jpg&#8221; title_text=&#8221;HRP_7420&#8243; disabled_on=&#8221;on|on|off&#8221; _builder_version=&#8221;4.23.1&#8243; _module_preset=&#8221;default&#8221; custom_margin=&#8221;-50px||||false|false&#8221; sticky_position=&#8221;top&#8221; sticky_limit_top=&#8221;section&#8221; sticky_limit_bottom=&#8221;row&#8221; sticky_offset_surrounding=&#8221;off&#8221; motion_trigger_start=&#8221;top&#8221; sticky_position_tablet=&#8221;none&#8221; sticky_position_phone=&#8221;none&#8221; sticky_position_last_edited=&#8221;on|desktop&#8221; global_colors_info=&#8221;{}&#8221;][\/et_pb_image][\/et_pb_column][\/et_pb_row][\/et_pb_section]<\/p>\n","protected":false},"excerpt":{"rendered":"<p>A MI H\u00c1ZUNKA HOTEL RUM Budapest egyik legszebb diz\u00e1jn hotele, amely igyekszik minden modern v\u00e1rosi utaz\u00f3 ig\u00e9nyeinek megfelelni. T\u00f6k\u00e9letes azoknak, akik egy hangulatos, st\u00edlusos, \u00e9lettel teli butik hotelt keresnek a Budapest t\u00f6rt\u00e9nelmi-kultur\u00e1lis belv\u00e1ros\u00e1ban. A sz\u00e1llod\u00e1nkban l\u00e9v\u0151 40 szoba mind egyedi st\u00edlust k\u00e9pvisel, amir\u0151l magyar tervez\u0151ink \u00e9s \u00e9p\u00edt\u00e9szeink gondoskodtak, figyelembe v\u00e9ve az autentikus magyar \u00e9s a [&hellip;]<\/p>\n","protected":false},"author":1,"featured_media":0,"parent":0,"menu_order":0,"comment_status":"closed","ping_status":"closed","template":"","meta":{"_et_pb_use_builder":"on","_et_pb_old_content":"<p>[et_pb_section fb_built=\"1\" _builder_version=\"4.23.1\" _module_preset=\"default\" custom_margin=\"-100px||0px||false|false\" custom_margin_tablet=\"0px||||false|false\" custom_margin_phone=\"0px||||false|false\" custom_margin_last_edited=\"on|tablet\" custom_padding=\"0px||0px||false|false\" global_colors_info=\"{}\"][et_pb_row column_structure=\"3_5,2_5\" make_equal=\"on\" _builder_version=\"4.23.1\" _module_preset=\"default\" background_color=\"#343b36\" width=\"100%\" max_width=\"2560px\" custom_margin=\"0px||0px||false|false\" custom_margin_tablet=\"0px||0px||false|false\" custom_margin_phone=\"0px||0px||false|false\" custom_margin_last_edited=\"on|tablet\" custom_padding=\"50px||0px||false|false\" global_colors_info=\"{}\"][et_pb_column type=\"3_5\" _builder_version=\"4.23.1\" _module_preset=\"default\" background_color=\"RGBA(255,255,255,0)\" custom_padding=\"4%|0%|4%|5%|true|false\" custom_padding_tablet=\"|5%|||true|false\" custom_padding_phone=\"|5%|||true|false\" custom_padding_last_edited=\"on|phone\" global_colors_info=\"{}\"][et_pb_text _builder_version=\"4.23.1\" _module_preset=\"default\" text_font=\"BotanikaMono Bold|||on|||||\" text_text_color=\"#d4c7a5\" text_font_size=\"30px\" global_colors_info=\"{}\"]<\/p><p>OUR HOUSE<\/p><p>[\/et_pb_text][et_pb_text disabled_on=\"on|off|off\" _builder_version=\"4.23.1\" _module_preset=\"default\" text_text_color=\"#d4c7a5\" global_colors_info=\"{}\"]<\/p><p><img class=\"wp-image-287 alignnone-size-medium\" style=\"float: right;\" src=\"https:\/\/saltbudapest.com\/wp-content\/uploads\/2023\/12\/0bd56a3f-f905-456e-95f8-f52f268e8b7c.png\" alt=\"\" width=\"346\" height=\"550\" \/>HOTEL RUM BUDAPEST is an ideally located design hotel created especially to appeal to modern urban explorers.<\/p><p>Perfect for those who are looking for a cozy, fun and vibrant boutique hotel in the cultural downtown area of the city. Budapest-based designers and architects made our interiors unique and inspiring by blending the authentic and contemporary together in each of our 40 rooms.<\/p><p>The building features Michelin Guide highlighted member of the RUM and SALT family, called SOLID. You can have dinner or some glasses of wine above the city in this restaurant and wine bar. The Hotel\u2019s guests can have their breakfast here every day.<\/p><p>Another member of the RUM family is SALT \u2013 a fine-dining restaurant on the ground floor of the hotel. Hungarian roots and flavors are the focal points here: the meat is from a family farm, and herbs and wild plants are hand-picked in the country by the chef himself. SALT is open Wednesday to Saturday from 6 PM to 11 PM for an exciting gastro journey.<\/p><p>[\/et_pb_text][et_pb_text disabled_on=\"off|on|on\" _builder_version=\"4.23.1\" _module_preset=\"default\" text_text_color=\"#d4c7a5\" global_colors_info=\"{}\"]<\/p><p>HOTEL RUM BUDAPEST is an ideally located design hotel created especially to appeal to modern urban explorers.<\/p><p>Perfect for those who are looking for a cozy, fun and vibrant boutique hotel in the cultural downtown area of the city. Budapest-based designers and architects made our interiors unique and inspiring by blending the authentic and contemporary together in each of our 40 rooms.<\/p><p>The building features Michelin Guide highlighted member of the RUM and SALT family, called SOLID. You can have dinner or some glasses of wine above the city in this restaurant and wine bar. The Hotel\u2019s guests can have their breakfast here every day.<\/p><p>Another member of the RUM family is SALT \u2013 a fine-dining restaurant on the ground floor of the hotel. Hungarian roots and flavors are the focal points here: the meat is from a family farm, and herbs and wild plants are hand-picked in the country by the chef himself. SALT is open Wednesday to Saturday from 6 PM to 11 PM for an exciting gastro journey.<\/p><p>[\/et_pb_text][et_pb_image src=\"https:\/\/saltbudapest.com\/wp-content\/uploads\/2023\/12\/0bd56a3f-f905-456e-95f8-f52f268e8b7c.png\" title_text=\"0bd56a3f-f905-456e-95f8-f52f268e8b7c\" disabled_on=\"off|off|on\" _builder_version=\"4.23.1\" _module_preset=\"default\" max_width=\"70%\" module_alignment=\"center\" global_colors_info=\"{}\"][\/et_pb_image][et_pb_image src=\"https:\/\/saltbudapest.com\/wp-content\/uploads\/2023\/12\/HRP_7420.jpg\" title_text=\"HRP_7420\" disabled_on=\"off|off|on\" _builder_version=\"4.23.1\" _module_preset=\"default\" hover_enabled=\"0\" global_colors_info=\"{}\" sticky_enabled=\"0\"][\/et_pb_image][\/et_pb_column][et_pb_column type=\"2_5\" _builder_version=\"4.23.1\" _module_preset=\"default\" global_colors_info=\"{}\"][et_pb_image src=\"https:\/\/saltbudapest.com\/wp-content\/uploads\/2023\/12\/HRP_7420.jpg\" title_text=\"HRP_7420\" disabled_on=\"on|on|off\" _builder_version=\"4.23.1\" _module_preset=\"default\" sticky_position=\"top\" sticky_limit_top=\"section\" sticky_limit_bottom=\"row\" sticky_offset_surrounding=\"off\" motion_trigger_start=\"top\" hover_enabled=\"0\" sticky_position_tablet=\"none\" sticky_position_phone=\"none\" sticky_position_last_edited=\"on|desktop\" global_colors_info=\"{}\" custom_margin=\"-50px||||false|false\" sticky_enabled=\"0\"][\/et_pb_image][\/et_pb_column][\/et_pb_row][\/et_pb_section]<\/p>","_et_gb_content_width":"","footnotes":""},"class_list":["post-734","page","type-page","status-publish","hentry"],"yoast_head":"<!-- This site is optimized with the Yoast SEO Premium plugin v26.9 (Yoast SEO v26.9) - https:\/\/yoast.com\/product\/yoast-seo-premium-wordpress\/ -->\n<title>A Mi H\u00e1zunk - Salt Budapest<\/title>\n<meta name=\"description\" content=\"A HOTEL RUM Budapest egyik legszebb diz\u00e1jn hotele amely igyekszik minden modern v\u00e1rosi utaz\u00f3 ig\u00e9nyeinek megfelelni. T\u00f6k\u00e9letes azoknak, akik egy hangulatos, st\u00edlusos, \u00e9lettel teli butik hotelt keresnek a Budapest t\u00f6rt\u00e9nelmi-kultur\u00e1lis belv\u00e1ros\u00e1ban.\" \/>\n<meta name=\"robots\" content=\"index, follow, max-snippet:-1, max-image-preview:large, max-video-preview:-1\" \/>\n<link rel=\"canonical\" href=\"https:\/\/saltbudapest.com\/hu\/a-mi-hazunk\/\" \/>\n<meta property=\"og:locale\" content=\"hu_HU\" \/>\n<meta property=\"og:type\" content=\"article\" \/>\n<meta property=\"og:title\" content=\"A Mi H\u00e1zunk - Salt\" \/>\n<meta property=\"og:description\" content=\"A HOTEL RUM Budapest egyik legszebb diz\u00e1jn hotele amely igyekszik minden modern v\u00e1rosi utaz\u00f3 ig\u00e9nyeinek megfelelni. T\u00f6k\u00e9letes azoknak, akik egy hangulatos, st\u00edlusos, \u00e9lettel teli butik hotelt keresnek a Budapest t\u00f6rt\u00e9nelmi-kultur\u00e1lis belv\u00e1ros\u00e1ban.\" \/>\n<meta property=\"og:url\" content=\"https:\/\/saltbudapest.com\/hu\/a-mi-hazunk\/\" \/>\n<meta property=\"og:site_name\" content=\"SALT Budapest\" \/>\n<meta property=\"article:modified_time\" content=\"2024-01-03T12:12:39+00:00\" \/>\n<meta property=\"og:image\" content=\"https:\/\/saltbudapest.com\/wp-content\/uploads\/2023\/12\/0bd56a3f-f905-456e-95f8-f52f268e8b7c.png\" \/>\n<meta name=\"twitter:card\" content=\"summary_large_image\" \/>\n<meta name=\"twitter:title\" content=\"A mi h\u00e1zunk\" \/>\n<meta name=\"twitter:label1\" content=\"Becs\u00fclt olvas\u00e1si id\u0151\" \/>\n\t<meta name=\"twitter:data1\" content=\"3 perc\" \/>\n<script type=\"application\/ld+json\" class=\"yoast-schema-graph\">{\"@context\":\"https:\/\/schema.org\",\"@graph\":[{\"@type\":\"WebPage\",\"@id\":\"https:\/\/saltbudapest.com\/hu\/a-mi-hazunk\/\",\"url\":\"https:\/\/saltbudapest.com\/hu\/a-mi-hazunk\/\",\"name\":\"A Mi H\u00e1zunk - Salt Budapest\",\"isPartOf\":{\"@id\":\"https:\/\/saltbudapest.com\/hu\/#website\"},\"primaryImageOfPage\":{\"@id\":\"https:\/\/saltbudapest.com\/hu\/a-mi-hazunk\/#primaryimage\"},\"image\":{\"@id\":\"https:\/\/saltbudapest.com\/hu\/a-mi-hazunk\/#primaryimage\"},\"thumbnailUrl\":\"https:\/\/saltbudapest.com\/wp-content\/uploads\/2023\/12\/0bd56a3f-f905-456e-95f8-f52f268e8b7c.png\",\"datePublished\":\"2023-12-04T14:06:54+00:00\",\"dateModified\":\"2024-01-03T12:12:39+00:00\",\"description\":\"A HOTEL RUM Budapest egyik legszebb diz\u00e1jn hotele amely igyekszik minden modern v\u00e1rosi utaz\u00f3 ig\u00e9nyeinek megfelelni. T\u00f6k\u00e9letes azoknak, akik egy hangulatos, st\u00edlusos, \u00e9lettel teli butik hotelt keresnek a Budapest t\u00f6rt\u00e9nelmi-kultur\u00e1lis belv\u00e1ros\u00e1ban.\",\"breadcrumb\":{\"@id\":\"https:\/\/saltbudapest.com\/hu\/a-mi-hazunk\/#breadcrumb\"},\"inLanguage\":\"hu\",\"potentialAction\":[{\"@type\":\"ReadAction\",\"target\":[\"https:\/\/saltbudapest.com\/hu\/a-mi-hazunk\/\"]}]},{\"@type\":\"ImageObject\",\"inLanguage\":\"hu\",\"@id\":\"https:\/\/saltbudapest.com\/hu\/a-mi-hazunk\/#primaryimage\",\"url\":\"https:\/\/saltbudapest.com\/wp-content\/uploads\/2023\/12\/0bd56a3f-f905-456e-95f8-f52f268e8b7c.png\",\"contentUrl\":\"https:\/\/saltbudapest.com\/wp-content\/uploads\/2023\/12\/0bd56a3f-f905-456e-95f8-f52f268e8b7c.png\"},{\"@type\":\"BreadcrumbList\",\"@id\":\"https:\/\/saltbudapest.com\/hu\/a-mi-hazunk\/#breadcrumb\",\"itemListElement\":[{\"@type\":\"ListItem\",\"position\":1,\"name\":\"Home\",\"item\":\"https:\/\/saltbudapest.com\/hu\/\"},{\"@type\":\"ListItem\",\"position\":2,\"name\":\"A mi h\u00e1zunk\"}]},{\"@type\":\"WebSite\",\"@id\":\"https:\/\/saltbudapest.com\/hu\/#website\",\"url\":\"https:\/\/saltbudapest.com\/hu\/\",\"name\":\"SALT Budapest\",\"description\":\"\",\"publisher\":{\"@id\":\"https:\/\/saltbudapest.com\/hu\/#organization\"},\"potentialAction\":[{\"@type\":\"SearchAction\",\"target\":{\"@type\":\"EntryPoint\",\"urlTemplate\":\"https:\/\/saltbudapest.com\/hu\/?s={search_term_string}\"},\"query-input\":{\"@type\":\"PropertyValueSpecification\",\"valueRequired\":true,\"valueName\":\"search_term_string\"}}],\"inLanguage\":\"hu\"},{\"@type\":\"Organization\",\"@id\":\"https:\/\/saltbudapest.com\/hu\/#organization\",\"name\":\"SALT Budapest\",\"url\":\"https:\/\/saltbudapest.com\/hu\/\",\"logo\":{\"@type\":\"ImageObject\",\"inLanguage\":\"hu\",\"@id\":\"https:\/\/saltbudapest.com\/hu\/#\/schema\/logo\/image\/\",\"url\":\"https:\/\/saltbudapest.com\/wp-content\/uploads\/2023\/11\/logo.svg\",\"contentUrl\":\"https:\/\/saltbudapest.com\/wp-content\/uploads\/2023\/11\/logo.svg\",\"width\":1,\"height\":1,\"caption\":\"SALT Budapest\"},\"image\":{\"@id\":\"https:\/\/saltbudapest.com\/hu\/#\/schema\/logo\/image\/\"}}]}<\/script>\n<!-- \/ Yoast SEO Premium plugin. -->","yoast_head_json":{"title":"A Mi H\u00e1zunk - Salt Budapest","description":"A HOTEL RUM Budapest egyik legszebb diz\u00e1jn hotele amely igyekszik minden modern v\u00e1rosi utaz\u00f3 ig\u00e9nyeinek megfelelni. T\u00f6k\u00e9letes azoknak, akik egy hangulatos, st\u00edlusos, \u00e9lettel teli butik hotelt keresnek a Budapest t\u00f6rt\u00e9nelmi-kultur\u00e1lis belv\u00e1ros\u00e1ban.","robots":{"index":"index","follow":"follow","max-snippet":"max-snippet:-1","max-image-preview":"max-image-preview:large","max-video-preview":"max-video-preview:-1"},"canonical":"https:\/\/saltbudapest.com\/hu\/a-mi-hazunk\/","og_locale":"hu_HU","og_type":"article","og_title":"A Mi H\u00e1zunk - Salt","og_description":"A HOTEL RUM Budapest egyik legszebb diz\u00e1jn hotele amely igyekszik minden modern v\u00e1rosi utaz\u00f3 ig\u00e9nyeinek megfelelni. T\u00f6k\u00e9letes azoknak, akik egy hangulatos, st\u00edlusos, \u00e9lettel teli butik hotelt keresnek a Budapest t\u00f6rt\u00e9nelmi-kultur\u00e1lis belv\u00e1ros\u00e1ban.","og_url":"https:\/\/saltbudapest.com\/hu\/a-mi-hazunk\/","og_site_name":"SALT Budapest","article_modified_time":"2024-01-03T12:12:39+00:00","og_image":[{"url":"https:\/\/saltbudapest.com\/wp-content\/uploads\/2023\/12\/0bd56a3f-f905-456e-95f8-f52f268e8b7c.png","type":"","width":"","height":""}],"twitter_card":"summary_large_image","twitter_title":"A mi h\u00e1zunk","twitter_misc":{"Becs\u00fclt olvas\u00e1si id\u0151":"3 perc"},"schema":{"@context":"https:\/\/schema.org","@graph":[{"@type":"WebPage","@id":"https:\/\/saltbudapest.com\/hu\/a-mi-hazunk\/","url":"https:\/\/saltbudapest.com\/hu\/a-mi-hazunk\/","name":"A Mi H\u00e1zunk - Salt Budapest","isPartOf":{"@id":"https:\/\/saltbudapest.com\/hu\/#website"},"primaryImageOfPage":{"@id":"https:\/\/saltbudapest.com\/hu\/a-mi-hazunk\/#primaryimage"},"image":{"@id":"https:\/\/saltbudapest.com\/hu\/a-mi-hazunk\/#primaryimage"},"thumbnailUrl":"https:\/\/saltbudapest.com\/wp-content\/uploads\/2023\/12\/0bd56a3f-f905-456e-95f8-f52f268e8b7c.png","datePublished":"2023-12-04T14:06:54+00:00","dateModified":"2024-01-03T12:12:39+00:00","description":"A HOTEL RUM Budapest egyik legszebb diz\u00e1jn hotele amely igyekszik minden modern v\u00e1rosi utaz\u00f3 ig\u00e9nyeinek megfelelni. T\u00f6k\u00e9letes azoknak, akik egy hangulatos, st\u00edlusos, \u00e9lettel teli butik hotelt keresnek a Budapest t\u00f6rt\u00e9nelmi-kultur\u00e1lis belv\u00e1ros\u00e1ban.","breadcrumb":{"@id":"https:\/\/saltbudapest.com\/hu\/a-mi-hazunk\/#breadcrumb"},"inLanguage":"hu","potentialAction":[{"@type":"ReadAction","target":["https:\/\/saltbudapest.com\/hu\/a-mi-hazunk\/"]}]},{"@type":"ImageObject","inLanguage":"hu","@id":"https:\/\/saltbudapest.com\/hu\/a-mi-hazunk\/#primaryimage","url":"https:\/\/saltbudapest.com\/wp-content\/uploads\/2023\/12\/0bd56a3f-f905-456e-95f8-f52f268e8b7c.png","contentUrl":"https:\/\/saltbudapest.com\/wp-content\/uploads\/2023\/12\/0bd56a3f-f905-456e-95f8-f52f268e8b7c.png"},{"@type":"BreadcrumbList","@id":"https:\/\/saltbudapest.com\/hu\/a-mi-hazunk\/#breadcrumb","itemListElement":[{"@type":"ListItem","position":1,"name":"Home","item":"https:\/\/saltbudapest.com\/hu\/"},{"@type":"ListItem","position":2,"name":"A mi h\u00e1zunk"}]},{"@type":"WebSite","@id":"https:\/\/saltbudapest.com\/hu\/#website","url":"https:\/\/saltbudapest.com\/hu\/","name":"SALT Budapest","description":"","publisher":{"@id":"https:\/\/saltbudapest.com\/hu\/#organization"},"potentialAction":[{"@type":"SearchAction","target":{"@type":"EntryPoint","urlTemplate":"https:\/\/saltbudapest.com\/hu\/?s={search_term_string}"},"query-input":{"@type":"PropertyValueSpecification","valueRequired":true,"valueName":"search_term_string"}}],"inLanguage":"hu"},{"@type":"Organization","@id":"https:\/\/saltbudapest.com\/hu\/#organization","name":"SALT Budapest","url":"https:\/\/saltbudapest.com\/hu\/","logo":{"@type":"ImageObject","inLanguage":"hu","@id":"https:\/\/saltbudapest.com\/hu\/#\/schema\/logo\/image\/","url":"https:\/\/saltbudapest.com\/wp-content\/uploads\/2023\/11\/logo.svg","contentUrl":"https:\/\/saltbudapest.com\/wp-content\/uploads\/2023\/11\/logo.svg","width":1,"height":1,"caption":"SALT Budapest"},"image":{"@id":"https:\/\/saltbudapest.com\/hu\/#\/schema\/logo\/image\/"}}]}},"_links":{"self":[{"href":"https:\/\/saltbudapest.com\/hu\/wp-json\/wp\/v2\/pages\/734","targetHints":{"allow":["GET"]}}],"collection":[{"href":"https:\/\/saltbudapest.com\/hu\/wp-json\/wp\/v2\/pages"}],"about":[{"href":"https:\/\/saltbudapest.com\/hu\/wp-json\/wp\/v2\/types\/page"}],"author":[{"embeddable":true,"href":"https:\/\/saltbudapest.com\/hu\/wp-json\/wp\/v2\/users\/1"}],"replies":[{"embeddable":true,"href":"https:\/\/saltbudapest.com\/hu\/wp-json\/wp\/v2\/comments?post=734"}],"version-history":[{"count":0,"href":"https:\/\/saltbudapest.com\/hu\/wp-json\/wp\/v2\/pages\/734\/revisions"}],"wp:attachment":[{"href":"https:\/\/saltbudapest.com\/hu\/wp-json\/wp\/v2\/media?parent=734"}],"curies":[{"name":"wp","href":"https:\/\/api.w.org\/{rel}","templated":true}]}}