{"id":735,"date":"2023-12-01T15:09:18","date_gmt":"2023-12-01T15:09:18","guid":{"rendered":"https:\/\/saltbudapest.com\/contact\/"},"modified":"2024-04-16T18:57:44","modified_gmt":"2024-04-16T18:57:44","slug":"contact","status":"publish","type":"page","link":"https:\/\/saltbudapest.com\/hu\/contact\/","title":{"rendered":"Kapcsolat"},"content":{"rendered":"<p>[et_pb_section fb_built=&#8221;1&#8243; _builder_version=&#8221;4.23.1&#8243; _module_preset=&#8221;default&#8221; custom_margin=&#8221;-100px||0px||false|false&#8221; custom_margin_tablet=&#8221;0px||||false|false&#8221; custom_margin_phone=&#8221;0px||||false|false&#8221; custom_margin_last_edited=&#8221;on|tablet&#8221; custom_padding=&#8221;0px||0px||false|false&#8221; global_colors_info=&#8221;{}&#8221;][et_pb_row column_structure=&#8221;3_5,2_5&#8243; make_equal=&#8221;on&#8221; _builder_version=&#8221;4.23.1&#8243; _module_preset=&#8221;default&#8221; background_color=&#8221;#343b36&#8243; width=&#8221;100%&#8221; max_width=&#8221;2560px&#8221; custom_margin=&#8221;0px||0px||false|false&#8221; custom_margin_tablet=&#8221;0px||0px||false|false&#8221; custom_margin_phone=&#8221;0px||0px||false|false&#8221; custom_margin_last_edited=&#8221;on|tablet&#8221; custom_padding=&#8221;50px||0px||false|false&#8221; global_colors_info=&#8221;{}&#8221;][et_pb_column type=&#8221;3_5&#8243; _builder_version=&#8221;4.23.1&#8243; _module_preset=&#8221;default&#8221; background_color=&#8221;RGBA(255,255,255,0)&#8221; custom_padding=&#8221;4%|5%|4%|5%|true|true&#8221; custom_padding_tablet=&#8221;|5%|||true|false&#8221; custom_padding_phone=&#8221;|5%|||true|false&#8221; custom_padding_last_edited=&#8221;off|desktop&#8221; global_colors_info=&#8221;{}&#8221;][et_pb_text _builder_version=&#8221;4.23.1&#8243; _module_preset=&#8221;default&#8221; text_font=&#8221;BotanikaMono Bold|||on|||||&#8221; text_text_color=&#8221;#d4c7a5&#8243; text_font_size=&#8221;30px&#8221; header_text_color=&#8221;#d4c7a5&#8243; global_colors_info=&#8221;{}&#8221;]<\/p>\n<h1>Kapcsolat<\/h1>\n<p>[\/et_pb_text][et_pb_social_media_follow icon_color=&#8221;#d4c7a5&#8243; _builder_version=&#8221;4.23.1&#8243; _module_preset=&#8221;default&#8221; text_orientation=&#8221;right&#8221; custom_margin=&#8221;-4em||||false|false&#8221; custom_margin_tablet=&#8221;-4em||||false|false&#8221; custom_margin_phone=&#8221;0em||||false|false&#8221; custom_margin_last_edited=&#8221;on|phone&#8221; text_orientation_tablet=&#8221;right&#8221; text_orientation_phone=&#8221;left&#8221; text_orientation_last_edited=&#8221;on|desktop&#8221; border_color_all=&#8221;#d4c7a5&#8243; global_colors_info=&#8221;{}&#8221;][et_pb_social_media_follow_network social_network=&#8221;facebook&#8221; url=&#8221;https:\/\/www.facebook.com\/saltbudapest\/&#8221; _builder_version=&#8221;4.23.1&#8243; _module_preset=&#8221;default&#8221; background_enable_color=&#8221;off&#8221; border_width_all=&#8221;3px&#8221; global_colors_info=&#8221;{}&#8221; follow_button=&#8221;off&#8221; url_new_window=&#8221;on&#8221;]facebook[\/et_pb_social_media_follow_network][et_pb_social_media_follow_network social_network=&#8221;instagram&#8221; url=&#8221;https:\/\/www.instagram.com\/salt_budapest\/?igshid=mb5levu1vhhg&#8221; _builder_version=&#8221;4.23.1&#8243; _module_preset=&#8221;default&#8221; background_color=&#8221;#ea2c59&#8243; background_enable_color=&#8221;off&#8221; border_width_all=&#8221;3px&#8221; global_colors_info=&#8221;{}&#8221; follow_button=&#8221;off&#8221; url_new_window=&#8221;on&#8221;]instagram[\/et_pb_social_media_follow_network][\/et_pb_social_media_follow][et_pb_text _builder_version=&#8221;4.24.2&#8243; _module_preset=&#8221;default&#8221; text_text_color=&#8221;#d4c7a5&#8243; hover_enabled=&#8221;0&#8243; global_colors_info=&#8221;{}&#8221; sticky_enabled=&#8221;0&#8243;]<\/p>\n<p>NYITVATART\u00c1S<\/p>\n<p>Szerd\u00e1t\u00f3l szombatig 18:00-23:00<\/p>\n<p>Vas\u00e1rnapt\u00f3l keddig Z\u00c1RVA<\/p>\n<p>Email: <a href=\"mailto:salt@saltbudapest.com\">salt@saltbudapest.com<\/a><\/p>\n<p>Telefonsz\u00e1m: <a href=\"tel:36703332190\">+36 70 333 2190<\/a><\/p>\n<p>C\u00edm: 1054 Budapest, Kir\u00e1lyi P\u00e1l utca 4.<br \/>[Bej\u00e1rat a Hotel Rum fel\u0151l]<\/p>\n<p>Engedje meg, hogy figyelm\u00e9be aj\u00e1nljuk testv\u00e9r \u00e9tterm\u00fcnket a <a href=\"https:\/\/solidbudapest.com\/\"><strong>SOLID-ot<\/strong><\/a>, a Hotel RUM hetedik emelet\u00e9n, ahol eg\u00e9sz h\u00e9ten reggelizhet, gy\u00f6ny\u00f6r\u0171 kil\u00e1t\u00e1s mellett a v\u00e1rosra.<\/p>\n<p>[\/et_pb_text][et_pb_image src=&#8221;https:\/\/saltbudapest.com\/wp-content\/uploads\/2023\/12\/HRP_6038.jpg&#8221; title_text=&#8221;HRP_6038&#8243; disabled_on=&#8221;off|off|on&#8221; _builder_version=&#8221;4.23.1&#8243; _module_preset=&#8221;default&#8221; global_colors_info=&#8221;{}&#8221;][\/et_pb_image][\/et_pb_column][et_pb_column type=&#8221;2_5&#8243; _builder_version=&#8221;4.23.1&#8243; _module_preset=&#8221;default&#8221; global_colors_info=&#8221;{}&#8221;][et_pb_image src=&#8221;https:\/\/saltbudapest.com\/wp-content\/uploads\/2023\/12\/HRP_6038.jpg&#8221; title_text=&#8221;HRP_6038&#8243; disabled_on=&#8221;on|on|off&#8221; _builder_version=&#8221;4.23.1&#8243; _module_preset=&#8221;default&#8221; custom_margin=&#8221;-50px||||false|false&#8221; sticky_position=&#8221;top&#8221; sticky_limit_top=&#8221;section&#8221; sticky_limit_bottom=&#8221;row&#8221; sticky_offset_surrounding=&#8221;off&#8221; motion_trigger_start=&#8221;top&#8221; sticky_position_tablet=&#8221;none&#8221; sticky_position_phone=&#8221;none&#8221; sticky_position_last_edited=&#8221;on|desktop&#8221; global_colors_info=&#8221;{}&#8221;][\/et_pb_image][\/et_pb_column][\/et_pb_row][\/et_pb_section]<\/p>\n","protected":false},"excerpt":{"rendered":"<p>KapcsolatNYITVATART\u00c1S Szerd\u00e1t\u00f3l szombatig 18:00-23:00 Vas\u00e1rnapt\u00f3l keddig Z\u00c1RVA Email: salt@saltbudapest.com Telefonsz\u00e1m: +36 70 333 2190 C\u00edm: 1054 Budapest, Kir\u00e1lyi P\u00e1l utca 4.[Bej\u00e1rat a Hotel Rum fel\u0151l] Engedje meg, hogy figyelm\u00e9be aj\u00e1nljuk testv\u00e9r \u00e9tterm\u00fcnket a SOLID-ot, a Hotel RUM hetedik emelet\u00e9n, ahol eg\u00e9sz h\u00e9ten reggelizhet, gy\u00f6ny\u00f6r\u0171 kil\u00e1t\u00e1s mellett a v\u00e1rosra.<\/p>\n","protected":false},"author":1,"featured_media":0,"parent":0,"menu_order":0,"comment_status":"closed","ping_status":"closed","template":"","meta":{"_et_pb_use_builder":"on","_et_pb_old_content":"<p>[et_pb_section fb_built=\"1\" _builder_version=\"4.23.1\" _module_preset=\"default\" custom_margin=\"-100px||0px||false|false\" custom_margin_tablet=\"0px||||false|false\" custom_margin_phone=\"0px||||false|false\" custom_margin_last_edited=\"on|tablet\" custom_padding=\"0px||0px||false|false\" global_colors_info=\"{}\"][et_pb_row column_structure=\"3_5,2_5\" make_equal=\"on\" _builder_version=\"4.23.1\" _module_preset=\"default\" background_color=\"#343b36\" width=\"100%\" max_width=\"2560px\" custom_margin=\"0px||0px||false|false\" custom_margin_tablet=\"0px||0px||false|false\" custom_margin_phone=\"0px||0px||false|false\" custom_margin_last_edited=\"on|tablet\" custom_padding=\"50px||0px||false|false\" global_colors_info=\"{}\"][et_pb_column type=\"3_5\" _builder_version=\"4.23.1\" _module_preset=\"default\" background_color=\"RGBA(255,255,255,0)\" custom_padding=\"4%|5%|4%|5%|true|true\" custom_padding_tablet=\"|5%|||true|false\" custom_padding_phone=\"|5%|||true|false\" custom_padding_last_edited=\"off|desktop\" global_colors_info=\"{}\"][et_pb_text _builder_version=\"4.23.1\" _module_preset=\"default\" text_font=\"BotanikaMono Bold|||on|||||\" text_text_color=\"#d4c7a5\" text_font_size=\"30px\" global_colors_info=\"{}\"]<\/p><p>Contact<\/p><p>[\/et_pb_text][et_pb_social_media_follow icon_color=\"#d4c7a5\" _builder_version=\"4.23.1\" _module_preset=\"default\" text_orientation=\"right\" custom_margin=\"-4em||||false|false\" custom_margin_tablet=\"-4em||||false|false\" custom_margin_phone=\"0em||||false|false\" custom_margin_last_edited=\"on|phone\" text_orientation_tablet=\"right\" text_orientation_phone=\"left\" text_orientation_last_edited=\"on|desktop\" border_color_all=\"#d4c7a5\" global_colors_info=\"{}\"][et_pb_social_media_follow_network social_network=\"facebook\" url=\"https:\/\/www.facebook.com\/saltbudapest\/\" _builder_version=\"4.23.1\" _module_preset=\"default\" background_enable_color=\"off\" border_width_all=\"3px\" global_colors_info=\"{}\" follow_button=\"off\" url_new_window=\"on\"]facebook[\/et_pb_social_media_follow_network][et_pb_social_media_follow_network social_network=\"instagram\" url=\"https:\/\/www.instagram.com\/salt_budapest\/?igshid=mb5levu1vhhg\" _builder_version=\"4.23.1\" _module_preset=\"default\" background_color=\"#ea2c59\" background_enable_color=\"off\" border_width_all=\"3px\" global_colors_info=\"{}\" follow_button=\"off\" url_new_window=\"on\"]instagram[\/et_pb_social_media_follow_network][\/et_pb_social_media_follow][et_pb_text _builder_version=\"4.23.1\" _module_preset=\"default\" text_text_color=\"#d4c7a5\" global_colors_info=\"{}\"]<\/p><p><strong>OPENING HOURS<\/strong><\/p><p>Wednesday-Saturday 18:00-23:00<\/p><p>Sunday-Tuesday CLOSED<\/p><p><strong>CONTACT US<\/strong><\/p><p>Email: salt@saltbudapest.com<\/p><p>Phone Number: +36 70 333 21 90<\/p><p>Location: 1053 Budapest, Kir\u00e1lyi P\u00e1l street 4.<br \/>[Entrance from Hotel Rum]<\/p><p>Dine and stay in Hotel Rum when visiting Budapest, book your your room HERE.<\/p><p>And let us suggest you to check our sister restaurant on top of the building called SOLID, where you can find small plate dishes with an exclusive wine selection.<\/p><p>[\/et_pb_text][et_pb_image src=\"https:\/\/saltbudapest.com\/wp-content\/uploads\/2023\/12\/HRP_6038.jpg\" title_text=\"HRP_6038\" disabled_on=\"off|off|on\" _builder_version=\"4.23.1\" _module_preset=\"default\" hover_enabled=\"0\" global_colors_info=\"{}\" sticky_enabled=\"0\"][\/et_pb_image][\/et_pb_column][et_pb_column type=\"2_5\" _builder_version=\"4.23.1\" _module_preset=\"default\" global_colors_info=\"{}\"][et_pb_image src=\"https:\/\/saltbudapest.com\/wp-content\/uploads\/2023\/12\/HRP_6038.jpg\" title_text=\"HRP_6038\" disabled_on=\"on|on|off\" _builder_version=\"4.23.1\" _module_preset=\"default\" sticky_position=\"top\" sticky_limit_top=\"section\" sticky_limit_bottom=\"row\" sticky_offset_surrounding=\"off\" motion_trigger_start=\"top\" hover_enabled=\"0\" sticky_position_tablet=\"none\" sticky_position_phone=\"none\" sticky_position_last_edited=\"on|desktop\" global_colors_info=\"{}\" custom_margin=\"-50px||||false|false\" sticky_enabled=\"0\"][\/et_pb_image][\/et_pb_column][\/et_pb_row][\/et_pb_section]<\/p>","_et_gb_content_width":"","footnotes":""},"class_list":["post-735","page","type-page","status-publish","hentry"],"yoast_head":"<!-- This site is optimized with the Yoast SEO Premium plugin v26.9 (Yoast SEO v26.9) - https:\/\/yoast.com\/product\/yoast-seo-premium-wordpress\/ -->\n<title>Kapcsolat - Salt Budapest<\/title>\n<meta name=\"robots\" content=\"index, follow, max-snippet:-1, max-image-preview:large, max-video-preview:-1\" \/>\n<link rel=\"canonical\" href=\"https:\/\/saltbudapest.com\/hu\/contact\/\" \/>\n<meta property=\"og:locale\" content=\"hu_HU\" \/>\n<meta property=\"og:type\" content=\"article\" \/>\n<meta property=\"og:title\" content=\"Kapcsolat\" \/>\n<meta property=\"og:description\" content=\"KapcsolatNYITVATART\u00c1S Szerd\u00e1t\u00f3l szombatig 18:00-23:00 Vas\u00e1rnapt\u00f3l keddig Z\u00c1RVA Email: salt@saltbudapest.com Telefonsz\u00e1m: +36 70 333 2190 C\u00edm: 1054 Budapest, Kir\u00e1lyi P\u00e1l utca 4.[Bej\u00e1rat a Hotel Rum fel\u0151l] Engedje meg, hogy figyelm\u00e9be aj\u00e1nljuk testv\u00e9r \u00e9tterm\u00fcnket a SOLID-ot, a Hotel RUM hetedik emelet\u00e9n, ahol eg\u00e9sz h\u00e9ten reggelizhet, gy\u00f6ny\u00f6r\u0171 kil\u00e1t\u00e1s mellett a v\u00e1rosra.\" \/>\n<meta property=\"og:url\" content=\"https:\/\/saltbudapest.com\/hu\/contact\/\" \/>\n<meta property=\"og:site_name\" content=\"SALT Budapest\" \/>\n<meta property=\"article:modified_time\" content=\"2024-04-16T18:57:44+00:00\" \/>\n<meta property=\"og:image\" content=\"https:\/\/saltbudapest.com\/wp-content\/uploads\/2024\/01\/social_image_salt.jpg\" \/>\n\t<meta property=\"og:image:width\" content=\"1200\" \/>\n\t<meta property=\"og:image:height\" content=\"630\" \/>\n\t<meta property=\"og:image:type\" content=\"image\/jpeg\" \/>\n<meta name=\"twitter:card\" content=\"summary_large_image\" \/>\n<meta name=\"twitter:label1\" content=\"Becs\u00fclt olvas\u00e1si id\u0151\" \/>\n\t<meta name=\"twitter:data1\" content=\"1 perc\" \/>\n<script type=\"application\/ld+json\" class=\"yoast-schema-graph\">{\"@context\":\"https:\/\/schema.org\",\"@graph\":[{\"@type\":\"WebPage\",\"@id\":\"https:\/\/saltbudapest.com\/hu\/contact\/\",\"url\":\"https:\/\/saltbudapest.com\/hu\/contact\/\",\"name\":\"Kapcsolat - Salt Budapest\",\"isPartOf\":{\"@id\":\"https:\/\/saltbudapest.com\/#website\"},\"datePublished\":\"2023-12-01T15:09:18+00:00\",\"dateModified\":\"2024-04-16T18:57:44+00:00\",\"breadcrumb\":{\"@id\":\"https:\/\/saltbudapest.com\/hu\/contact\/#breadcrumb\"},\"inLanguage\":\"hu\",\"potentialAction\":[{\"@type\":\"ReadAction\",\"target\":[\"https:\/\/saltbudapest.com\/hu\/contact\/\"]}]},{\"@type\":\"BreadcrumbList\",\"@id\":\"https:\/\/saltbudapest.com\/hu\/contact\/#breadcrumb\",\"itemListElement\":[{\"@type\":\"ListItem\",\"position\":1,\"name\":\"Home\",\"item\":\"https:\/\/saltbudapest.com\/hu\/\"},{\"@type\":\"ListItem\",\"position\":2,\"name\":\"Kapcsolat\"}]},{\"@type\":\"WebSite\",\"@id\":\"https:\/\/saltbudapest.com\/#website\",\"url\":\"https:\/\/saltbudapest.com\/\",\"name\":\"SALT Budapest\",\"description\":\"\",\"publisher\":{\"@id\":\"https:\/\/saltbudapest.com\/#organization\"},\"potentialAction\":[{\"@type\":\"SearchAction\",\"target\":{\"@type\":\"EntryPoint\",\"urlTemplate\":\"https:\/\/saltbudapest.com\/?s={search_term_string}\"},\"query-input\":{\"@type\":\"PropertyValueSpecification\",\"valueRequired\":true,\"valueName\":\"search_term_string\"}}],\"inLanguage\":\"hu\"},{\"@type\":\"Organization\",\"@id\":\"https:\/\/saltbudapest.com\/#organization\",\"name\":\"SALT Budapest\",\"url\":\"https:\/\/saltbudapest.com\/\",\"logo\":{\"@type\":\"ImageObject\",\"inLanguage\":\"hu\",\"@id\":\"https:\/\/saltbudapest.com\/#\/schema\/logo\/image\/\",\"url\":\"https:\/\/saltbudapest.com\/wp-content\/uploads\/2023\/11\/logo.svg\",\"contentUrl\":\"https:\/\/saltbudapest.com\/wp-content\/uploads\/2023\/11\/logo.svg\",\"width\":1,\"height\":1,\"caption\":\"SALT Budapest\"},\"image\":{\"@id\":\"https:\/\/saltbudapest.com\/#\/schema\/logo\/image\/\"}}]}<\/script>\n<!-- \/ Yoast SEO Premium plugin. -->","yoast_head_json":{"title":"Kapcsolat - Salt Budapest","robots":{"index":"index","follow":"follow","max-snippet":"max-snippet:-1","max-image-preview":"max-image-preview:large","max-video-preview":"max-video-preview:-1"},"canonical":"https:\/\/saltbudapest.com\/hu\/contact\/","og_locale":"hu_HU","og_type":"article","og_title":"Kapcsolat","og_description":"KapcsolatNYITVATART\u00c1S Szerd\u00e1t\u00f3l szombatig 18:00-23:00 Vas\u00e1rnapt\u00f3l keddig Z\u00c1RVA Email: salt@saltbudapest.com Telefonsz\u00e1m: +36 70 333 2190 C\u00edm: 1054 Budapest, Kir\u00e1lyi P\u00e1l utca 4.[Bej\u00e1rat a Hotel Rum fel\u0151l] Engedje meg, hogy figyelm\u00e9be aj\u00e1nljuk testv\u00e9r \u00e9tterm\u00fcnket a SOLID-ot, a Hotel RUM hetedik emelet\u00e9n, ahol eg\u00e9sz h\u00e9ten reggelizhet, gy\u00f6ny\u00f6r\u0171 kil\u00e1t\u00e1s mellett a v\u00e1rosra.","og_url":"https:\/\/saltbudapest.com\/hu\/contact\/","og_site_name":"SALT Budapest","article_modified_time":"2024-04-16T18:57:44+00:00","og_image":[{"width":1200,"height":630,"url":"https:\/\/saltbudapest.com\/wp-content\/uploads\/2024\/01\/social_image_salt.jpg","type":"image\/jpeg"}],"twitter_card":"summary_large_image","twitter_misc":{"Becs\u00fclt olvas\u00e1si id\u0151":"1 perc"},"schema":{"@context":"https:\/\/schema.org","@graph":[{"@type":"WebPage","@id":"https:\/\/saltbudapest.com\/hu\/contact\/","url":"https:\/\/saltbudapest.com\/hu\/contact\/","name":"Kapcsolat - Salt Budapest","isPartOf":{"@id":"https:\/\/saltbudapest.com\/#website"},"datePublished":"2023-12-01T15:09:18+00:00","dateModified":"2024-04-16T18:57:44+00:00","breadcrumb":{"@id":"https:\/\/saltbudapest.com\/hu\/contact\/#breadcrumb"},"inLanguage":"hu","potentialAction":[{"@type":"ReadAction","target":["https:\/\/saltbudapest.com\/hu\/contact\/"]}]},{"@type":"BreadcrumbList","@id":"https:\/\/saltbudapest.com\/hu\/contact\/#breadcrumb","itemListElement":[{"@type":"ListItem","position":1,"name":"Home","item":"https:\/\/saltbudapest.com\/hu\/"},{"@type":"ListItem","position":2,"name":"Kapcsolat"}]},{"@type":"WebSite","@id":"https:\/\/saltbudapest.com\/#website","url":"https:\/\/saltbudapest.com\/","name":"SALT Budapest","description":"","publisher":{"@id":"https:\/\/saltbudapest.com\/#organization"},"potentialAction":[{"@type":"SearchAction","target":{"@type":"EntryPoint","urlTemplate":"https:\/\/saltbudapest.com\/?s={search_term_string}"},"query-input":{"@type":"PropertyValueSpecification","valueRequired":true,"valueName":"search_term_string"}}],"inLanguage":"hu"},{"@type":"Organization","@id":"https:\/\/saltbudapest.com\/#organization","name":"SALT Budapest","url":"https:\/\/saltbudapest.com\/","logo":{"@type":"ImageObject","inLanguage":"hu","@id":"https:\/\/saltbudapest.com\/#\/schema\/logo\/image\/","url":"https:\/\/saltbudapest.com\/wp-content\/uploads\/2023\/11\/logo.svg","contentUrl":"https:\/\/saltbudapest.com\/wp-content\/uploads\/2023\/11\/logo.svg","width":1,"height":1,"caption":"SALT Budapest"},"image":{"@id":"https:\/\/saltbudapest.com\/#\/schema\/logo\/image\/"}}]}},"_links":{"self":[{"href":"https:\/\/saltbudapest.com\/hu\/wp-json\/wp\/v2\/pages\/735","targetHints":{"allow":["GET"]}}],"collection":[{"href":"https:\/\/saltbudapest.com\/hu\/wp-json\/wp\/v2\/pages"}],"about":[{"href":"https:\/\/saltbudapest.com\/hu\/wp-json\/wp\/v2\/types\/page"}],"author":[{"embeddable":true,"href":"https:\/\/saltbudapest.com\/hu\/wp-json\/wp\/v2\/users\/1"}],"replies":[{"embeddable":true,"href":"https:\/\/saltbudapest.com\/hu\/wp-json\/wp\/v2\/comments?post=735"}],"version-history":[{"count":1,"href":"https:\/\/saltbudapest.com\/hu\/wp-json\/wp\/v2\/pages\/735\/revisions"}],"predecessor-version":[{"id":3488,"href":"https:\/\/saltbudapest.com\/hu\/wp-json\/wp\/v2\/pages\/735\/revisions\/3488"}],"wp:attachment":[{"href":"https:\/\/saltbudapest.com\/hu\/wp-json\/wp\/v2\/media?parent=735"}],"curies":[{"name":"wp","href":"https:\/\/api.w.org\/{rel}","templated":true}]}}