{"id":823,"date":"2023-12-18T09:59:19","date_gmt":"2023-12-18T09:59:19","guid":{"rendered":"https:\/\/saltbudapest.com\/menu\/"},"modified":"2026-02-10T15:12:47","modified_gmt":"2026-02-10T15:12:47","slug":"menu","status":"publish","type":"page","link":"https:\/\/saltbudapest.com\/hu\/menu\/","title":{"rendered":"Men\u00fc"},"content":{"rendered":"<p>[et_pb_section fb_built=&#8221;1&#8243; _builder_version=&#8221;4.23.1&#8243; _module_preset=&#8221;default&#8221; custom_margin=&#8221;-100px||0px||false|false&#8221; custom_margin_tablet=&#8221;0px||||false|false&#8221; custom_margin_phone=&#8221;0px||||false|false&#8221; custom_margin_last_edited=&#8221;on|phone&#8221; custom_padding=&#8221;0px||0px||false|false&#8221; global_colors_info=&#8221;{}&#8221;][et_pb_row column_structure=&#8221;3_5,2_5&#8243; make_equal=&#8221;on&#8221; _builder_version=&#8221;4.23.1&#8243; _module_preset=&#8221;default&#8221; background_color=&#8221;#343b36&#8243; width=&#8221;100%&#8221; max_width=&#8221;2560px&#8221; custom_margin=&#8221;0px||0px||false|false&#8221; custom_margin_tablet=&#8221;0px||0px||false|false&#8221; custom_margin_phone=&#8221;0px||0px||false|false&#8221; custom_margin_last_edited=&#8221;on|tablet&#8221; custom_padding=&#8221;50px||0px||false|false&#8221; global_colors_info=&#8221;{}&#8221;][et_pb_column type=&#8221;3_5&#8243; _builder_version=&#8221;4.23.1&#8243; _module_preset=&#8221;default&#8221; background_color=&#8221;RGBA(255,255,255,0)&#8221; custom_padding=&#8221;4%|5%|4%|5%|true|true&#8221; custom_padding_tablet=&#8221;|5%|||true|false&#8221; custom_padding_phone=&#8221;|5%|||true|false&#8221; custom_padding_last_edited=&#8221;off|desktop&#8221; global_colors_info=&#8221;{}&#8221;][et_pb_text _builder_version=&#8221;4.23.1&#8243; _module_preset=&#8221;default&#8221; text_font=&#8221;BotanikaMono Bold|||on|||||&#8221; text_text_color=&#8221;#d4c7a5&#8243; text_font_size=&#8221;30px&#8221; header_text_color=&#8221;#d4c7a5&#8243; global_colors_info=&#8221;{}&#8221;]<\/p>\n<h1>MEN\u00dc<\/h1>\n<p>[\/et_pb_text][et_pb_text _builder_version=&#8221;4.27.5&#8243; _module_preset=&#8221;default&#8221; text_text_color=&#8221;#d4c7a5&#8243; hover_enabled=&#8221;0&#8243; global_colors_info=&#8221;{}&#8221; sticky_enabled=&#8221;0&#8243;]<\/p>\n<p><strong>Deguszt\u00e1ci\u00f3s men\u00fc<br \/><\/strong><\/p>\n<p>14 fog\u00e1sos k\u00f3stol\u00f3men\u00fc 74.500 Ft \/ f\u0151<\/p>\n<p><em>K\u00f3stol\u00f3men\u00fcnk vegetari\u00e1nus \u00e9s veg\u00e1n v\u00e1ltozatban is k\u00e9rhet\u0151,<\/em><br \/><em>amennyiben ezt foglal\u00e1skor el\u0151re jelzik.<\/em><\/p>\n<p>&nbsp;<\/p>\n<p><strong>Szombati eb\u00e9d &#8211; limit\u00e1lt ideig<\/strong><\/p>\n<p>11 fog\u00e1sos k\u00f3stol\u00f3men\u00fc 60 500 Ft \/ f\u0151<\/p>\n<p><em>K\u00f3stol\u00f3men\u00fcnk vegetari\u00e1nus \u00e9s veg\u00e1n v\u00e1ltozatban is k\u00e9rhet\u0151 eb\u00e9dre is,<\/em><br \/><em>amennyiben ezt foglal\u00e1skor el\u0151re jelzik.<\/em><\/p>\n<p><strong><br \/>Ital p\u00e1ros\u00edt\u00e1sok a men\u00fcsorhoz<\/strong><\/p>\n<p><strong>Hazai borp\u00e1ros\u00edt\u00e1s<\/strong> &#8211; t\u00f6bbs\u00e9g\u00e9ben nat\u00far \u00e9s organikus, magyar \u00e9s k\u00e1rp\u00e1t-medencei borokkal 36.000 Ft \/ f\u0151<\/p>\n<p><strong>Eur\u00f3pai borp\u00e1ros\u00edt\u00e1s<\/strong> &#8211; t\u00f6bbs\u00e9g\u00e9ben nat\u00far \u00e9s organikus eur\u00f3pai borokkal 42.000 Ft \/ f\u0151<\/p>\n<p><strong>Preszt\u00edzs borp\u00e1ros\u00edt\u00e1s<\/strong> &#8211; klasszikus eur\u00f3pai borokkal 90.000 Ft \/ f\u0151<\/p>\n<p><strong>Alkoholmentes italp\u00e1ros\u00edt\u00e1s<\/strong> &#8211; h\u00e1zi k\u00e9sz\u00edt\u00e9s\u0171 dzs\u00faszokkal 26.000 Ft \/ f\u0151<\/p>\n<p><em>Szervizd\u00edj 15%.<\/em><\/p>\n<p>[\/et_pb_text][et_pb_text _builder_version=&#8221;4.27.4&#8243; _module_preset=&#8221;default&#8221; text_font=&#8221;BotanikaMono Bold|||on|||||&#8221; text_text_color=&#8221;#d4c7a5&#8243; text_font_size=&#8221;24px&#8221; global_colors_info=&#8221;{}&#8221;]<\/p>\n<p><a href=\"https:\/\/saltbudapest.com\/wp-content\/uploads\/2025\/11\/Salt_itallap_E_NEU-2025-11-22.pdf\"><span style=\"text-decoration: underline;\">ITALLAP<\/span><\/a><\/p>\n<p>[\/et_pb_text][et_pb_image src=&#8221;https:\/\/saltbudapest.com\/wp-content\/uploads\/2023\/12\/DSC_2625.jpg&#8221; title_text=&#8221;DSC_2625&#8243; disabled_on=&#8221;off|off|on&#8221; _builder_version=&#8221;4.23.1&#8243; _module_preset=&#8221;default&#8221; global_colors_info=&#8221;{}&#8221;][\/et_pb_image][\/et_pb_column][et_pb_column type=&#8221;2_5&#8243; _builder_version=&#8221;4.23.1&#8243; _module_preset=&#8221;default&#8221; global_colors_info=&#8221;{}&#8221;][et_pb_image src=&#8221;https:\/\/saltbudapest.com\/wp-content\/uploads\/2023\/12\/DSC_2625.jpg&#8221; title_text=&#8221;DSC_2625&#8243; disabled_on=&#8221;on|on|off&#8221; _builder_version=&#8221;4.23.1&#8243; _module_preset=&#8221;default&#8221; custom_margin=&#8221;-50px||||false|false&#8221; sticky_position=&#8221;top&#8221; sticky_limit_top=&#8221;section&#8221; sticky_limit_bottom=&#8221;row&#8221; sticky_offset_surrounding=&#8221;off&#8221; motion_trigger_start=&#8221;top&#8221; global_colors_info=&#8221;{}&#8221;][\/et_pb_image][\/et_pb_column][\/et_pb_row][\/et_pb_section]<\/p>\n","protected":false},"excerpt":{"rendered":"<p>MEN\u00dc Deguszt\u00e1ci\u00f3s men\u00fc 14 fog\u00e1sos k\u00f3stol\u00f3men\u00fc 74.500 Ft \/ f\u0151 K\u00f3stol\u00f3men\u00fcnk vegetari\u00e1nus \u00e9s veg\u00e1n v\u00e1ltozatban is k\u00e9rhet\u0151,amennyiben ezt foglal\u00e1skor el\u0151re jelzik. &nbsp; Szombati eb\u00e9d &#8211; limit\u00e1lt ideig 11 fog\u00e1sos k\u00f3stol\u00f3men\u00fc 60 500 Ft \/ f\u0151 K\u00f3stol\u00f3men\u00fcnk vegetari\u00e1nus \u00e9s veg\u00e1n v\u00e1ltozatban is k\u00e9rhet\u0151 eb\u00e9dre is,amennyiben ezt foglal\u00e1skor el\u0151re jelzik. Ital p\u00e1ros\u00edt\u00e1sok a men\u00fcsorhoz Hazai borp\u00e1ros\u00edt\u00e1s &#8211; [&hellip;]<\/p>\n","protected":false},"author":1,"featured_media":0,"parent":0,"menu_order":0,"comment_status":"closed","ping_status":"closed","template":"","meta":{"_et_pb_use_builder":"on","_et_pb_old_content":"","_et_gb_content_width":"","footnotes":""},"class_list":["post-823","page","type-page","status-publish","hentry"],"yoast_head":"<!-- This site is optimized with the Yoast SEO Premium plugin v26.9 (Yoast SEO v26.9) - https:\/\/yoast.com\/product\/yoast-seo-premium-wordpress\/ -->\n<title>Deguszt\u00e1ci\u00f3s Men\u00fc - Salt Budapest<\/title>\n<meta name=\"description\" content=\"\u00c9tlap | Michelin-csillagos \u00e9tterem tradicion\u00e1lis magyar konyha alapj\u00e1n | 15 fog\u00e1sos deguszt\u00e1ci\u00f3s men\u00fc | Hazai, eur\u00f3pai \u00e9s preszt\u00edzs borp\u00e1ros\u00edt\u00e1s | Fine dining\" \/>\n<meta name=\"robots\" content=\"index, follow, max-snippet:-1, max-image-preview:large, max-video-preview:-1\" \/>\n<link rel=\"canonical\" href=\"https:\/\/saltbudapest.com\/hu\/menu\/\" \/>\n<meta property=\"og:locale\" content=\"hu_HU\" \/>\n<meta property=\"og:type\" content=\"article\" \/>\n<meta property=\"og:title\" content=\"Men\u00fc\" \/>\n<meta property=\"og:description\" content=\"\u00c9tlap | Michelin-csillagos \u00e9tterem tradicion\u00e1lis magyar konyha alapj\u00e1n | 15 fog\u00e1sos deguszt\u00e1ci\u00f3s men\u00fc | Hazai, eur\u00f3pai \u00e9s preszt\u00edzs borp\u00e1ros\u00edt\u00e1s | Fine dining\" \/>\n<meta property=\"og:url\" content=\"https:\/\/saltbudapest.com\/hu\/menu\/\" \/>\n<meta property=\"og:site_name\" content=\"SALT Budapest\" \/>\n<meta property=\"article:modified_time\" content=\"2026-02-10T15:12:47+00:00\" \/>\n<meta property=\"og:image\" content=\"https:\/\/saltbudapest.com\/wp-content\/uploads\/2024\/01\/social_image_salt.jpg\" \/>\n\t<meta property=\"og:image:width\" content=\"1200\" \/>\n\t<meta property=\"og:image:height\" content=\"630\" \/>\n\t<meta property=\"og:image:type\" content=\"image\/jpeg\" \/>\n<meta name=\"twitter:card\" content=\"summary_large_image\" \/>\n<meta name=\"twitter:label1\" content=\"Becs\u00fclt olvas\u00e1si id\u0151\" \/>\n\t<meta name=\"twitter:data1\" content=\"1 perc\" \/>\n<script type=\"application\/ld+json\" class=\"yoast-schema-graph\">{\"@context\":\"https:\/\/schema.org\",\"@graph\":[{\"@type\":\"WebPage\",\"@id\":\"https:\/\/saltbudapest.com\/hu\/menu\/\",\"url\":\"https:\/\/saltbudapest.com\/hu\/menu\/\",\"name\":\"Deguszt\u00e1ci\u00f3s Men\u00fc - Salt Budapest\",\"isPartOf\":{\"@id\":\"https:\/\/saltbudapest.com\/hu\/#website\"},\"datePublished\":\"2023-12-18T09:59:19+00:00\",\"dateModified\":\"2026-02-10T15:12:47+00:00\",\"description\":\"\u00c9tlap | Michelin-csillagos \u00e9tterem tradicion\u00e1lis magyar konyha alapj\u00e1n | 15 fog\u00e1sos deguszt\u00e1ci\u00f3s men\u00fc | Hazai, eur\u00f3pai \u00e9s preszt\u00edzs borp\u00e1ros\u00edt\u00e1s | Fine dining\",\"breadcrumb\":{\"@id\":\"https:\/\/saltbudapest.com\/hu\/menu\/#breadcrumb\"},\"inLanguage\":\"hu\",\"potentialAction\":[{\"@type\":\"ReadAction\",\"target\":[\"https:\/\/saltbudapest.com\/hu\/menu\/\"]}]},{\"@type\":\"BreadcrumbList\",\"@id\":\"https:\/\/saltbudapest.com\/hu\/menu\/#breadcrumb\",\"itemListElement\":[{\"@type\":\"ListItem\",\"position\":1,\"name\":\"Home\",\"item\":\"https:\/\/saltbudapest.com\/hu\/\"},{\"@type\":\"ListItem\",\"position\":2,\"name\":\"Men\u00fc\"}]},{\"@type\":\"WebSite\",\"@id\":\"https:\/\/saltbudapest.com\/hu\/#website\",\"url\":\"https:\/\/saltbudapest.com\/hu\/\",\"name\":\"SALT Budapest\",\"description\":\"\",\"publisher\":{\"@id\":\"https:\/\/saltbudapest.com\/hu\/#organization\"},\"potentialAction\":[{\"@type\":\"SearchAction\",\"target\":{\"@type\":\"EntryPoint\",\"urlTemplate\":\"https:\/\/saltbudapest.com\/hu\/?s={search_term_string}\"},\"query-input\":{\"@type\":\"PropertyValueSpecification\",\"valueRequired\":true,\"valueName\":\"search_term_string\"}}],\"inLanguage\":\"hu\"},{\"@type\":\"Organization\",\"@id\":\"https:\/\/saltbudapest.com\/hu\/#organization\",\"name\":\"SALT Budapest\",\"url\":\"https:\/\/saltbudapest.com\/hu\/\",\"logo\":{\"@type\":\"ImageObject\",\"inLanguage\":\"hu\",\"@id\":\"https:\/\/saltbudapest.com\/hu\/#\/schema\/logo\/image\/\",\"url\":\"https:\/\/saltbudapest.com\/wp-content\/uploads\/2023\/11\/logo.svg\",\"contentUrl\":\"https:\/\/saltbudapest.com\/wp-content\/uploads\/2023\/11\/logo.svg\",\"width\":1,\"height\":1,\"caption\":\"SALT Budapest\"},\"image\":{\"@id\":\"https:\/\/saltbudapest.com\/hu\/#\/schema\/logo\/image\/\"}}]}<\/script>\n<!-- \/ Yoast SEO Premium plugin. -->","yoast_head_json":{"title":"Deguszt\u00e1ci\u00f3s Men\u00fc - Salt Budapest","description":"\u00c9tlap | Michelin-csillagos \u00e9tterem tradicion\u00e1lis magyar konyha alapj\u00e1n | 15 fog\u00e1sos deguszt\u00e1ci\u00f3s men\u00fc | Hazai, eur\u00f3pai \u00e9s preszt\u00edzs borp\u00e1ros\u00edt\u00e1s | Fine dining","robots":{"index":"index","follow":"follow","max-snippet":"max-snippet:-1","max-image-preview":"max-image-preview:large","max-video-preview":"max-video-preview:-1"},"canonical":"https:\/\/saltbudapest.com\/hu\/menu\/","og_locale":"hu_HU","og_type":"article","og_title":"Men\u00fc","og_description":"\u00c9tlap | Michelin-csillagos \u00e9tterem tradicion\u00e1lis magyar konyha alapj\u00e1n | 15 fog\u00e1sos deguszt\u00e1ci\u00f3s men\u00fc | Hazai, eur\u00f3pai \u00e9s preszt\u00edzs borp\u00e1ros\u00edt\u00e1s | Fine dining","og_url":"https:\/\/saltbudapest.com\/hu\/menu\/","og_site_name":"SALT Budapest","article_modified_time":"2026-02-10T15:12:47+00:00","og_image":[{"width":1200,"height":630,"url":"https:\/\/saltbudapest.com\/wp-content\/uploads\/2024\/01\/social_image_salt.jpg","type":"image\/jpeg"}],"twitter_card":"summary_large_image","twitter_misc":{"Becs\u00fclt olvas\u00e1si id\u0151":"1 perc"},"schema":{"@context":"https:\/\/schema.org","@graph":[{"@type":"WebPage","@id":"https:\/\/saltbudapest.com\/hu\/menu\/","url":"https:\/\/saltbudapest.com\/hu\/menu\/","name":"Deguszt\u00e1ci\u00f3s Men\u00fc - Salt Budapest","isPartOf":{"@id":"https:\/\/saltbudapest.com\/hu\/#website"},"datePublished":"2023-12-18T09:59:19+00:00","dateModified":"2026-02-10T15:12:47+00:00","description":"\u00c9tlap | Michelin-csillagos \u00e9tterem tradicion\u00e1lis magyar konyha alapj\u00e1n | 15 fog\u00e1sos deguszt\u00e1ci\u00f3s men\u00fc | Hazai, eur\u00f3pai \u00e9s preszt\u00edzs borp\u00e1ros\u00edt\u00e1s | Fine dining","breadcrumb":{"@id":"https:\/\/saltbudapest.com\/hu\/menu\/#breadcrumb"},"inLanguage":"hu","potentialAction":[{"@type":"ReadAction","target":["https:\/\/saltbudapest.com\/hu\/menu\/"]}]},{"@type":"BreadcrumbList","@id":"https:\/\/saltbudapest.com\/hu\/menu\/#breadcrumb","itemListElement":[{"@type":"ListItem","position":1,"name":"Home","item":"https:\/\/saltbudapest.com\/hu\/"},{"@type":"ListItem","position":2,"name":"Men\u00fc"}]},{"@type":"WebSite","@id":"https:\/\/saltbudapest.com\/hu\/#website","url":"https:\/\/saltbudapest.com\/hu\/","name":"SALT Budapest","description":"","publisher":{"@id":"https:\/\/saltbudapest.com\/hu\/#organization"},"potentialAction":[{"@type":"SearchAction","target":{"@type":"EntryPoint","urlTemplate":"https:\/\/saltbudapest.com\/hu\/?s={search_term_string}"},"query-input":{"@type":"PropertyValueSpecification","valueRequired":true,"valueName":"search_term_string"}}],"inLanguage":"hu"},{"@type":"Organization","@id":"https:\/\/saltbudapest.com\/hu\/#organization","name":"SALT Budapest","url":"https:\/\/saltbudapest.com\/hu\/","logo":{"@type":"ImageObject","inLanguage":"hu","@id":"https:\/\/saltbudapest.com\/hu\/#\/schema\/logo\/image\/","url":"https:\/\/saltbudapest.com\/wp-content\/uploads\/2023\/11\/logo.svg","contentUrl":"https:\/\/saltbudapest.com\/wp-content\/uploads\/2023\/11\/logo.svg","width":1,"height":1,"caption":"SALT Budapest"},"image":{"@id":"https:\/\/saltbudapest.com\/hu\/#\/schema\/logo\/image\/"}}]}},"_links":{"self":[{"href":"https:\/\/saltbudapest.com\/hu\/wp-json\/wp\/v2\/pages\/823","targetHints":{"allow":["GET"]}}],"collection":[{"href":"https:\/\/saltbudapest.com\/hu\/wp-json\/wp\/v2\/pages"}],"about":[{"href":"https:\/\/saltbudapest.com\/hu\/wp-json\/wp\/v2\/types\/page"}],"author":[{"embeddable":true,"href":"https:\/\/saltbudapest.com\/hu\/wp-json\/wp\/v2\/users\/1"}],"replies":[{"embeddable":true,"href":"https:\/\/saltbudapest.com\/hu\/wp-json\/wp\/v2\/comments?post=823"}],"version-history":[{"count":18,"href":"https:\/\/saltbudapest.com\/hu\/wp-json\/wp\/v2\/pages\/823\/revisions"}],"predecessor-version":[{"id":5452,"href":"https:\/\/saltbudapest.com\/hu\/wp-json\/wp\/v2\/pages\/823\/revisions\/5452"}],"wp:attachment":[{"href":"https:\/\/saltbudapest.com\/hu\/wp-json\/wp\/v2\/media?parent=823"}],"curies":[{"name":"wp","href":"https:\/\/api.w.org\/{rel}","templated":true}]}}