{"id":824,"date":"2023-12-18T10:19:36","date_gmt":"2023-12-18T10:19:36","guid":{"rendered":"https:\/\/saltbudapest.com\/reservations\/"},"modified":"2025-12-07T15:19:06","modified_gmt":"2025-12-07T15:19:06","slug":"reservations","status":"publish","type":"page","link":"https:\/\/saltbudapest.com\/hu\/reservations\/","title":{"rendered":"Foglal\u00e1s"},"content":{"rendered":"<p>[et_pb_section fb_built=&#8221;1&#8243; _builder_version=&#8221;4.23.1&#8243; _module_preset=&#8221;default&#8221; custom_margin=&#8221;-100px||0px||false|false&#8221; custom_margin_tablet=&#8221;0px||||false|false&#8221; custom_margin_phone=&#8221;0px||||false|false&#8221; custom_margin_last_edited=&#8221;on|tablet&#8221; custom_padding=&#8221;0px||0px||false|false&#8221; global_colors_info=&#8221;{}&#8221;][et_pb_row column_structure=&#8221;3_5,2_5&#8243; make_equal=&#8221;on&#8221; _builder_version=&#8221;4.23.1&#8243; _module_preset=&#8221;default&#8221; background_color=&#8221;#343b36&#8243; width=&#8221;100%&#8221; max_width=&#8221;2560px&#8221; custom_margin=&#8221;0px||0px||false|false&#8221; custom_margin_tablet=&#8221;0px||0px||false|false&#8221; custom_margin_phone=&#8221;0px||0px||false|false&#8221; custom_margin_last_edited=&#8221;on|tablet&#8221; custom_padding=&#8221;50px||0px||false|false&#8221; global_colors_info=&#8221;{}&#8221;][et_pb_column type=&#8221;3_5&#8243; _builder_version=&#8221;4.23.1&#8243; _module_preset=&#8221;default&#8221; background_color=&#8221;RGBA(255,255,255,0)&#8221; custom_padding=&#8221;4%|5%|4%|5%|true|true&#8221; custom_padding_tablet=&#8221;|5%|||true|false&#8221; custom_padding_phone=&#8221;|5%|||true|false&#8221; custom_padding_last_edited=&#8221;off|desktop&#8221; global_colors_info=&#8221;{}&#8221;][et_pb_text _builder_version=&#8221;4.23.1&#8243; _module_preset=&#8221;default&#8221; text_font=&#8221;BotanikaMono Bold|||on|||||&#8221; text_text_color=&#8221;#d4c7a5&#8243; text_font_size=&#8221;30px&#8221; header_text_color=&#8221;#d4c7a5&#8243; global_colors_info=&#8221;{}&#8221;]<\/p>\n<h1>FOGLAL\u00c1S<\/h1>\n<p>[\/et_pb_text][et_pb_button button_url=&#8221;https:\/\/book.dinnerbooking.com\/hu\/hu-HU\/book\/index\/2210\/2?_ga=2.93157789.1238812025.1702849767-1624318133.1699968712&#038;_gl=1*1noq1bj*_ga*MTYyNDMxODEzMy4xNjk5OTY4NzEy*_ga_JMV5YS6E5P*MTcwMjg5NTExMi4yMS4xLjE3MDI4OTY1MDcuMjYuMC4w&#8221; url_new_window=&#8221;on&#8221; button_text=&#8221;Foglal\u00e1s&#8221; button_alignment=&#8221;right&#8221; button_alignment_tablet=&#8221;right&#8221; button_alignment_phone=&#8221;left&#8221; button_alignment_last_edited=&#8221;on|phone&#8221; _builder_version=&#8221;4.23.1&#8243; _module_preset=&#8221;default&#8221; custom_button=&#8221;on&#8221; button_text_size=&#8221;16px&#8221; button_text_color=&#8221;#343b36&#8243; button_bg_color=&#8221;#d4c7a5&#8243; button_border_color=&#8221;#d4c7a5&#8243; custom_margin=&#8221;-4em||||false|false&#8221; custom_margin_tablet=&#8221;-4em||||false|false&#8221; custom_margin_phone=&#8221;0em||||false|false&#8221; custom_margin_last_edited=&#8221;on|phone&#8221; global_colors_info=&#8221;{}&#8221;][\/et_pb_button][et_pb_text _builder_version=&#8221;4.27.4&#8243; _module_preset=&#8221;default&#8221; text_text_color=&#8221;#d4c7a5&#8243; hover_enabled=&#8221;0&#8243; global_colors_info=&#8221;{}&#8221; sticky_enabled=&#8221;0&#8243;]<\/p>\n<p>ASZTALFOGLAL\u00c1S &#8211; SALT BUDAPEST<span class=\"s1\"><strong><br clear=\"all\" \/><\/strong><\/span><\/p>\n<div>\u00a0<\/div>\n<p>K\u00e9rj\u00fck kedves vend\u00e9geinket, vegy\u00e9k figyelembe, hogy \u00e9tterm\u00fcnkbe asztalt foglalni kiz\u00e1r\u00f3lag az <a href=\"https:\/\/book.dinnerbooking.com\/hu\/en-US\/book\/table\/pax\/2210\/2?theme=NewBackend\">online asztalfoglal\u00e1si<\/a> fel\u00fclet\u00fcnk\u00f6n tudnak <b><i>\u00e9rv\u00e9nyes bankk\u00e1rtyaadatok megad\u00e1s\u00e1val<\/i><\/b>.<br \/><span class=\"Apple-converted-space\">Sajnos a DinnerBooking rendszer\u00e9n kereszt\u00fcl nem m\u0171k\u00f6dik a foglal\u00e1s egyes bankk\u00e1rty\u00e1kkal. Arra k\u00e9rj\u00fck, hogy amennyiben probl\u00e9m\u00e1t tapasztal, keressen minket el\u00e9rhet\u0151s\u00e9geinken.<br \/><\/span><span class=\"s3\"><i>(Az asztalfoglal\u00e1s v\u00e9gleges\u00edt\u00e9s\u00e9hez kattintsanak a \u201eComplete booking\u201d gombra)<\/i><\/span><\/p>\n<p><span class=\"s1\">A bankk\u00e1rty\u00e1ra nem terhel\u00fcnk \u00f6sszeget, kiv\u00e9ve <\/span><span class=\"s2\">k\u00e9s\u0151i lemond\u00e1s, m\u00f3dos\u00edt\u00e1s vagy meg nem jelen\u00e9s eset\u00e9n.<\/span><\/p>\n<p><span class=\"s1\">A foglal\u00e1s d\u00edjmentesen lemondhat\u00f3 vagy m\u00f3dos\u00edthat\u00f3, amennyiben sz\u00e1nd\u00e9k\u00e1t id\u0151ben &#8211; legal\u00e1bb 48 \u00f3r\u00e1val a foglalt id\u0151pont el\u0151tt- jelzi \u00edr\u00e1sban a <span style=\"text-decoration: underline;\"><a href=\"mailto:salt@saltbudapest.com\"><span class=\"s2\">salt@saltbudapest.com<\/span><\/a><\/span> e-mail c\u00edmre.<\/span><\/p>\n<p><span class=\"s1\">Amennyiben a foglal\u00e1st 48 \u00f3r\u00e1n bel\u00fcl t\u00f6rlik, m\u00f3dos\u00edtj\u00e1k a vend\u00e9gsz\u00e1mot, vagy az adott id\u0151pontban nem jelennek meg, \u00fagy a foglalt l\u00e9tsz\u00e1m szerint, fejenk\u00e9nt egy k\u00f3stol\u00f3men\u00fc \u00e1r\u00e1t terhelj\u00fck a megadott bankk\u00e1rty\u00e1ra.<\/span><\/p>\n<p><span class=\"s1\">A foglal\u00e1s csak abban az esetben \u00e9rv\u00e9nyes, ha a visszaigazol\u00e1s meg\u00e9rkezett.<br \/>Asztalfoglal\u00e1st csak 90 napon bel\u00fcli id\u0151pontra tudunk visszaigazolni.<\/span><\/p>\n<p><span class=\"s1\">\u00c9tterm\u00fcnkben fix k\u00f3stol\u00f3men\u00fcvel k\u00e9sz\u00fcl\u00fcnk, amit\u0151l elt\u00e9rni nem \u00e1ll m\u00f3dunkban.<\/span><\/p>\n<p>A fix men\u00fc \u00e9s a SALT \u00e9lm\u00e9ny gyermekek eset\u00e9n 10 \u00e9ves kor felett aj\u00e1nlott.<\/p>\n<p>Az \u00e9tteremt\u00e9rbe kuty\u00e1kat, m\u00e1s h\u00e1zi\u00e1llatokat sajnos nem lehet behozni.<\/p>\n<p><span class=\"s1\"><b><i>Allergi\u00e1kr\u00f3l vagy az \u00e9telv\u00e1laszt\u00e1st befoly\u00e1sol\u00f3 \u00e9trendr\u0151l (pl.: vegetarianizmus, vegan \u00e9trend, stb.) k\u00e9rj\u00fck az asztalfoglal\u00e1sn\u00e1l adjon t\u00e1j\u00e9koztat\u00e1st! Ebben az esetben az \u00d6n sz\u00e1m\u00e1ra megfelel\u0151 men\u00fcvel k\u00e9sz\u00fcl\u00fcnk. Ennek elmulaszt\u00e1sa eset\u00e9n a konyh\u00e1nk jelleg\u00e9b\u0151l ad\u00f3d\u00f3an a helysz\u00ednen a men\u00fcn v\u00e1ltoztatni nem tudunk.<\/i><\/b><\/span><\/p>\n<p>A SALT men\u00fcje k\u00fcl\u00f6nf\u00e9le h\u00fas- (pl.: diszn\u00f3, marha) \u00e9s halfog\u00e1sokat tartalmaz, melyeket egyedi preferenci\u00e1k alapj\u00e1n sajnos nem \u00e1ll m\u00f3dunkban egyes\u00e9vel m\u00f3dos\u00edtani vagy kicser\u00e9lni. Amennyiben ezek nem felelnek meg az \u00d6n ig\u00e9nyeinek, a klasszikus men\u00fc mellett veget\u00e1ri\u00e1nus \u00e9s veg\u00e1n men\u00fcinkkel tudunk k\u00e9sz\u00fclni, amennyiben el\u0151re t\u00e1j\u00e9koztatnak minket a men\u00fcig\u00e9nyr\u0151l a foglal\u00e1s sor\u00e1n.<\/p>\n<p><span class=\"s1\"><b>ASZTALFOGLAL\u00c1S 8 F\u0150 FELETT<br \/><\/b><\/span><br \/><span class=\"s1\">Abban az esetben, ha<span class=\"Apple-converted-space\"> 8<\/span> f\u0151n\u00e9l nagyobb t\u00e1rsas\u00e1ggal \u00e9rkezne, vegye fel vel\u00fcnk kapcsolatot a <span style=\"text-decoration: underline;\"><a href=\"mailto:salt@saltbudapest.com\"><span class=\"s2\">salt@saltbudapest.com<\/span><\/a><\/span> email c\u00edmen, ahol t\u00e1j\u00e9koztatjuk a tov\u00e1bbi lehet\u0151s\u00e9gekr\u0151l.<\/span><\/p>\n<p>&#8212;<br \/><strong>Ha a vacsora ut\u00e1n az \u00e9jszak\u00e1t a Salt-nak is otthon ad\u00f3 Hotel RUM-ban, vagy a p\u00e1r percre l\u00e9v\u0151 Hotel GIN-ben t\u00f6lten\u00e9, aj\u00e1nljuk kedvezm\u00e9nyes csomagunkat, ami hotelszob\u00e1t \u00e9s reggelit is tartalmaz. Ismerje meg k\u00fcl\u00f6nleges aj\u00e1nlatunkat <span style=\"text-decoration: underline;\"><a href=\"https:\/\/saltbudapest.com\/hu\/exclusive-offer\/\">ITT<\/a><\/span>.<\/strong><\/p>\n<p>[\/et_pb_text][et_pb_image src=&#8221;https:\/\/saltbudapest.com\/wp-content\/uploads\/2023\/12\/Rice_Pudding.jpg&#8221; title_text=&#8221;Rice_Pudding&#8221; disabled_on=&#8221;off|off|on&#8221; _builder_version=&#8221;4.23.1&#8243; _module_preset=&#8221;default&#8221; global_colors_info=&#8221;{}&#8221;][\/et_pb_image][\/et_pb_column][et_pb_column type=&#8221;2_5&#8243; _builder_version=&#8221;4.23.1&#8243; _module_preset=&#8221;default&#8221; global_colors_info=&#8221;{}&#8221;][et_pb_image src=&#8221;https:\/\/saltbudapest.com\/wp-content\/uploads\/2025\/03\/N85_8149-scaled.jpg&#8221; title_text=&#8221;N85_8149&#8243; disabled_on=&#8221;on|on|off&#8221; _builder_version=&#8221;4.27.4&#8243; _module_preset=&#8221;default&#8221; custom_margin=&#8221;-50px||||false|false&#8221; sticky_position=&#8221;top&#8221; sticky_limit_top=&#8221;section&#8221; sticky_limit_bottom=&#8221;row&#8221; sticky_offset_surrounding=&#8221;off&#8221; motion_trigger_start=&#8221;top&#8221; sticky_position_tablet=&#8221;none&#8221; sticky_position_phone=&#8221;none&#8221; sticky_position_last_edited=&#8221;on|desktop&#8221; global_colors_info=&#8221;{}&#8221;][\/et_pb_image][\/et_pb_column][\/et_pb_row][\/et_pb_section]<\/p>\n","protected":false},"excerpt":{"rendered":"<p>FOGLAL\u00c1SASZTALFOGLAL\u00c1S &#8211; SALT BUDAPEST \u00a0 K\u00e9rj\u00fck kedves vend\u00e9geinket, vegy\u00e9k figyelembe, hogy \u00e9tterm\u00fcnkbe asztalt foglalni kiz\u00e1r\u00f3lag az online asztalfoglal\u00e1si fel\u00fclet\u00fcnk\u00f6n tudnak \u00e9rv\u00e9nyes bankk\u00e1rtyaadatok megad\u00e1s\u00e1val.Sajnos a DinnerBooking rendszer\u00e9n kereszt\u00fcl nem m\u0171k\u00f6dik a foglal\u00e1s egyes bankk\u00e1rty\u00e1kkal. Arra k\u00e9rj\u00fck, hogy amennyiben probl\u00e9m\u00e1t tapasztal, keressen minket el\u00e9rhet\u0151s\u00e9geinken.(Az asztalfoglal\u00e1s v\u00e9gleges\u00edt\u00e9s\u00e9hez kattintsanak a \u201eComplete booking\u201d gombra) A bankk\u00e1rty\u00e1ra nem terhel\u00fcnk \u00f6sszeget, kiv\u00e9ve [&hellip;]<\/p>\n","protected":false},"author":1,"featured_media":0,"parent":0,"menu_order":0,"comment_status":"closed","ping_status":"closed","template":"","meta":{"_et_pb_use_builder":"on","_et_pb_old_content":"","_et_gb_content_width":"","footnotes":""},"class_list":["post-824","page","type-page","status-publish","hentry"],"yoast_head":"<!-- This site is optimized with the Yoast SEO Premium plugin v26.9 (Yoast SEO v26.9) - https:\/\/yoast.com\/product\/yoast-seo-premium-wordpress\/ -->\n<title>Foglal\u00e1s - Salt Budapest<\/title>\n<meta name=\"description\" content=\"Foglalj asztalt a SALT-ba, \u00e9s k\u00f3stold meg 15 fog\u00e1sos men\u00fcnket, ak\u00e1r bor- vagy dzs\u00faszp\u00e1ros\u00edt\u00e1ssal!\" \/>\n<meta name=\"robots\" content=\"index, follow, max-snippet:-1, max-image-preview:large, max-video-preview:-1\" \/>\n<link rel=\"canonical\" href=\"https:\/\/saltbudapest.com\/hu\/reservations\/\" \/>\n<meta property=\"og:locale\" content=\"hu_HU\" \/>\n<meta property=\"og:type\" content=\"article\" \/>\n<meta property=\"og:title\" content=\"Foglal\u00e1s\" \/>\n<meta property=\"og:description\" content=\"Foglalj asztalt a SALT-ba, \u00e9s k\u00f3stold meg 15 fog\u00e1sos men\u00fcnket, ak\u00e1r bor- vagy dzs\u00faszp\u00e1ros\u00edt\u00e1ssal!\" \/>\n<meta property=\"og:url\" content=\"https:\/\/saltbudapest.com\/hu\/reservations\/\" \/>\n<meta property=\"og:site_name\" content=\"SALT Budapest\" \/>\n<meta property=\"article:modified_time\" content=\"2025-12-07T15:19:06+00:00\" \/>\n<meta property=\"og:image\" content=\"https:\/\/saltbudapest.com\/wp-content\/uploads\/2024\/01\/social_image_salt.jpg\" \/>\n\t<meta property=\"og:image:width\" content=\"1200\" \/>\n\t<meta property=\"og:image:height\" content=\"630\" \/>\n\t<meta property=\"og:image:type\" content=\"image\/jpeg\" \/>\n<meta name=\"twitter:card\" content=\"summary_large_image\" \/>\n<meta name=\"twitter:label1\" content=\"Becs\u00fclt olvas\u00e1si id\u0151\" \/>\n\t<meta name=\"twitter:data1\" content=\"2 perc\" \/>\n<script type=\"application\/ld+json\" class=\"yoast-schema-graph\">{\"@context\":\"https:\/\/schema.org\",\"@graph\":[{\"@type\":\"WebPage\",\"@id\":\"https:\/\/saltbudapest.com\/hu\/reservations\/\",\"url\":\"https:\/\/saltbudapest.com\/hu\/reservations\/\",\"name\":\"Foglal\u00e1s - Salt Budapest\",\"isPartOf\":{\"@id\":\"https:\/\/saltbudapest.com\/#website\"},\"datePublished\":\"2023-12-18T10:19:36+00:00\",\"dateModified\":\"2025-12-07T15:19:06+00:00\",\"description\":\"Foglalj asztalt a SALT-ba, \u00e9s k\u00f3stold meg 15 fog\u00e1sos men\u00fcnket, ak\u00e1r bor- vagy dzs\u00faszp\u00e1ros\u00edt\u00e1ssal!\",\"breadcrumb\":{\"@id\":\"https:\/\/saltbudapest.com\/hu\/reservations\/#breadcrumb\"},\"inLanguage\":\"hu\",\"potentialAction\":[{\"@type\":\"ReadAction\",\"target\":[\"https:\/\/saltbudapest.com\/hu\/reservations\/\"]}]},{\"@type\":\"BreadcrumbList\",\"@id\":\"https:\/\/saltbudapest.com\/hu\/reservations\/#breadcrumb\",\"itemListElement\":[{\"@type\":\"ListItem\",\"position\":1,\"name\":\"Home\",\"item\":\"https:\/\/saltbudapest.com\/hu\/\"},{\"@type\":\"ListItem\",\"position\":2,\"name\":\"Foglal\u00e1s\"}]},{\"@type\":\"WebSite\",\"@id\":\"https:\/\/saltbudapest.com\/#website\",\"url\":\"https:\/\/saltbudapest.com\/\",\"name\":\"SALT Budapest\",\"description\":\"\",\"publisher\":{\"@id\":\"https:\/\/saltbudapest.com\/#organization\"},\"potentialAction\":[{\"@type\":\"SearchAction\",\"target\":{\"@type\":\"EntryPoint\",\"urlTemplate\":\"https:\/\/saltbudapest.com\/?s={search_term_string}\"},\"query-input\":{\"@type\":\"PropertyValueSpecification\",\"valueRequired\":true,\"valueName\":\"search_term_string\"}}],\"inLanguage\":\"hu\"},{\"@type\":\"Organization\",\"@id\":\"https:\/\/saltbudapest.com\/#organization\",\"name\":\"SALT Budapest\",\"url\":\"https:\/\/saltbudapest.com\/\",\"logo\":{\"@type\":\"ImageObject\",\"inLanguage\":\"hu\",\"@id\":\"https:\/\/saltbudapest.com\/#\/schema\/logo\/image\/\",\"url\":\"https:\/\/saltbudapest.com\/wp-content\/uploads\/2023\/11\/logo.svg\",\"contentUrl\":\"https:\/\/saltbudapest.com\/wp-content\/uploads\/2023\/11\/logo.svg\",\"width\":1,\"height\":1,\"caption\":\"SALT Budapest\"},\"image\":{\"@id\":\"https:\/\/saltbudapest.com\/#\/schema\/logo\/image\/\"}}]}<\/script>\n<!-- \/ Yoast SEO Premium plugin. -->","yoast_head_json":{"title":"Foglal\u00e1s - Salt Budapest","description":"Foglalj asztalt a SALT-ba, \u00e9s k\u00f3stold meg 15 fog\u00e1sos men\u00fcnket, ak\u00e1r bor- vagy dzs\u00faszp\u00e1ros\u00edt\u00e1ssal!","robots":{"index":"index","follow":"follow","max-snippet":"max-snippet:-1","max-image-preview":"max-image-preview:large","max-video-preview":"max-video-preview:-1"},"canonical":"https:\/\/saltbudapest.com\/hu\/reservations\/","og_locale":"hu_HU","og_type":"article","og_title":"Foglal\u00e1s","og_description":"Foglalj asztalt a SALT-ba, \u00e9s k\u00f3stold meg 15 fog\u00e1sos men\u00fcnket, ak\u00e1r bor- vagy dzs\u00faszp\u00e1ros\u00edt\u00e1ssal!","og_url":"https:\/\/saltbudapest.com\/hu\/reservations\/","og_site_name":"SALT Budapest","article_modified_time":"2025-12-07T15:19:06+00:00","og_image":[{"width":1200,"height":630,"url":"https:\/\/saltbudapest.com\/wp-content\/uploads\/2024\/01\/social_image_salt.jpg","type":"image\/jpeg"}],"twitter_card":"summary_large_image","twitter_misc":{"Becs\u00fclt olvas\u00e1si id\u0151":"2 perc"},"schema":{"@context":"https:\/\/schema.org","@graph":[{"@type":"WebPage","@id":"https:\/\/saltbudapest.com\/hu\/reservations\/","url":"https:\/\/saltbudapest.com\/hu\/reservations\/","name":"Foglal\u00e1s - Salt Budapest","isPartOf":{"@id":"https:\/\/saltbudapest.com\/#website"},"datePublished":"2023-12-18T10:19:36+00:00","dateModified":"2025-12-07T15:19:06+00:00","description":"Foglalj asztalt a SALT-ba, \u00e9s k\u00f3stold meg 15 fog\u00e1sos men\u00fcnket, ak\u00e1r bor- vagy dzs\u00faszp\u00e1ros\u00edt\u00e1ssal!","breadcrumb":{"@id":"https:\/\/saltbudapest.com\/hu\/reservations\/#breadcrumb"},"inLanguage":"hu","potentialAction":[{"@type":"ReadAction","target":["https:\/\/saltbudapest.com\/hu\/reservations\/"]}]},{"@type":"BreadcrumbList","@id":"https:\/\/saltbudapest.com\/hu\/reservations\/#breadcrumb","itemListElement":[{"@type":"ListItem","position":1,"name":"Home","item":"https:\/\/saltbudapest.com\/hu\/"},{"@type":"ListItem","position":2,"name":"Foglal\u00e1s"}]},{"@type":"WebSite","@id":"https:\/\/saltbudapest.com\/#website","url":"https:\/\/saltbudapest.com\/","name":"SALT Budapest","description":"","publisher":{"@id":"https:\/\/saltbudapest.com\/#organization"},"potentialAction":[{"@type":"SearchAction","target":{"@type":"EntryPoint","urlTemplate":"https:\/\/saltbudapest.com\/?s={search_term_string}"},"query-input":{"@type":"PropertyValueSpecification","valueRequired":true,"valueName":"search_term_string"}}],"inLanguage":"hu"},{"@type":"Organization","@id":"https:\/\/saltbudapest.com\/#organization","name":"SALT Budapest","url":"https:\/\/saltbudapest.com\/","logo":{"@type":"ImageObject","inLanguage":"hu","@id":"https:\/\/saltbudapest.com\/#\/schema\/logo\/image\/","url":"https:\/\/saltbudapest.com\/wp-content\/uploads\/2023\/11\/logo.svg","contentUrl":"https:\/\/saltbudapest.com\/wp-content\/uploads\/2023\/11\/logo.svg","width":1,"height":1,"caption":"SALT Budapest"},"image":{"@id":"https:\/\/saltbudapest.com\/#\/schema\/logo\/image\/"}}]}},"_links":{"self":[{"href":"https:\/\/saltbudapest.com\/hu\/wp-json\/wp\/v2\/pages\/824","targetHints":{"allow":["GET"]}}],"collection":[{"href":"https:\/\/saltbudapest.com\/hu\/wp-json\/wp\/v2\/pages"}],"about":[{"href":"https:\/\/saltbudapest.com\/hu\/wp-json\/wp\/v2\/types\/page"}],"author":[{"embeddable":true,"href":"https:\/\/saltbudapest.com\/hu\/wp-json\/wp\/v2\/users\/1"}],"replies":[{"embeddable":true,"href":"https:\/\/saltbudapest.com\/hu\/wp-json\/wp\/v2\/comments?post=824"}],"version-history":[{"count":7,"href":"https:\/\/saltbudapest.com\/hu\/wp-json\/wp\/v2\/pages\/824\/revisions"}],"predecessor-version":[{"id":5037,"href":"https:\/\/saltbudapest.com\/hu\/wp-json\/wp\/v2\/pages\/824\/revisions\/5037"}],"wp:attachment":[{"href":"https:\/\/saltbudapest.com\/hu\/wp-json\/wp\/v2\/media?parent=824"}],"curies":[{"name":"wp","href":"https:\/\/api.w.org\/{rel}","templated":true}]}}