{"id":825,"date":"2023-12-18T10:24:51","date_gmt":"2023-12-18T10:24:51","guid":{"rendered":"https:\/\/saltbudapest.com\/salts-special\/"},"modified":"2025-09-09T10:32:29","modified_gmt":"2025-09-09T10:32:29","slug":"exclusive-offer","status":"publish","type":"page","link":"https:\/\/saltbudapest.com\/hu\/exclusive-offer\/","title":{"rendered":"K\u00fcl\u00f6nleges aj\u00e1nlat"},"content":{"rendered":"<p>[et_pb_section fb_built=&#8221;1&#8243; _builder_version=&#8221;4.23.1&#8243; _module_preset=&#8221;default&#8221; custom_margin=&#8221;-100px||0px||false|false&#8221; custom_margin_tablet=&#8221;0px||||false|false&#8221; custom_margin_phone=&#8221;0px||||false|false&#8221; custom_margin_last_edited=&#8221;on|tablet&#8221; custom_padding=&#8221;0px||0px||false|false&#8221; global_colors_info=&#8221;{}&#8221;][et_pb_row column_structure=&#8221;3_5,2_5&#8243; make_equal=&#8221;on&#8221; _builder_version=&#8221;4.23.1&#8243; _module_preset=&#8221;default&#8221; background_color=&#8221;#343b36&#8243; width=&#8221;100%&#8221; max_width=&#8221;2560px&#8221; custom_margin=&#8221;0px||0px||false|false&#8221; custom_margin_tablet=&#8221;0px||0px||false|false&#8221; custom_margin_phone=&#8221;0px||0px||false|false&#8221; custom_margin_last_edited=&#8221;on|tablet&#8221; custom_padding=&#8221;50px||0px||false|false&#8221; global_colors_info=&#8221;{}&#8221;][et_pb_column type=&#8221;3_5&#8243; _builder_version=&#8221;4.23.1&#8243; _module_preset=&#8221;default&#8221; background_color=&#8221;RGBA(255,255,255,0)&#8221; custom_padding=&#8221;4%|5%|4%|5%|true|false&#8221; custom_padding_tablet=&#8221;4%|5%|4%|5%|true|false&#8221; custom_padding_phone=&#8221;4%|5%|4%|5%|true|false&#8221; custom_padding_last_edited=&#8221;off|desktop&#8221; global_colors_info=&#8221;{}&#8221;][et_pb_text _builder_version=&#8221;4.23.1&#8243; _module_preset=&#8221;default&#8221; text_font=&#8221;BotanikaMono Bold|||on|||||&#8221; text_text_color=&#8221;#d4c7a5&#8243; text_font_size=&#8221;30px&#8221; header_text_color=&#8221;#d4c7a5&#8243; global_colors_info=&#8221;{}&#8221;]<\/p>\n<h1>K\u00dcL\u00d6NLEGES AJ\u00c1NLAT<\/h1>\n<p>[\/et_pb_text][et_pb_text _builder_version=&#8221;4.27.4&#8243; _module_preset=&#8221;default&#8221; text_text_color=&#8221;#d4c7a5&#8243; global_colors_info=&#8221;{}&#8221;]<\/p>\n<p>Vacsor\u00e1zz a SALT-ban \u00e9s t\u00f6lts el egy \u00e9jszak\u00e1t a <a href=\"https:\/\/hotelrumbudapest.com\/\">Hotel RUM-ban<\/a> vagy a <a href=\"https:\/\/hotelginbudapest.com\/\">Hotel GIN-ben<\/a> kedvezm\u00e9nyes aj\u00e1nlatunk keret\u00e9ben.<\/p>\n<p>Ha Budapesten \u00e9lsz, sz\u00f6kj el hozz\u00e1nk egy \u00e9jszak\u00e1ra, ha v\u00e1rosl\u00e1togat\u00e1sra \u00e9rkezt\u00e9l, z\u00e1rd a felfedez\u00e9st egy igazi vacsora-\u00e9lm\u00e9nnyel. Pihenj a csod\u00e1s \u00e9telek \u00e9s borok ut\u00e1n a hoteleink legszebb szob\u00e1inak egyik\u00e9ben, \u00e9s kezdd a m\u00e1snap reggelt a SOLID-csapat \u00e1ltal \u00f6ssze\u00e1ll\u00edtott reggelivel.<\/p>\n<p>[\/et_pb_text][et_pb_image src=&#8221;https:\/\/saltbudapest.com\/wp-content\/uploads\/2023\/12\/rum46-2.jpg&#8221; title_text=&#8221;rum46-2&#8243; _builder_version=&#8221;4.23.1&#8243; _module_preset=&#8221;default&#8221; global_colors_info=&#8221;{}&#8221;][\/et_pb_image][et_pb_text _builder_version=&#8221;4.27.4&#8243; _module_preset=&#8221;default&#8221; text_font=&#8221;BotanikaMono Bold|||on|||||&#8221; text_text_color=&#8221;#d4c7a5&#8243; text_font_size=&#8221;22px&#8221; custom_margin=&#8221;50px||||false|false&#8221; global_colors_info=&#8221;{}&#8221;]<\/p>\n<p>EGY\u00c9JSZAK\u00c1S KALAND A HOTEL RUM-BAN<\/p>\n<p>[\/et_pb_text][et_pb_text _builder_version=&#8221;4.27.4&#8243; _module_preset=&#8221;default&#8221; text_text_color=&#8221;#d4c7a5&#8243; hover_enabled=&#8221;0&#8243; global_colors_info=&#8221;{}&#8221; sticky_enabled=&#8221;0&#8243;]<\/p>\n<p>A csomag tartalmazza:<\/p>\n<ul>\n<li>Szoba 1 \u00e9jszak\u00e1ra a <a href=\"https:\/\/hotelrumbudapest.com\/\">Hotel RUM-ban<\/a><\/li>\n<li>Egy \u00fcveg bor<\/li>\n<li>Vacsora a SALT-ban (15 fog\u00e1s)<\/li>\n<li>Reggeli a SOLID-ban<\/li>\n<li>K\u00e9s\u0151i kijelentkez\u00e9s 12 \u00f3r\u00e1ig<\/li>\n<\/ul>\n<p>\u00c1r:<\/p>\n<p>690 EUR \/ 2 f\u0151 \/ 1 \u00e9j<\/p>\n<div class=\"wp-block-spacer\" aria-hidden=\"true\">\u00a0<\/div>\n<p>Az \u00e1r mag\u00e1ban foglalja a sz\u00e1ll\u00e1st, a reggelit, \u00e9s a k\u00f3stol\u00f3men\u00fct szerv\u00edzd\u00edjjal a SALT-ban, de nem tartalmazza az italcsomagot!<\/p>\n<p>Foglal\u00e1s c\u00e9lj\u00e1b\u00f3l vedd fel vel\u00fcnk a kapcsolatot a\u00a0<span style=\"text-decoration: underline;\"><a href=\"mailto:hello@hotelrumbudapest.com\">hello@hotelrumbudapest.com<\/a><\/span>\u00a0c\u00edmen \u00e9s a t\u00e1rgyban haszn\u00e1ld az EGY \u00c9JSZAKA c\u00edmet.<\/p>\n<p><em>Az aj\u00e1nlat \u00e9rv\u00e9nyes: 2025 december 31-ig (kiemelt id\u0151szakok kiv\u00e9tel\u00e9vel).<\/em><\/p>\n<p>[\/et_pb_text][et_pb_image src=&#8221;https:\/\/saltbudapest.com\/wp-content\/uploads\/2025\/03\/Hotel-GIN-interior-3-1-scaled-1.jpg&#8221; title_text=&#8221;Hotel-GIN-interior-3-1-scaled&#8221; _builder_version=&#8221;4.27.4&#8243; _module_preset=&#8221;default&#8221; global_colors_info=&#8221;{}&#8221;][\/et_pb_image][et_pb_text _builder_version=&#8221;4.27.4&#8243; _module_preset=&#8221;default&#8221; text_font=&#8221;BotanikaMono Bold|||on|||||&#8221; text_text_color=&#8221;#d4c7a5&#8243; text_font_size=&#8221;22px&#8221; custom_margin=&#8221;50px||||false|false&#8221; global_colors_info=&#8221;{}&#8221;]<\/p>\n<p>EGY\u00c9JSZAK\u00c1S KALAND A HOTEL GIN-BEN<\/p>\n<p>[\/et_pb_text][et_pb_text _builder_version=&#8221;4.27.4&#8243; _module_preset=&#8221;default&#8221; text_text_color=&#8221;#d4c7a5&#8243; hover_enabled=&#8221;0&#8243; global_colors_info=&#8221;{}&#8221; sticky_enabled=&#8221;0&#8243;]<\/p>\n<p>A csomag tartalmazza:<\/p>\n<ul>\n<li>Szoba 1 \u00e9jszak\u00e1ra a <a href=\"https:\/\/hotelginbudapest.com\/\">Hotel GIN-ben<\/a><\/li>\n<li>Egy \u00fcveg prosecco<\/li>\n<li>Vacsora a SALT-ban (15 fog\u00e1s)<\/li>\n<li>Reggeli a SOLID-ban<\/li>\n<li>K\u00e9s\u0151i kijelentkez\u00e9s 12 \u00f3r\u00e1ig<\/li>\n<\/ul>\n<p>\u00c1r:<\/p>\n<p>690 EUR \/ 2 f\u0151 \/ 1 \u00e9j<\/p>\n<div class=\"wp-block-spacer\" aria-hidden=\"true\">\u00a0<\/div>\n<p>Az \u00e1r mag\u00e1ban foglalja a sz\u00e1ll\u00e1st, a reggelit, \u00e9s a k\u00f3stol\u00f3men\u00fct szerv\u00edzd\u00edjjal a SALT-ban, de nem tartalmazza az italcsomagot!<\/p>\n<p>Foglal\u00e1s c\u00e9lj\u00e1b\u00f3l vedd fel vel\u00fcnk a kapcsolatot a\u00a0<span style=\"text-decoration: underline;\"><a href=\"mailto:hello@hotelginbudapest.com\">hello@hotelginbudapest.com<\/a><\/span>\u00a0c\u00edmen \u00e9s a t\u00e1rgyban haszn\u00e1ld az EGY \u00c9JSZAKA c\u00edmet.<\/p>\n<p><em>Az aj\u00e1nlat \u00e9rv\u00e9nyes: 2025 december 31-ig (kiemelt id\u0151szakok kiv\u00e9tel\u00e9vel).<\/em><\/p>\n<p>[\/et_pb_text][et_pb_image src=&#8221;https:\/\/saltbudapest.com\/wp-content\/uploads\/2025\/02\/D86_4230-scaled.jpg&#8221; title_text=&#8221;D86_4230&#8243; disabled_on=&#8221;off|off|on&#8221; _builder_version=&#8221;4.27.4&#8243; _module_preset=&#8221;default&#8221; global_colors_info=&#8221;{}&#8221;][\/et_pb_image][\/et_pb_column][et_pb_column type=&#8221;2_5&#8243; _builder_version=&#8221;4.23.1&#8243; _module_preset=&#8221;default&#8221; global_colors_info=&#8221;{}&#8221;][et_pb_image src=&#8221;https:\/\/saltbudapest.com\/wp-content\/uploads\/2024\/01\/DSC_2774-1-1.jpg&#8221; title_text=&#8221;DSC_2774 (1) (1)&#8221; disabled_on=&#8221;on|on|off&#8221; _builder_version=&#8221;4.27.4&#8243; _module_preset=&#8221;default&#8221; custom_margin=&#8221;-50px||||false|false&#8221; sticky_position=&#8221;top&#8221; sticky_limit_top=&#8221;section&#8221; sticky_limit_bottom=&#8221;row&#8221; sticky_offset_surrounding=&#8221;off&#8221; motion_trigger_start=&#8221;top&#8221; sticky_position_tablet=&#8221;none&#8221; sticky_position_phone=&#8221;none&#8221; sticky_position_last_edited=&#8221;on|desktop&#8221; global_colors_info=&#8221;{}&#8221;][\/et_pb_image][\/et_pb_column][\/et_pb_row][\/et_pb_section]<\/p>\n","protected":false},"excerpt":{"rendered":"<p>K\u00dcL\u00d6NLEGES AJ\u00c1NLATVacsor\u00e1zz a SALT-ban \u00e9s t\u00f6lts el egy \u00e9jszak\u00e1t a Hotel RUM-ban vagy a Hotel GIN-ben kedvezm\u00e9nyes aj\u00e1nlatunk keret\u00e9ben. Ha Budapesten \u00e9lsz, sz\u00f6kj el hozz\u00e1nk egy \u00e9jszak\u00e1ra, ha v\u00e1rosl\u00e1togat\u00e1sra \u00e9rkezt\u00e9l, z\u00e1rd a felfedez\u00e9st egy igazi vacsora-\u00e9lm\u00e9nnyel. Pihenj a csod\u00e1s \u00e9telek \u00e9s borok ut\u00e1n a hoteleink legszebb szob\u00e1inak egyik\u00e9ben, \u00e9s kezdd a m\u00e1snap reggelt a SOLID-csapat [&hellip;]<\/p>\n","protected":false},"author":1,"featured_media":0,"parent":0,"menu_order":0,"comment_status":"closed","ping_status":"closed","template":"","meta":{"_et_pb_use_builder":"on","_et_pb_old_content":"","_et_gb_content_width":"","footnotes":""},"class_list":["post-825","page","type-page","status-publish","hentry"],"yoast_head":"<!-- This site is optimized with the Yoast SEO Premium plugin v26.9 (Yoast SEO v26.9) - https:\/\/yoast.com\/product\/yoast-seo-premium-wordpress\/ -->\n<title>K\u00fcl\u00f6nleges An\u00e1nlat - Salt Budapest<\/title>\n<meta name=\"description\" content=\"Vacsor\u00e1zz a SALT-ban \u00e9s t\u00f6lts el egy \u00e9jszak\u00e1t a Hotel Rum-ban, kedvezm\u00e9nyes aj\u00e1nlatunk keret\u00e9ben. Ha Budapesten \u00e9lsz, sz\u00f6kj el hozz\u00e1nk egy \u00e9jszak\u00e1ra, ha v\u00e1rosl\u00e1togat\u00e1sra \u00e9rkezt\u00e9l, z\u00e1rd a felfedez\u00e9st egy igazi vacsora-\u00e9lm\u00e9nnyel. Pihenj a csod\u00e1s \u00e9telek \u00e9s borok ut\u00e1n a Hotel Rum legszebb szob\u00e1inak egyik\u00e9ben, \u00e9s kezdd a m\u00e1snap reggelt a SALT-csapat \u00e1ltal \u00f6ssze\u00e1ll\u00edtott reggelivel. \u00cdgy lesz teljes ez a kaland a Rum H\u00e1zban!\" \/>\n<meta name=\"robots\" content=\"index, follow, max-snippet:-1, max-image-preview:large, max-video-preview:-1\" \/>\n<link rel=\"canonical\" href=\"https:\/\/saltbudapest.com\/hu\/exclusive-offer\/\" \/>\n<meta property=\"og:locale\" content=\"hu_HU\" \/>\n<meta property=\"og:type\" content=\"article\" \/>\n<meta property=\"og:title\" content=\"K\u00fcl\u00f6nleges aj\u00e1nlat\" \/>\n<meta property=\"og:description\" content=\"Vacsor\u00e1zz a SALT-ban \u00e9s t\u00f6lts el egy \u00e9jszak\u00e1t a Hotel Rum-ban, kedvezm\u00e9nyes aj\u00e1nlatunk keret\u00e9ben. Ha Budapesten \u00e9lsz, sz\u00f6kj el hozz\u00e1nk egy \u00e9jszak\u00e1ra, ha v\u00e1rosl\u00e1togat\u00e1sra \u00e9rkezt\u00e9l, z\u00e1rd a felfedez\u00e9st egy igazi vacsora-\u00e9lm\u00e9nnyel. Pihenj a csod\u00e1s \u00e9telek \u00e9s borok ut\u00e1n a Hotel Rum legszebb szob\u00e1inak egyik\u00e9ben, \u00e9s kezdd a m\u00e1snap reggelt a SALT-csapat \u00e1ltal \u00f6ssze\u00e1ll\u00edtott reggelivel. \u00cdgy lesz teljes ez a kaland a Rum H\u00e1zban!\" \/>\n<meta property=\"og:url\" content=\"https:\/\/saltbudapest.com\/hu\/exclusive-offer\/\" \/>\n<meta property=\"og:site_name\" content=\"SALT Budapest\" \/>\n<meta property=\"article:modified_time\" content=\"2025-09-09T10:32:29+00:00\" \/>\n<meta property=\"og:image\" content=\"https:\/\/saltbudapest.com\/wp-content\/uploads\/2024\/01\/social_image_salt.jpg\" \/>\n\t<meta property=\"og:image:width\" content=\"1200\" \/>\n\t<meta property=\"og:image:height\" content=\"630\" \/>\n\t<meta property=\"og:image:type\" content=\"image\/jpeg\" \/>\n<meta name=\"twitter:card\" content=\"summary_large_image\" \/>\n<meta name=\"twitter:label1\" content=\"Becs\u00fclt olvas\u00e1si id\u0151\" \/>\n\t<meta name=\"twitter:data1\" content=\"2 perc\" \/>\n<script type=\"application\/ld+json\" class=\"yoast-schema-graph\">{\"@context\":\"https:\/\/schema.org\",\"@graph\":[{\"@type\":\"WebPage\",\"@id\":\"https:\/\/saltbudapest.com\/hu\/exclusive-offer\/\",\"url\":\"https:\/\/saltbudapest.com\/hu\/exclusive-offer\/\",\"name\":\"K\u00fcl\u00f6nleges An\u00e1nlat - Salt Budapest\",\"isPartOf\":{\"@id\":\"https:\/\/saltbudapest.com\/#website\"},\"datePublished\":\"2023-12-18T10:24:51+00:00\",\"dateModified\":\"2025-09-09T10:32:29+00:00\",\"description\":\"Vacsor\u00e1zz a SALT-ban \u00e9s t\u00f6lts el egy \u00e9jszak\u00e1t a Hotel Rum-ban, kedvezm\u00e9nyes aj\u00e1nlatunk keret\u00e9ben. Ha Budapesten \u00e9lsz, sz\u00f6kj el hozz\u00e1nk egy \u00e9jszak\u00e1ra, ha v\u00e1rosl\u00e1togat\u00e1sra \u00e9rkezt\u00e9l, z\u00e1rd a felfedez\u00e9st egy igazi vacsora-\u00e9lm\u00e9nnyel. Pihenj a csod\u00e1s \u00e9telek \u00e9s borok ut\u00e1n a Hotel Rum legszebb szob\u00e1inak egyik\u00e9ben, \u00e9s kezdd a m\u00e1snap reggelt a SALT-csapat \u00e1ltal \u00f6ssze\u00e1ll\u00edtott reggelivel. \u00cdgy lesz teljes ez a kaland a Rum H\u00e1zban!\",\"breadcrumb\":{\"@id\":\"https:\/\/saltbudapest.com\/hu\/exclusive-offer\/#breadcrumb\"},\"inLanguage\":\"hu\",\"potentialAction\":[{\"@type\":\"ReadAction\",\"target\":[\"https:\/\/saltbudapest.com\/hu\/exclusive-offer\/\"]}]},{\"@type\":\"BreadcrumbList\",\"@id\":\"https:\/\/saltbudapest.com\/hu\/exclusive-offer\/#breadcrumb\",\"itemListElement\":[{\"@type\":\"ListItem\",\"position\":1,\"name\":\"Home\",\"item\":\"https:\/\/saltbudapest.com\/hu\/\"},{\"@type\":\"ListItem\",\"position\":2,\"name\":\"K\u00fcl\u00f6nleges aj\u00e1nlat\"}]},{\"@type\":\"WebSite\",\"@id\":\"https:\/\/saltbudapest.com\/#website\",\"url\":\"https:\/\/saltbudapest.com\/\",\"name\":\"SALT Budapest\",\"description\":\"\",\"publisher\":{\"@id\":\"https:\/\/saltbudapest.com\/#organization\"},\"potentialAction\":[{\"@type\":\"SearchAction\",\"target\":{\"@type\":\"EntryPoint\",\"urlTemplate\":\"https:\/\/saltbudapest.com\/?s={search_term_string}\"},\"query-input\":{\"@type\":\"PropertyValueSpecification\",\"valueRequired\":true,\"valueName\":\"search_term_string\"}}],\"inLanguage\":\"hu\"},{\"@type\":\"Organization\",\"@id\":\"https:\/\/saltbudapest.com\/#organization\",\"name\":\"SALT Budapest\",\"url\":\"https:\/\/saltbudapest.com\/\",\"logo\":{\"@type\":\"ImageObject\",\"inLanguage\":\"hu\",\"@id\":\"https:\/\/saltbudapest.com\/#\/schema\/logo\/image\/\",\"url\":\"https:\/\/saltbudapest.com\/wp-content\/uploads\/2023\/11\/logo.svg\",\"contentUrl\":\"https:\/\/saltbudapest.com\/wp-content\/uploads\/2023\/11\/logo.svg\",\"width\":1,\"height\":1,\"caption\":\"SALT Budapest\"},\"image\":{\"@id\":\"https:\/\/saltbudapest.com\/#\/schema\/logo\/image\/\"}}]}<\/script>\n<!-- \/ Yoast SEO Premium plugin. -->","yoast_head_json":{"title":"K\u00fcl\u00f6nleges An\u00e1nlat - Salt Budapest","description":"Vacsor\u00e1zz a SALT-ban \u00e9s t\u00f6lts el egy \u00e9jszak\u00e1t a Hotel Rum-ban, kedvezm\u00e9nyes aj\u00e1nlatunk keret\u00e9ben. Ha Budapesten \u00e9lsz, sz\u00f6kj el hozz\u00e1nk egy \u00e9jszak\u00e1ra, ha v\u00e1rosl\u00e1togat\u00e1sra \u00e9rkezt\u00e9l, z\u00e1rd a felfedez\u00e9st egy igazi vacsora-\u00e9lm\u00e9nnyel. Pihenj a csod\u00e1s \u00e9telek \u00e9s borok ut\u00e1n a Hotel Rum legszebb szob\u00e1inak egyik\u00e9ben, \u00e9s kezdd a m\u00e1snap reggelt a SALT-csapat \u00e1ltal \u00f6ssze\u00e1ll\u00edtott reggelivel. \u00cdgy lesz teljes ez a kaland a Rum H\u00e1zban!","robots":{"index":"index","follow":"follow","max-snippet":"max-snippet:-1","max-image-preview":"max-image-preview:large","max-video-preview":"max-video-preview:-1"},"canonical":"https:\/\/saltbudapest.com\/hu\/exclusive-offer\/","og_locale":"hu_HU","og_type":"article","og_title":"K\u00fcl\u00f6nleges aj\u00e1nlat","og_description":"Vacsor\u00e1zz a SALT-ban \u00e9s t\u00f6lts el egy \u00e9jszak\u00e1t a Hotel Rum-ban, kedvezm\u00e9nyes aj\u00e1nlatunk keret\u00e9ben. Ha Budapesten \u00e9lsz, sz\u00f6kj el hozz\u00e1nk egy \u00e9jszak\u00e1ra, ha v\u00e1rosl\u00e1togat\u00e1sra \u00e9rkezt\u00e9l, z\u00e1rd a felfedez\u00e9st egy igazi vacsora-\u00e9lm\u00e9nnyel. Pihenj a csod\u00e1s \u00e9telek \u00e9s borok ut\u00e1n a Hotel Rum legszebb szob\u00e1inak egyik\u00e9ben, \u00e9s kezdd a m\u00e1snap reggelt a SALT-csapat \u00e1ltal \u00f6ssze\u00e1ll\u00edtott reggelivel. \u00cdgy lesz teljes ez a kaland a Rum H\u00e1zban!","og_url":"https:\/\/saltbudapest.com\/hu\/exclusive-offer\/","og_site_name":"SALT Budapest","article_modified_time":"2025-09-09T10:32:29+00:00","og_image":[{"width":1200,"height":630,"url":"https:\/\/saltbudapest.com\/wp-content\/uploads\/2024\/01\/social_image_salt.jpg","type":"image\/jpeg"}],"twitter_card":"summary_large_image","twitter_misc":{"Becs\u00fclt olvas\u00e1si id\u0151":"2 perc"},"schema":{"@context":"https:\/\/schema.org","@graph":[{"@type":"WebPage","@id":"https:\/\/saltbudapest.com\/hu\/exclusive-offer\/","url":"https:\/\/saltbudapest.com\/hu\/exclusive-offer\/","name":"K\u00fcl\u00f6nleges An\u00e1nlat - Salt Budapest","isPartOf":{"@id":"https:\/\/saltbudapest.com\/#website"},"datePublished":"2023-12-18T10:24:51+00:00","dateModified":"2025-09-09T10:32:29+00:00","description":"Vacsor\u00e1zz a SALT-ban \u00e9s t\u00f6lts el egy \u00e9jszak\u00e1t a Hotel Rum-ban, kedvezm\u00e9nyes aj\u00e1nlatunk keret\u00e9ben. Ha Budapesten \u00e9lsz, sz\u00f6kj el hozz\u00e1nk egy \u00e9jszak\u00e1ra, ha v\u00e1rosl\u00e1togat\u00e1sra \u00e9rkezt\u00e9l, z\u00e1rd a felfedez\u00e9st egy igazi vacsora-\u00e9lm\u00e9nnyel. Pihenj a csod\u00e1s \u00e9telek \u00e9s borok ut\u00e1n a Hotel Rum legszebb szob\u00e1inak egyik\u00e9ben, \u00e9s kezdd a m\u00e1snap reggelt a SALT-csapat \u00e1ltal \u00f6ssze\u00e1ll\u00edtott reggelivel. \u00cdgy lesz teljes ez a kaland a Rum H\u00e1zban!","breadcrumb":{"@id":"https:\/\/saltbudapest.com\/hu\/exclusive-offer\/#breadcrumb"},"inLanguage":"hu","potentialAction":[{"@type":"ReadAction","target":["https:\/\/saltbudapest.com\/hu\/exclusive-offer\/"]}]},{"@type":"BreadcrumbList","@id":"https:\/\/saltbudapest.com\/hu\/exclusive-offer\/#breadcrumb","itemListElement":[{"@type":"ListItem","position":1,"name":"Home","item":"https:\/\/saltbudapest.com\/hu\/"},{"@type":"ListItem","position":2,"name":"K\u00fcl\u00f6nleges aj\u00e1nlat"}]},{"@type":"WebSite","@id":"https:\/\/saltbudapest.com\/#website","url":"https:\/\/saltbudapest.com\/","name":"SALT Budapest","description":"","publisher":{"@id":"https:\/\/saltbudapest.com\/#organization"},"potentialAction":[{"@type":"SearchAction","target":{"@type":"EntryPoint","urlTemplate":"https:\/\/saltbudapest.com\/?s={search_term_string}"},"query-input":{"@type":"PropertyValueSpecification","valueRequired":true,"valueName":"search_term_string"}}],"inLanguage":"hu"},{"@type":"Organization","@id":"https:\/\/saltbudapest.com\/#organization","name":"SALT Budapest","url":"https:\/\/saltbudapest.com\/","logo":{"@type":"ImageObject","inLanguage":"hu","@id":"https:\/\/saltbudapest.com\/#\/schema\/logo\/image\/","url":"https:\/\/saltbudapest.com\/wp-content\/uploads\/2023\/11\/logo.svg","contentUrl":"https:\/\/saltbudapest.com\/wp-content\/uploads\/2023\/11\/logo.svg","width":1,"height":1,"caption":"SALT Budapest"},"image":{"@id":"https:\/\/saltbudapest.com\/#\/schema\/logo\/image\/"}}]}},"_links":{"self":[{"href":"https:\/\/saltbudapest.com\/hu\/wp-json\/wp\/v2\/pages\/825","targetHints":{"allow":["GET"]}}],"collection":[{"href":"https:\/\/saltbudapest.com\/hu\/wp-json\/wp\/v2\/pages"}],"about":[{"href":"https:\/\/saltbudapest.com\/hu\/wp-json\/wp\/v2\/types\/page"}],"author":[{"embeddable":true,"href":"https:\/\/saltbudapest.com\/hu\/wp-json\/wp\/v2\/users\/1"}],"replies":[{"embeddable":true,"href":"https:\/\/saltbudapest.com\/hu\/wp-json\/wp\/v2\/comments?post=825"}],"version-history":[{"count":10,"href":"https:\/\/saltbudapest.com\/hu\/wp-json\/wp\/v2\/pages\/825\/revisions"}],"predecessor-version":[{"id":4880,"href":"https:\/\/saltbudapest.com\/hu\/wp-json\/wp\/v2\/pages\/825\/revisions\/4880"}],"wp:attachment":[{"href":"https:\/\/saltbudapest.com\/hu\/wp-json\/wp\/v2\/media?parent=825"}],"curies":[{"name":"wp","href":"https:\/\/api.w.org\/{rel}","templated":true}]}}