{"id":826,"date":"2023-12-18T10:21:05","date_gmt":"2023-12-18T10:21:05","guid":{"rendered":"https:\/\/saltbudapest.com\/vouchers\/"},"modified":"2026-03-17T06:49:50","modified_gmt":"2026-03-17T06:49:50","slug":"ajandekkartyak","status":"publish","type":"page","link":"https:\/\/saltbudapest.com\/hu\/ajandekkartyak\/","title":{"rendered":"Aj\u00e1nd\u00e9kk\u00e1rty\u00e1k"},"content":{"rendered":"<p>[et_pb_section fb_built=&#8221;1&#8243; _builder_version=&#8221;4.23.1&#8243; _module_preset=&#8221;default&#8221; custom_margin=&#8221;-100px||0px||false|false&#8221; custom_margin_tablet=&#8221;0px||||false|false&#8221; custom_margin_phone=&#8221;0px||||false|false&#8221; custom_margin_last_edited=&#8221;on|tablet&#8221; custom_padding=&#8221;0px||0px||false|false&#8221; global_colors_info=&#8221;{}&#8221;][et_pb_row column_structure=&#8221;3_5,2_5&#8243; make_equal=&#8221;on&#8221; _builder_version=&#8221;4.23.1&#8243; _module_preset=&#8221;default&#8221; background_color=&#8221;#343b36&#8243; width=&#8221;100%&#8221; max_width=&#8221;2560px&#8221; custom_margin=&#8221;0px||0px||false|false&#8221; custom_margin_tablet=&#8221;0px||0px||false|false&#8221; custom_margin_phone=&#8221;0px||0px||false|false&#8221; custom_margin_last_edited=&#8221;on|tablet&#8221; custom_padding=&#8221;50px||0px||false|false&#8221; global_colors_info=&#8221;{}&#8221;][et_pb_column type=&#8221;3_5&#8243; _builder_version=&#8221;4.23.1&#8243; _module_preset=&#8221;default&#8221; background_color=&#8221;RGBA(255,255,255,0)&#8221; custom_padding=&#8221;4%|5%|4%|5%|true|true&#8221; global_colors_info=&#8221;{}&#8221;][et_pb_text disabled_on=&#8221;off|off|off&#8221; _builder_version=&#8221;4.27.4&#8243; _module_preset=&#8221;default&#8221; text_font=&#8221;BotanikaMono Bold|||on|||||&#8221; text_text_color=&#8221;#d4c7a5&#8243; text_font_size=&#8221;30px&#8221; header_text_color=&#8221;#d4c7a5&#8243; background_enable_image=&#8221;off&#8221; background_size=&#8221;contain&#8221; background_position=&#8221;top_right&#8221; custom_margin=&#8221;||15px|||&#8221; locked=&#8221;off&#8221; global_colors_info=&#8221;{}&#8221;]<\/p>\n<h1>SALT K\u00f6nyv<\/h1>\n<p>[\/et_pb_text][et_pb_text disabled_on=&#8221;off|off|off&#8221; _builder_version=&#8221;4.27.5&#8243; _module_preset=&#8221;default&#8221; text_text_color=&#8221;#d4c7a5&#8243; hover_enabled=&#8221;0&#8243; locked=&#8221;off&#8221; global_colors_info=&#8221;{}&#8221; sticky_enabled=&#8221;0&#8243;]<\/p>\n<p style=\"text-align: center;\" data-olk-copy-source=\"MessageBody\">A Salt k\u00f6tete az \u00e9tterem ars poetic\u00e1j\u00e1t, legkedvesebb receptjeit \u00e9s a szatm\u00e1ri konyh\u00e1b\u00f3l nyert inspir\u00e1ci\u00f3it mutatja be.<\/p>\n<p>[\/et_pb_text][et_pb_shop type=&#8221;product_category&#8221; posts_number=&#8221;4&#8243; include_categories=&#8221;40&#8243; orderby=&#8221;menu_order&#8221; disabled_on=&#8221;off|off|off&#8221; _builder_version=&#8221;4.27.4&#8243; _module_preset=&#8221;default&#8221; title_font=&#8221;BotanikaMono Bold||||||||&#8221; title_text_color=&#8221;#d4c7a5&#8243; price_font=&#8221;BotanikaMono||||||||&#8221; price_text_color=&#8221;#d4c7a5&#8243; global_colors_info=&#8221;{}&#8221;][\/et_pb_shop][et_pb_text _builder_version=&#8221;4.24.2&#8243; _module_preset=&#8221;default&#8221; text_font=&#8221;BotanikaMono Bold|||on|||||&#8221; text_text_color=&#8221;#d4c7a5&#8243; text_font_size=&#8221;30px&#8221; header_text_color=&#8221;#d4c7a5&#8243; global_colors_info=&#8221;{}&#8221;]<\/p>\n<h1>AJ\u00c1ND\u00c9KK\u00c1RTY\u00c1K<\/h1>\n<p>[\/et_pb_text][et_pb_text _builder_version=&#8221;4.24.2&#8243; _module_preset=&#8221;default&#8221; text_text_color=&#8221;#d4c7a5&#8243; global_colors_info=&#8221;{}&#8221;]<\/p>\n<p>V\u00e1s\u00e1rolj aj\u00e1nd\u00e9kk\u00e1rty\u00e1t percek alatt online, tetsz\u0151leges \u00f6sszeggel, k\u00f6zvetlen\u00fcl az \u00e9tteremt\u0151l. Add meg kedvezm\u00e9nyezett nev\u00e9t, \u00e9s online fizet\u00e9s ut\u00e1n mi v\u00e1lasz e-mailben azonnal k\u00fcldj\u00fck is a k\u00e1rty\u00e1dat, nyomtathat\u00f3 pdf form\u00e1j\u00e1ban.<\/p>\n<p>Minden mostant\u00f3l kiv\u00e1ltott k\u00e1rtya a ki\u00e1ll\u00edt\u00e1s d\u00e1tum\u00e1t\u00f3l sz\u00e1m\u00edtott 1 \u00e9vig felhaszn\u00e1lhat\u00f3, az utalv\u00e1ny k\u00e9szp\u00e9nzre nem v\u00e1lthat\u00f3.<\/p>\n<p>A jelenlegi kisz\u00e1m\u00edthatatlan gazdas\u00e1gi helyzetre val\u00f3 tekintettel csak \u00f6sszegre sz\u00f3l\u00f3 utalv\u00e1nyokat \u00e1ll m\u00f3dunkban ki\u00e1ll\u00edtani, men\u00fcre sz\u00f3l\u00f3kat nem.<\/p>\n<p>[\/et_pb_text][et_pb_text _builder_version=&#8221;4.24.2&#8243; _module_preset=&#8221;default&#8221; text_font=&#8221;BotanikaMono Bold|||on|||||&#8221; text_text_color=&#8221;#d4c7a5&#8243; text_font_size=&#8221;30px&#8221; header_text_color=&#8221;#d4c7a5&#8243; background_image=&#8221;https:\/\/saltbudapest.com\/wp-content\/uploads\/2023\/11\/logo.svg&#8221; background_size=&#8221;contain&#8221; background_position=&#8221;top_right&#8221; custom_margin=&#8221;||5px||false|false&#8221; background_last_edited=&#8221;on|phone&#8221; background_enable_image_phone=&#8221;off&#8221; locked=&#8221;off&#8221; global_colors_info=&#8221;{}&#8221;]<\/p>\n<h1>SALT AJ\u00c1ND\u00c9KK\u00c1RTY\u00c1K<\/h1>\n<p>[\/et_pb_text][et_pb_image src=&#8221;https:\/\/saltbudapest.com\/wp-content\/uploads\/2023\/11\/logo.svg&#8221; title_text=&#8221;logo&#8221; url_new_window=&#8221;on&#8221; align=&#8221;center&#8221; disabled_on=&#8221;off|on|on&#8221; _builder_version=&#8221;4.24.2&#8243; _module_preset=&#8221;default&#8221; max_width=&#8221;40%&#8221; global_colors_info=&#8221;{}&#8221;][\/et_pb_image][et_pb_text _builder_version=&#8221;4.24.2&#8243; _module_preset=&#8221;default&#8221; text_text_color=&#8221;#d4c7a5&#8243; global_colors_info=&#8221;{}&#8221;]<\/p>\n<p>Aj\u00e1nd\u00e9kozz <strong>SALT<\/strong> \u00e9lm\u00e9nyt!<\/p>\n<p>[\/et_pb_text][et_pb_shop type=&#8221;product_category&#8221; posts_number=&#8221;4&#8243; include_categories=&#8221;36&#8243; orderby=&#8221;menu_order&#8221; _builder_version=&#8221;4.24.2&#8243; _module_preset=&#8221;default&#8221; title_font=&#8221;BotanikaMono Bold||||||||&#8221; title_text_color=&#8221;#d4c7a5&#8243; price_font=&#8221;BotanikaMono||||||||&#8221; price_text_color=&#8221;#d4c7a5&#8243; global_colors_info=&#8221;{}&#8221;][\/et_pb_shop][et_pb_text _builder_version=&#8221;4.24.2&#8243; _module_preset=&#8221;default&#8221; text_font=&#8221;BotanikaMono Bold|||on|||||&#8221; text_text_color=&#8221;#d4c7a5&#8243; text_font_size=&#8221;30px&#8221; header_text_color=&#8221;#d4c7a5&#8243; background_image=&#8221;https:\/\/saltbudapest.com\/wp-content\/uploads\/2024\/09\/solid-barna-1-.svg&#8221; background_size=&#8221;custom&#8221; background_position=&#8221;top_right&#8221; link_option_url=&#8221;https:\/\/solidbudapest.com\/&#8221; background_last_edited=&#8221;on|phone&#8221; background_enable_image_phone=&#8221;off&#8221; locked=&#8221;off&#8221; global_colors_info=&#8221;{}&#8221;]<\/p>\n<h1>SOLID AJ\u00c1ND\u00c9KK\u00c1RTY\u00c1K<\/h1>\n<p>[\/et_pb_text][et_pb_image src=&#8221;https:\/\/saltbudapest.com\/wp-content\/uploads\/2024\/09\/solid-barna-1-.svg&#8221; title_text=&#8221;solid-barna-1-&#8221; url=&#8221;https:\/\/solidbudapest.com\/&#8221; url_new_window=&#8221;on&#8221; align=&#8221;center&#8221; disabled_on=&#8221;off|on|on&#8221; _builder_version=&#8221;4.24.2&#8243; _module_preset=&#8221;default&#8221; max_width=&#8221;40%&#8221; global_colors_info=&#8221;{}&#8221;][\/et_pb_image][et_pb_text _builder_version=&#8221;4.24.2&#8243; _module_preset=&#8221;default&#8221; text_text_color=&#8221;#d4c7a5&#8243; global_colors_info=&#8221;{}&#8221;]<\/p>\n<p>Adj <strong>SOLID<\/strong> brunch-\u00e9lm\u00e9nyt aj\u00e1nd\u00e9kba, v\u00e1lassz utalv\u00e1nyaink k\u00f6z\u00fcl!<\/p>\n<p>[\/et_pb_text][et_pb_shop type=&#8221;product_category&#8221; posts_number=&#8221;5&#8243; include_categories=&#8221;38&#8243; orderby=&#8221;menu_order&#8221; _builder_version=&#8221;4.24.2&#8243; _module_preset=&#8221;default&#8221; title_font=&#8221;BotanikaMono Bold||||||||&#8221; title_text_color=&#8221;#d4c7a5&#8243; price_font=&#8221;BotanikaMono||||||||&#8221; price_text_color=&#8221;#d4c7a5&#8243; global_colors_info=&#8221;{}&#8221;][\/et_pb_shop][\/et_pb_column][et_pb_column type=&#8221;2_5&#8243; _builder_version=&#8221;4.23.1&#8243; _module_preset=&#8221;default&#8221; global_colors_info=&#8221;{}&#8221;][et_pb_image src=&#8221;https:\/\/saltbudapest.com\/wp-content\/uploads\/2025\/03\/N85_8134-scaled.jpg&#8221; title_text=&#8221;N85_8134&#8243; disabled_on=&#8221;on|on|off&#8221; _builder_version=&#8221;4.27.4&#8243; _module_preset=&#8221;default&#8221; custom_margin=&#8221;-50px||||false|false&#8221; sticky_position=&#8221;top&#8221; sticky_limit_top=&#8221;section&#8221; sticky_limit_bottom=&#8221;row&#8221; sticky_offset_surrounding=&#8221;off&#8221; motion_trigger_start=&#8221;top&#8221; sticky_position_tablet=&#8221;none&#8221; sticky_position_phone=&#8221;none&#8221; sticky_position_last_edited=&#8221;on|desktop&#8221; global_colors_info=&#8221;{}&#8221;][\/et_pb_image][\/et_pb_column][\/et_pb_row][\/et_pb_section]<\/p>\n","protected":false},"excerpt":{"rendered":"<p>SALT K\u00f6nyvA Salt k\u00f6tete az \u00e9tterem ars poetic\u00e1j\u00e1t, legkedvesebb receptjeit \u00e9s a szatm\u00e1ri konyh\u00e1b\u00f3l nyert inspir\u00e1ci\u00f3it mutatja be.AJ\u00c1ND\u00c9KK\u00c1RTY\u00c1KV\u00e1s\u00e1rolj aj\u00e1nd\u00e9kk\u00e1rty\u00e1t percek alatt online, tetsz\u0151leges \u00f6sszeggel, k\u00f6zvetlen\u00fcl az \u00e9tteremt\u0151l. Add meg kedvezm\u00e9nyezett nev\u00e9t, \u00e9s online fizet\u00e9s ut\u00e1n mi v\u00e1lasz e-mailben azonnal k\u00fcldj\u00fck is a k\u00e1rty\u00e1dat, nyomtathat\u00f3 pdf form\u00e1j\u00e1ban. Minden mostant\u00f3l kiv\u00e1ltott k\u00e1rtya a ki\u00e1ll\u00edt\u00e1s d\u00e1tum\u00e1t\u00f3l sz\u00e1m\u00edtott 1 [&hellip;]<\/p>\n","protected":false},"author":1,"featured_media":0,"parent":0,"menu_order":0,"comment_status":"closed","ping_status":"closed","template":"","meta":{"_et_pb_use_builder":"on","_et_pb_old_content":"","_et_gb_content_width":"","footnotes":""},"class_list":["post-826","page","type-page","status-publish","hentry"],"yoast_head":"<!-- This site is optimized with the Yoast SEO Premium plugin v26.9 (Yoast SEO v26.9) - https:\/\/yoast.com\/product\/yoast-seo-premium-wordpress\/ -->\n<title>Aj\u00e1nd\u00e9kk\u00e1rty\u00e1k - Salt Budapest<\/title>\n<meta name=\"description\" content=\"Aj\u00e1nd\u00e9kozz SALT \u00e9lm\u00e9nyt! V\u00e1s\u00e1rolj aj\u00e1nd\u00e9kk\u00e1rty\u00e1t percek alatt online, tetsz\u0151leges \u00f6sszeggel, k\u00f6zvetlen\u00fcl az \u00e9tteremt\u0151l. Add meg kedvezm\u00e9nyezett nev\u00e9t, \u00e9s online fizet\u00e9s ut\u00e1n mi v\u00e1lasz e-mailben azonnal k\u00fcldj\u00fck is a k\u00e1rty\u00e1dat, nyomtathat\u00f3 pdf form\u00e1j\u00e1ban.\" \/>\n<meta name=\"robots\" content=\"index, follow, max-snippet:-1, max-image-preview:large, max-video-preview:-1\" \/>\n<link rel=\"canonical\" href=\"https:\/\/saltbudapest.com\/hu\/ajandekkartyak\/\" \/>\n<meta property=\"og:locale\" content=\"hu_HU\" \/>\n<meta property=\"og:type\" content=\"article\" \/>\n<meta property=\"og:title\" content=\"Aj\u00e1nd\u00e9kk\u00e1rty\u00e1k - Salt\" \/>\n<meta property=\"og:description\" content=\"Aj\u00e1nd\u00e9kozz SALT \u00e9lm\u00e9nyt! V\u00e1s\u00e1rolj aj\u00e1nd\u00e9kk\u00e1rty\u00e1t percek alatt online, tetsz\u0151leges \u00f6sszeggel, k\u00f6zvetlen\u00fcl az \u00e9tteremt\u0151l. Add meg kedvezm\u00e9nyezett nev\u00e9t, \u00e9s online fizet\u00e9s ut\u00e1n mi v\u00e1lasz e-mailben azonnal k\u00fcldj\u00fck is a k\u00e1rty\u00e1dat, nyomtathat\u00f3 pdf form\u00e1j\u00e1ban.\" \/>\n<meta property=\"og:url\" content=\"https:\/\/saltbudapest.com\/hu\/ajandekkartyak\/\" \/>\n<meta property=\"og:site_name\" content=\"SALT Budapest\" \/>\n<meta property=\"article:modified_time\" content=\"2026-03-17T06:49:50+00:00\" \/>\n<meta property=\"og:image\" content=\"https:\/\/saltbudapest.com\/wp-content\/uploads\/2024\/01\/social_image_salt.jpg\" \/>\n\t<meta property=\"og:image:width\" content=\"1200\" \/>\n\t<meta property=\"og:image:height\" content=\"630\" \/>\n\t<meta property=\"og:image:type\" content=\"image\/jpeg\" \/>\n<meta name=\"twitter:card\" content=\"summary_large_image\" \/>\n<meta name=\"twitter:title\" content=\"Aj\u00e1nd\u00e9kk\u00e1rty\u00e1k\" \/>\n<meta name=\"twitter:label1\" content=\"Becs\u00fclt olvas\u00e1si id\u0151\" \/>\n\t<meta name=\"twitter:data1\" content=\"4 perc\" \/>\n<script type=\"application\/ld+json\" class=\"yoast-schema-graph\">{\"@context\":\"https:\/\/schema.org\",\"@graph\":[{\"@type\":\"WebPage\",\"@id\":\"https:\/\/saltbudapest.com\/hu\/ajandekkartyak\/\",\"url\":\"https:\/\/saltbudapest.com\/hu\/ajandekkartyak\/\",\"name\":\"Aj\u00e1nd\u00e9kk\u00e1rty\u00e1k - Salt Budapest\",\"isPartOf\":{\"@id\":\"https:\/\/saltbudapest.com\/hu\/#website\"},\"datePublished\":\"2023-12-18T10:21:05+00:00\",\"dateModified\":\"2026-03-17T06:49:50+00:00\",\"description\":\"Aj\u00e1nd\u00e9kozz SALT \u00e9lm\u00e9nyt! V\u00e1s\u00e1rolj aj\u00e1nd\u00e9kk\u00e1rty\u00e1t percek alatt online, tetsz\u0151leges \u00f6sszeggel, k\u00f6zvetlen\u00fcl az \u00e9tteremt\u0151l. Add meg kedvezm\u00e9nyezett nev\u00e9t, \u00e9s online fizet\u00e9s ut\u00e1n mi v\u00e1lasz e-mailben azonnal k\u00fcldj\u00fck is a k\u00e1rty\u00e1dat, nyomtathat\u00f3 pdf form\u00e1j\u00e1ban.\",\"breadcrumb\":{\"@id\":\"https:\/\/saltbudapest.com\/hu\/ajandekkartyak\/#breadcrumb\"},\"inLanguage\":\"hu\",\"potentialAction\":[{\"@type\":\"ReadAction\",\"target\":[\"https:\/\/saltbudapest.com\/hu\/ajandekkartyak\/\"]}]},{\"@type\":\"BreadcrumbList\",\"@id\":\"https:\/\/saltbudapest.com\/hu\/ajandekkartyak\/#breadcrumb\",\"itemListElement\":[{\"@type\":\"ListItem\",\"position\":1,\"name\":\"Home\",\"item\":\"https:\/\/saltbudapest.com\/hu\/\"},{\"@type\":\"ListItem\",\"position\":2,\"name\":\"Aj\u00e1nd\u00e9kk\u00e1rty\u00e1k\"}]},{\"@type\":\"WebSite\",\"@id\":\"https:\/\/saltbudapest.com\/hu\/#website\",\"url\":\"https:\/\/saltbudapest.com\/hu\/\",\"name\":\"SALT Budapest\",\"description\":\"\",\"publisher\":{\"@id\":\"https:\/\/saltbudapest.com\/hu\/#organization\"},\"potentialAction\":[{\"@type\":\"SearchAction\",\"target\":{\"@type\":\"EntryPoint\",\"urlTemplate\":\"https:\/\/saltbudapest.com\/hu\/?s={search_term_string}\"},\"query-input\":{\"@type\":\"PropertyValueSpecification\",\"valueRequired\":true,\"valueName\":\"search_term_string\"}}],\"inLanguage\":\"hu\"},{\"@type\":\"Organization\",\"@id\":\"https:\/\/saltbudapest.com\/hu\/#organization\",\"name\":\"SALT Budapest\",\"url\":\"https:\/\/saltbudapest.com\/hu\/\",\"logo\":{\"@type\":\"ImageObject\",\"inLanguage\":\"hu\",\"@id\":\"https:\/\/saltbudapest.com\/hu\/#\/schema\/logo\/image\/\",\"url\":\"https:\/\/saltbudapest.com\/wp-content\/uploads\/2023\/11\/logo.svg\",\"contentUrl\":\"https:\/\/saltbudapest.com\/wp-content\/uploads\/2023\/11\/logo.svg\",\"width\":1,\"height\":1,\"caption\":\"SALT Budapest\"},\"image\":{\"@id\":\"https:\/\/saltbudapest.com\/hu\/#\/schema\/logo\/image\/\"}}]}<\/script>\n<!-- \/ Yoast SEO Premium plugin. -->","yoast_head_json":{"title":"Aj\u00e1nd\u00e9kk\u00e1rty\u00e1k - Salt Budapest","description":"Aj\u00e1nd\u00e9kozz SALT \u00e9lm\u00e9nyt! V\u00e1s\u00e1rolj aj\u00e1nd\u00e9kk\u00e1rty\u00e1t percek alatt online, tetsz\u0151leges \u00f6sszeggel, k\u00f6zvetlen\u00fcl az \u00e9tteremt\u0151l. Add meg kedvezm\u00e9nyezett nev\u00e9t, \u00e9s online fizet\u00e9s ut\u00e1n mi v\u00e1lasz e-mailben azonnal k\u00fcldj\u00fck is a k\u00e1rty\u00e1dat, nyomtathat\u00f3 pdf form\u00e1j\u00e1ban.","robots":{"index":"index","follow":"follow","max-snippet":"max-snippet:-1","max-image-preview":"max-image-preview:large","max-video-preview":"max-video-preview:-1"},"canonical":"https:\/\/saltbudapest.com\/hu\/ajandekkartyak\/","og_locale":"hu_HU","og_type":"article","og_title":"Aj\u00e1nd\u00e9kk\u00e1rty\u00e1k - Salt","og_description":"Aj\u00e1nd\u00e9kozz SALT \u00e9lm\u00e9nyt! V\u00e1s\u00e1rolj aj\u00e1nd\u00e9kk\u00e1rty\u00e1t percek alatt online, tetsz\u0151leges \u00f6sszeggel, k\u00f6zvetlen\u00fcl az \u00e9tteremt\u0151l. Add meg kedvezm\u00e9nyezett nev\u00e9t, \u00e9s online fizet\u00e9s ut\u00e1n mi v\u00e1lasz e-mailben azonnal k\u00fcldj\u00fck is a k\u00e1rty\u00e1dat, nyomtathat\u00f3 pdf form\u00e1j\u00e1ban.","og_url":"https:\/\/saltbudapest.com\/hu\/ajandekkartyak\/","og_site_name":"SALT Budapest","article_modified_time":"2026-03-17T06:49:50+00:00","og_image":[{"width":1200,"height":630,"url":"https:\/\/saltbudapest.com\/wp-content\/uploads\/2024\/01\/social_image_salt.jpg","type":"image\/jpeg"}],"twitter_card":"summary_large_image","twitter_title":"Aj\u00e1nd\u00e9kk\u00e1rty\u00e1k","twitter_misc":{"Becs\u00fclt olvas\u00e1si id\u0151":"4 perc"},"schema":{"@context":"https:\/\/schema.org","@graph":[{"@type":"WebPage","@id":"https:\/\/saltbudapest.com\/hu\/ajandekkartyak\/","url":"https:\/\/saltbudapest.com\/hu\/ajandekkartyak\/","name":"Aj\u00e1nd\u00e9kk\u00e1rty\u00e1k - Salt Budapest","isPartOf":{"@id":"https:\/\/saltbudapest.com\/hu\/#website"},"datePublished":"2023-12-18T10:21:05+00:00","dateModified":"2026-03-17T06:49:50+00:00","description":"Aj\u00e1nd\u00e9kozz SALT \u00e9lm\u00e9nyt! V\u00e1s\u00e1rolj aj\u00e1nd\u00e9kk\u00e1rty\u00e1t percek alatt online, tetsz\u0151leges \u00f6sszeggel, k\u00f6zvetlen\u00fcl az \u00e9tteremt\u0151l. Add meg kedvezm\u00e9nyezett nev\u00e9t, \u00e9s online fizet\u00e9s ut\u00e1n mi v\u00e1lasz e-mailben azonnal k\u00fcldj\u00fck is a k\u00e1rty\u00e1dat, nyomtathat\u00f3 pdf form\u00e1j\u00e1ban.","breadcrumb":{"@id":"https:\/\/saltbudapest.com\/hu\/ajandekkartyak\/#breadcrumb"},"inLanguage":"hu","potentialAction":[{"@type":"ReadAction","target":["https:\/\/saltbudapest.com\/hu\/ajandekkartyak\/"]}]},{"@type":"BreadcrumbList","@id":"https:\/\/saltbudapest.com\/hu\/ajandekkartyak\/#breadcrumb","itemListElement":[{"@type":"ListItem","position":1,"name":"Home","item":"https:\/\/saltbudapest.com\/hu\/"},{"@type":"ListItem","position":2,"name":"Aj\u00e1nd\u00e9kk\u00e1rty\u00e1k"}]},{"@type":"WebSite","@id":"https:\/\/saltbudapest.com\/hu\/#website","url":"https:\/\/saltbudapest.com\/hu\/","name":"SALT Budapest","description":"","publisher":{"@id":"https:\/\/saltbudapest.com\/hu\/#organization"},"potentialAction":[{"@type":"SearchAction","target":{"@type":"EntryPoint","urlTemplate":"https:\/\/saltbudapest.com\/hu\/?s={search_term_string}"},"query-input":{"@type":"PropertyValueSpecification","valueRequired":true,"valueName":"search_term_string"}}],"inLanguage":"hu"},{"@type":"Organization","@id":"https:\/\/saltbudapest.com\/hu\/#organization","name":"SALT Budapest","url":"https:\/\/saltbudapest.com\/hu\/","logo":{"@type":"ImageObject","inLanguage":"hu","@id":"https:\/\/saltbudapest.com\/hu\/#\/schema\/logo\/image\/","url":"https:\/\/saltbudapest.com\/wp-content\/uploads\/2023\/11\/logo.svg","contentUrl":"https:\/\/saltbudapest.com\/wp-content\/uploads\/2023\/11\/logo.svg","width":1,"height":1,"caption":"SALT Budapest"},"image":{"@id":"https:\/\/saltbudapest.com\/hu\/#\/schema\/logo\/image\/"}}]}},"_links":{"self":[{"href":"https:\/\/saltbudapest.com\/hu\/wp-json\/wp\/v2\/pages\/826","targetHints":{"allow":["GET"]}}],"collection":[{"href":"https:\/\/saltbudapest.com\/hu\/wp-json\/wp\/v2\/pages"}],"about":[{"href":"https:\/\/saltbudapest.com\/hu\/wp-json\/wp\/v2\/types\/page"}],"author":[{"embeddable":true,"href":"https:\/\/saltbudapest.com\/hu\/wp-json\/wp\/v2\/users\/1"}],"replies":[{"embeddable":true,"href":"https:\/\/saltbudapest.com\/hu\/wp-json\/wp\/v2\/comments?post=826"}],"version-history":[{"count":18,"href":"https:\/\/saltbudapest.com\/hu\/wp-json\/wp\/v2\/pages\/826\/revisions"}],"predecessor-version":[{"id":5606,"href":"https:\/\/saltbudapest.com\/hu\/wp-json\/wp\/v2\/pages\/826\/revisions\/5606"}],"wp:attachment":[{"href":"https:\/\/saltbudapest.com\/hu\/wp-json\/wp\/v2\/media?parent=826"}],"curies":[{"name":"wp","href":"https:\/\/api.w.org\/{rel}","templated":true}]}}