{"id":3839,"date":"2024-08-31T10:08:27","date_gmt":"2024-08-31T10:08:27","guid":{"rendered":"https:\/\/saltbudapest.com\/?post_type=product&#038;p=3839"},"modified":"2024-08-31T10:10:45","modified_gmt":"2024-08-31T10:10:45","slug":"solid-ajandekkartya-4","status":"publish","type":"product","link":"https:\/\/saltbudapest.com\/hu\/gift-cards\/solid-ajandekkartya\/solid-ajandekkartya-4\/","title":{"rendered":"SOLID &#8211; Aj\u00e1nd\u00e9kk\u00e1rtya"},"content":{"rendered":"","protected":false},"excerpt":{"rendered":"","protected":false},"featured_media":3841,"template":"","meta":{"_et_pb_use_builder":"","_et_pb_old_content":"","_et_gb_content_width":""},"product_brand":[],"product_cat":[38],"product_tag":[],"class_list":{"0":"post-3839","1":"product","2":"type-product","3":"status-publish","4":"has-post-thumbnail","6":"product_cat-solid-ajandekkartya","8":"first","9":"instock","10":"virtual","11":"taxable","12":"purchasable","13":"product-type-simple"},"exclude_global_add_ons":[],"addons":[],"yoast_head":"<!-- This site is optimized with the Yoast SEO Premium plugin v26.9 (Yoast SEO v26.9) - https:\/\/yoast.com\/product\/yoast-seo-premium-wordpress\/ -->\n<title>SOLID - Aj\u00e1nd\u00e9kk\u00e1rtya - SALT Budapest<\/title>\n<meta name=\"robots\" content=\"index, follow, max-snippet:-1, max-image-preview:large, max-video-preview:-1\" \/>\n<link rel=\"canonical\" href=\"https:\/\/saltbudapest.com\/hu\/gift-cards\/solid-ajandekkartya\/solid-ajandekkartya-4\/\" \/>\n<meta property=\"og:locale\" content=\"hu_HU\" \/>\n<meta property=\"og:type\" content=\"article\" \/>\n<meta property=\"og:title\" content=\"SOLID - Aj\u00e1nd\u00e9kk\u00e1rtya\" \/>\n<meta property=\"og:url\" content=\"https:\/\/saltbudapest.com\/hu\/gift-cards\/solid-ajandekkartya\/solid-ajandekkartya-4\/\" \/>\n<meta property=\"og:site_name\" content=\"SALT Budapest\" \/>\n<meta property=\"article:modified_time\" content=\"2024-08-31T10:10:45+00:00\" \/>\n<meta property=\"og:image\" content=\"https:\/\/saltbudapest.com\/wp-content\/uploads\/2024\/08\/SOLID-Budapest-5.jpg\" \/>\n\t<meta property=\"og:image:width\" content=\"1200\" \/>\n\t<meta property=\"og:image:height\" content=\"800\" \/>\n\t<meta property=\"og:image:type\" content=\"image\/jpeg\" \/>\n<meta name=\"twitter:card\" content=\"summary_large_image\" \/>\n<meta name=\"twitter:label1\" content=\"Becs\u00fclt olvas\u00e1si id\u0151\" \/>\n\t<meta name=\"twitter:data1\" content=\"1 perc\" \/>\n<script type=\"application\/ld+json\" class=\"yoast-schema-graph\">{\"@context\":\"https:\/\/schema.org\",\"@graph\":[{\"@type\":\"WebPage\",\"@id\":\"https:\/\/saltbudapest.com\/hu\/gift-cards\/solid-ajandekkartya\/solid-ajandekkartya-4\/\",\"url\":\"https:\/\/saltbudapest.com\/hu\/gift-cards\/solid-ajandekkartya\/solid-ajandekkartya-4\/\",\"name\":\"SOLID - Aj\u00e1nd\u00e9kk\u00e1rtya - SALT Budapest\",\"isPartOf\":{\"@id\":\"https:\/\/saltbudapest.com\/hu\/#website\"},\"primaryImageOfPage\":{\"@id\":\"https:\/\/saltbudapest.com\/hu\/gift-cards\/solid-ajandekkartya\/solid-ajandekkartya-4\/#primaryimage\"},\"image\":{\"@id\":\"https:\/\/saltbudapest.com\/hu\/gift-cards\/solid-ajandekkartya\/solid-ajandekkartya-4\/#primaryimage\"},\"thumbnailUrl\":\"https:\/\/saltbudapest.com\/wp-content\/uploads\/2024\/08\/SOLID-Budapest-5.jpg\",\"datePublished\":\"2024-08-31T10:08:27+00:00\",\"dateModified\":\"2024-08-31T10:10:45+00:00\",\"breadcrumb\":{\"@id\":\"https:\/\/saltbudapest.com\/hu\/gift-cards\/solid-ajandekkartya\/solid-ajandekkartya-4\/#breadcrumb\"},\"inLanguage\":\"hu\",\"potentialAction\":[{\"@type\":\"ReadAction\",\"target\":[\"https:\/\/saltbudapest.com\/hu\/gift-cards\/solid-ajandekkartya\/solid-ajandekkartya-4\/\"]}]},{\"@type\":\"ImageObject\",\"inLanguage\":\"hu\",\"@id\":\"https:\/\/saltbudapest.com\/hu\/gift-cards\/solid-ajandekkartya\/solid-ajandekkartya-4\/#primaryimage\",\"url\":\"https:\/\/saltbudapest.com\/wp-content\/uploads\/2024\/08\/SOLID-Budapest-5.jpg\",\"contentUrl\":\"https:\/\/saltbudapest.com\/wp-content\/uploads\/2024\/08\/SOLID-Budapest-5.jpg\",\"width\":1200,\"height\":800},{\"@type\":\"BreadcrumbList\",\"@id\":\"https:\/\/saltbudapest.com\/hu\/gift-cards\/solid-ajandekkartya\/solid-ajandekkartya-4\/#breadcrumb\",\"itemListElement\":[{\"@type\":\"ListItem\",\"position\":1,\"name\":\"Home\",\"item\":\"https:\/\/saltbudapest.com\/hu\/\"},{\"@type\":\"ListItem\",\"position\":2,\"name\":\"Aj\u00e1nd\u00e9kk\u00e1rty\u00e1k 2\",\"item\":\"https:\/\/saltbudapest.com\/hu\/ajandekkartyak-3\/\"},{\"@type\":\"ListItem\",\"position\":3,\"name\":\"SOLID &#8211; Aj\u00e1nd\u00e9kk\u00e1rtya\"}]},{\"@type\":\"WebSite\",\"@id\":\"https:\/\/saltbudapest.com\/hu\/#website\",\"url\":\"https:\/\/saltbudapest.com\/hu\/\",\"name\":\"SALT Budapest\",\"description\":\"\",\"publisher\":{\"@id\":\"https:\/\/saltbudapest.com\/hu\/#organization\"},\"potentialAction\":[{\"@type\":\"SearchAction\",\"target\":{\"@type\":\"EntryPoint\",\"urlTemplate\":\"https:\/\/saltbudapest.com\/hu\/?s={search_term_string}\"},\"query-input\":{\"@type\":\"PropertyValueSpecification\",\"valueRequired\":true,\"valueName\":\"search_term_string\"}}],\"inLanguage\":\"hu\"},{\"@type\":\"Organization\",\"@id\":\"https:\/\/saltbudapest.com\/hu\/#organization\",\"name\":\"SALT Budapest\",\"url\":\"https:\/\/saltbudapest.com\/hu\/\",\"logo\":{\"@type\":\"ImageObject\",\"inLanguage\":\"hu\",\"@id\":\"https:\/\/saltbudapest.com\/hu\/#\/schema\/logo\/image\/\",\"url\":\"https:\/\/saltbudapest.com\/wp-content\/uploads\/2023\/11\/logo.svg\",\"contentUrl\":\"https:\/\/saltbudapest.com\/wp-content\/uploads\/2023\/11\/logo.svg\",\"width\":1,\"height\":1,\"caption\":\"SALT Budapest\"},\"image\":{\"@id\":\"https:\/\/saltbudapest.com\/hu\/#\/schema\/logo\/image\/\"}}]}<\/script>\n<!-- \/ Yoast SEO Premium plugin. -->","yoast_head_json":{"title":"SOLID - Aj\u00e1nd\u00e9kk\u00e1rtya - SALT Budapest","robots":{"index":"index","follow":"follow","max-snippet":"max-snippet:-1","max-image-preview":"max-image-preview:large","max-video-preview":"max-video-preview:-1"},"canonical":"https:\/\/saltbudapest.com\/hu\/gift-cards\/solid-ajandekkartya\/solid-ajandekkartya-4\/","og_locale":"hu_HU","og_type":"article","og_title":"SOLID - Aj\u00e1nd\u00e9kk\u00e1rtya","og_url":"https:\/\/saltbudapest.com\/hu\/gift-cards\/solid-ajandekkartya\/solid-ajandekkartya-4\/","og_site_name":"SALT Budapest","article_modified_time":"2024-08-31T10:10:45+00:00","og_image":[{"width":1200,"height":800,"url":"https:\/\/saltbudapest.com\/wp-content\/uploads\/2024\/08\/SOLID-Budapest-5.jpg","type":"image\/jpeg"}],"twitter_card":"summary_large_image","twitter_misc":{"Becs\u00fclt olvas\u00e1si id\u0151":"1 perc"},"schema":{"@context":"https:\/\/schema.org","@graph":[{"@type":"WebPage","@id":"https:\/\/saltbudapest.com\/hu\/gift-cards\/solid-ajandekkartya\/solid-ajandekkartya-4\/","url":"https:\/\/saltbudapest.com\/hu\/gift-cards\/solid-ajandekkartya\/solid-ajandekkartya-4\/","name":"SOLID - Aj\u00e1nd\u00e9kk\u00e1rtya - SALT Budapest","isPartOf":{"@id":"https:\/\/saltbudapest.com\/hu\/#website"},"primaryImageOfPage":{"@id":"https:\/\/saltbudapest.com\/hu\/gift-cards\/solid-ajandekkartya\/solid-ajandekkartya-4\/#primaryimage"},"image":{"@id":"https:\/\/saltbudapest.com\/hu\/gift-cards\/solid-ajandekkartya\/solid-ajandekkartya-4\/#primaryimage"},"thumbnailUrl":"https:\/\/saltbudapest.com\/wp-content\/uploads\/2024\/08\/SOLID-Budapest-5.jpg","datePublished":"2024-08-31T10:08:27+00:00","dateModified":"2024-08-31T10:10:45+00:00","breadcrumb":{"@id":"https:\/\/saltbudapest.com\/hu\/gift-cards\/solid-ajandekkartya\/solid-ajandekkartya-4\/#breadcrumb"},"inLanguage":"hu","potentialAction":[{"@type":"ReadAction","target":["https:\/\/saltbudapest.com\/hu\/gift-cards\/solid-ajandekkartya\/solid-ajandekkartya-4\/"]}]},{"@type":"ImageObject","inLanguage":"hu","@id":"https:\/\/saltbudapest.com\/hu\/gift-cards\/solid-ajandekkartya\/solid-ajandekkartya-4\/#primaryimage","url":"https:\/\/saltbudapest.com\/wp-content\/uploads\/2024\/08\/SOLID-Budapest-5.jpg","contentUrl":"https:\/\/saltbudapest.com\/wp-content\/uploads\/2024\/08\/SOLID-Budapest-5.jpg","width":1200,"height":800},{"@type":"BreadcrumbList","@id":"https:\/\/saltbudapest.com\/hu\/gift-cards\/solid-ajandekkartya\/solid-ajandekkartya-4\/#breadcrumb","itemListElement":[{"@type":"ListItem","position":1,"name":"Home","item":"https:\/\/saltbudapest.com\/hu\/"},{"@type":"ListItem","position":2,"name":"Aj\u00e1nd\u00e9kk\u00e1rty\u00e1k 2","item":"https:\/\/saltbudapest.com\/hu\/ajandekkartyak-3\/"},{"@type":"ListItem","position":3,"name":"SOLID &#8211; Aj\u00e1nd\u00e9kk\u00e1rtya"}]},{"@type":"WebSite","@id":"https:\/\/saltbudapest.com\/hu\/#website","url":"https:\/\/saltbudapest.com\/hu\/","name":"SALT Budapest","description":"","publisher":{"@id":"https:\/\/saltbudapest.com\/hu\/#organization"},"potentialAction":[{"@type":"SearchAction","target":{"@type":"EntryPoint","urlTemplate":"https:\/\/saltbudapest.com\/hu\/?s={search_term_string}"},"query-input":{"@type":"PropertyValueSpecification","valueRequired":true,"valueName":"search_term_string"}}],"inLanguage":"hu"},{"@type":"Organization","@id":"https:\/\/saltbudapest.com\/hu\/#organization","name":"SALT Budapest","url":"https:\/\/saltbudapest.com\/hu\/","logo":{"@type":"ImageObject","inLanguage":"hu","@id":"https:\/\/saltbudapest.com\/hu\/#\/schema\/logo\/image\/","url":"https:\/\/saltbudapest.com\/wp-content\/uploads\/2023\/11\/logo.svg","contentUrl":"https:\/\/saltbudapest.com\/wp-content\/uploads\/2023\/11\/logo.svg","width":1,"height":1,"caption":"SALT Budapest"},"image":{"@id":"https:\/\/saltbudapest.com\/hu\/#\/schema\/logo\/image\/"}}]}},"_links":{"self":[{"href":"https:\/\/saltbudapest.com\/hu\/wp-json\/wp\/v2\/product\/3839","targetHints":{"allow":["GET"]}}],"collection":[{"href":"https:\/\/saltbudapest.com\/hu\/wp-json\/wp\/v2\/product"}],"about":[{"href":"https:\/\/saltbudapest.com\/hu\/wp-json\/wp\/v2\/types\/product"}],"wp:featuredmedia":[{"embeddable":true,"href":"https:\/\/saltbudapest.com\/hu\/wp-json\/wp\/v2\/media\/3841"}],"wp:attachment":[{"href":"https:\/\/saltbudapest.com\/hu\/wp-json\/wp\/v2\/media?parent=3839"}],"wp:term":[{"taxonomy":"product_brand","embeddable":true,"href":"https:\/\/saltbudapest.com\/hu\/wp-json\/wp\/v2\/product_brand?post=3839"},{"taxonomy":"product_cat","embeddable":true,"href":"https:\/\/saltbudapest.com\/hu\/wp-json\/wp\/v2\/product_cat?post=3839"},{"taxonomy":"product_tag","embeddable":true,"href":"https:\/\/saltbudapest.com\/hu\/wp-json\/wp\/v2\/product_tag?post=3839"}],"curies":[{"name":"wp","href":"https:\/\/api.w.org\/{rel}","templated":true}]}}