{"id":5082,"date":"2025-12-09T18:20:58","date_gmt":"2025-12-09T18:20:58","guid":{"rendered":"https:\/\/saltbudapest.com\/?post_type=product&#038;p=5082"},"modified":"2026-03-18T17:41:49","modified_gmt":"2026-03-18T17:41:49","slug":"salt-konyv","status":"publish","type":"product","link":"https:\/\/saltbudapest.com\/hu\/gift-cards\/book\/salt-konyv\/","title":{"rendered":"SALT k\u00f6nyv"},"content":{"rendered":"<p><span data-ogsc=\"black\" data-olk-copy-source=\"MessageBody\">A <strong>&#8216;Salt &#8211; kort\u00e1rs magyar parasztkonyha szatm\u00e1ri gy\u00f6kerekkel\u2019 c\u00edm\u0171 k\u00f6tet<\/strong> az \u00e9tterem ars poetic\u00e1j\u00e1t, legkedvesebb receptjeit \u00e9s a szatm\u00e1ri konyh\u00e1b\u00f3l nyert inspir\u00e1ci\u00f3it mutatja be. A k\u00f6nyv sz\u00f6vegei, a tervez\u00e9st inspir\u00e1l\u00f3 forr\u00e1sok \u00e9s a k\u00f6nyvtest vizu\u00e1lis megold\u00e1sai egy\u00fctt k\u00f6zvet\u00edtik azt a vil\u00e1got \u00e9s hozz\u00e1\u00e1ll\u00e1st, amit\u0151l a Salt olyan k\u00fcl\u00f6nleges \u00e9s sokak \u00e1ltal szeretett helly\u00e9 v\u00e1lt.<\/span><\/p>\n<p><span data-ogsc=\"black\">A Salt \u00e9telei \u00fagy kapcsol\u00f3dnak a szatm\u00e1ri r\u00e9gi\u00f3hoz, hogy egyszerre tisztelegnek a hagyom\u00e1nyok, az el\u0151d\u00f6k gener\u00e1ci\u00f3s tud\u00e1sokon kereszt\u00fcl letisztult receptjei \u00e9s technik\u00e1i el\u0151tt. Mindezt \u00fagy, hogy a forma, amelyben az asztalra ker\u00fclnek, j\u00f3l olvashat\u00f3v\u00e1 teszi \u0151ket a f\u0151v\u00e1ros k\u00e1lvinista ter\u00e9nek belv\u00e1rosi \u00f6lel\u00e9s\u00e9ben. A k\u00f6nyv receptjei \u00fagy k\u00f6vetik egym\u00e1st, ahogyan a t\u00e1ny\u00e9rok \u00e9rkeznek az asztalhoz: l\u00e9p\u00e9sr\u0151l l\u00e9p\u00e9sre haladunk a nyersanyagok megmutat\u00e1s\u00e1ban \u00e9s megmunk\u00e1l\u00e1s\u00e1ban, \u00edgy sorra ny\u00edlnak az ajt\u00f3k nemcsak az \u00faj fog\u00e1sok, hanem azok region\u00e1lis, lok\u00e1lis ered\u0151i fel\u00e9 is. A k\u00f6tet feladata \u00e9pp ugyanaz, mint az \u00e9tterem\u00e9: megteremteni azt a kontextust, amelyben a Salt munk\u00e1ss\u00e1ga \u00e9rt\u0151en \u00e9s \u00e9lvezettel fogadhat\u00f3, an\u00e9lk\u00fcl, hogy a forma fel\u00fcl\u00edrn\u00e1 a tartalmat.<\/span><\/p>\n<p><strong>A k\u00f6nyv m\u00f6g\u00f6tt a teljes Salt csapat \u00e9s a k\u00f6nyv alkot\u00f3inak t\u00f6bb mint h\u00e1rom \u00e9ves munk\u00e1ja van<\/strong>, rengeteg kutat\u00e1ssal, fot\u00f3z\u00e1ssal, gondosan meg\u00edrt sz\u00f6vegekkel \u00e9s elk\u00e9peszt\u0151 k\u00f6nyvtervez\u00e9si folyamatokkal. <strong>Sal\u00e1t Zal\u00e1n P\u00e9ter<\/strong>, a k\u00f6nyv tervez\u0151je, valamint az \u00e1ltala bevont <strong>Bir\u00f3 D\u00e1vid<\/strong> k\u00e9pz\u0151m\u0171v\u00e9sz \u00e9s <strong>Visnyai Zolt\u00e1n<\/strong> bet\u0171tervez\u0151 c\u00e9lja az volt, hogy az \u00e9tteremben szerzett tapasztalataik alapj\u00e1n bemutass\u00e1k a Salt ars poetic\u00e1j\u00e1t, valamint legkedvesebb receptjeinket. <strong>N\u00e9ma J\u00falia<\/strong> ker\u00e1mi\u00e1i mer\u00edtett pap\u00edrokon jelennek meg a k\u00f6tetben, ezzel \u00f6lelik k\u00f6rbe a tartalmat, amit <strong>Mautner Zs\u00f3fia<\/strong> \u00e9s <strong>Katk\u00f3 Krisztina<\/strong> sz\u00f6vegei k\u00eds\u00e9rnek v\u00e9gig, <strong>Szil\u00e1gyi R\u00f3za<\/strong> essz\u00e9ivel, <strong>Saly No\u00e9mi<\/strong> magyar konyhat\u00f6rt\u00e9neti \u00edr\u00e1saival \u00e9s <strong>Dragom\u00e1n Gy\u00f6rgy<\/strong> el\u0151szav\u00e1val egy\u00fctt.<\/p>\n<p>A k\u00f6nyv magyar \u00e9s angol nyelven el\u00e9rhet\u0151 az \u00e9tteremben, illetve itt online megv\u00e1s\u00e1rolva, helysz\u00edni \u00e1tv\u00e9tellel \u00e9s h\u00e1zhozsz\u00e1ll\u00edt\u00e1ssal belf\u00f6ldre \u00e9s k\u00fclf\u00f6ldre egyar\u00e1nt.<\/p>\n<p>&#8212;<\/p>\n<p><strong>Akik az el\u0151rendel\u00e9si id\u0151szak alatt v\u00e1s\u00e1roltak, azokat emailben \u00e9rtes\u00edtj\u00fck a sz\u00e1ll\u00edt\u00e1si\/\u00e1tv\u00e9teli inform\u00e1ci\u00f3kkal kapcsolatban.<\/strong><\/p>\n","protected":false},"excerpt":{"rendered":"<p>A &#8216;Salt &#8211; kort\u00e1rs magyar parasztkonyha szatm\u00e1ri gy\u00f6kerekkel\u2019 c\u00edm\u0171 k\u00f6tet az \u00e9tterem ars poetic\u00e1j\u00e1t, legkedvesebb receptjeit \u00e9s a szatm\u00e1ri konyh\u00e1b\u00f3l nyert inspir\u00e1ci\u00f3it mutatja be. A k\u00f6nyv sz\u00f6vegei, a tervez\u00e9st inspir\u00e1l\u00f3 forr\u00e1sok \u00e9s a k\u00f6nyvtest vizu\u00e1lis megold\u00e1sai egy\u00fctt k\u00f6zvet\u00edtik azt a vil\u00e1got \u00e9s hozz\u00e1\u00e1ll\u00e1st, amit\u0151l a Salt olyan k\u00fcl\u00f6nleges \u00e9s sokak \u00e1ltal szeretett helly\u00e9 v\u00e1lt. A [&hellip;]<\/p>\n","protected":false},"featured_media":5081,"template":"","meta":{"_et_pb_use_builder":"","_et_pb_old_content":"","_et_gb_content_width":""},"product_brand":[],"product_cat":[40],"product_tag":[],"class_list":{"0":"post-5082","1":"product","2":"type-product","3":"status-publish","4":"has-post-thumbnail","6":"product_cat-book","8":"first","9":"instock","10":"taxable","11":"shipping-taxable","12":"purchasable","13":"product-type-simple"},"exclude_global_add_ons":false,"addons":[{"name":"Nyelv","type":"multiple_choice","position":0,"required":true,"title_format":"label","default":"","description_enable":false,"description":"","placeholder_enable":false,"placeholder":"","display":"select","restrictions_type":"any_text","adjust_price":false,"price":"","price_type":"flat_fee","restrictions":false,"min":"0","max":"0","options":[{"label":"Angol","price":"","price_type":"flat_fee","image":0,"visibility":true},{"label":"Magyar","price":"","price_type":"flat_fee","image":0,"visibility":true}],"id":1766050009}],"yoast_head":"<!-- This site is optimized with the Yoast SEO Premium plugin v26.9 (Yoast SEO v26.9) - https:\/\/yoast.com\/product\/yoast-seo-premium-wordpress\/ -->\n<title>SALT k\u00f6nyv - SALT Budapest<\/title>\n<meta name=\"robots\" content=\"index, follow, max-snippet:-1, max-image-preview:large, max-video-preview:-1\" \/>\n<link rel=\"canonical\" href=\"https:\/\/saltbudapest.com\/hu\/gift-cards\/book\/salt-konyv\/\" \/>\n<meta property=\"og:locale\" content=\"hu_HU\" \/>\n<meta property=\"og:type\" content=\"article\" \/>\n<meta property=\"og:title\" content=\"SALT k\u00f6nyv\" \/>\n<meta property=\"og:description\" content=\"A &#8216;Salt &#8211; kort\u00e1rs magyar parasztkonyha szatm\u00e1ri gy\u00f6kerekkel\u2019 c\u00edm\u0171 k\u00f6tet az \u00e9tterem ars poetic\u00e1j\u00e1t, legkedvesebb receptjeit \u00e9s a szatm\u00e1ri konyh\u00e1b\u00f3l nyert inspir\u00e1ci\u00f3it mutatja be. A k\u00f6nyv sz\u00f6vegei, a tervez\u00e9st inspir\u00e1l\u00f3 forr\u00e1sok \u00e9s a k\u00f6nyvtest vizu\u00e1lis megold\u00e1sai egy\u00fctt k\u00f6zvet\u00edtik azt a vil\u00e1got \u00e9s hozz\u00e1\u00e1ll\u00e1st, amit\u0151l a Salt olyan k\u00fcl\u00f6nleges \u00e9s sokak \u00e1ltal szeretett helly\u00e9 v\u00e1lt. A [&hellip;]\" \/>\n<meta property=\"og:url\" content=\"https:\/\/saltbudapest.com\/hu\/gift-cards\/book\/salt-konyv\/\" \/>\n<meta property=\"og:site_name\" content=\"SALT Budapest\" \/>\n<meta property=\"article:modified_time\" content=\"2026-03-18T17:41:49+00:00\" \/>\n<meta property=\"og:image\" content=\"https:\/\/saltbudapest.com\/wp-content\/uploads\/2025\/12\/Salt-Book.jpg\" \/>\n\t<meta property=\"og:image:width\" content=\"1200\" \/>\n\t<meta property=\"og:image:height\" content=\"900\" \/>\n\t<meta property=\"og:image:type\" content=\"image\/jpeg\" \/>\n<meta name=\"twitter:card\" content=\"summary_large_image\" \/>\n<meta name=\"twitter:label1\" content=\"Becs\u00fclt olvas\u00e1si id\u0151\" \/>\n\t<meta name=\"twitter:data1\" content=\"2 perc\" \/>\n<script type=\"application\/ld+json\" class=\"yoast-schema-graph\">{\"@context\":\"https:\/\/schema.org\",\"@graph\":[{\"@type\":\"WebPage\",\"@id\":\"https:\/\/saltbudapest.com\/hu\/gift-cards\/book\/salt-konyv\/\",\"url\":\"https:\/\/saltbudapest.com\/hu\/gift-cards\/book\/salt-konyv\/\",\"name\":\"SALT k\u00f6nyv - SALT Budapest\",\"isPartOf\":{\"@id\":\"https:\/\/saltbudapest.com\/#website\"},\"primaryImageOfPage\":{\"@id\":\"https:\/\/saltbudapest.com\/hu\/gift-cards\/book\/salt-konyv\/#primaryimage\"},\"image\":{\"@id\":\"https:\/\/saltbudapest.com\/hu\/gift-cards\/book\/salt-konyv\/#primaryimage\"},\"thumbnailUrl\":\"https:\/\/saltbudapest.com\/wp-content\/uploads\/2025\/12\/Salt-Book.jpg\",\"datePublished\":\"2025-12-09T18:20:58+00:00\",\"dateModified\":\"2026-03-18T17:41:49+00:00\",\"breadcrumb\":{\"@id\":\"https:\/\/saltbudapest.com\/hu\/gift-cards\/book\/salt-konyv\/#breadcrumb\"},\"inLanguage\":\"hu\",\"potentialAction\":[{\"@type\":\"ReadAction\",\"target\":[\"https:\/\/saltbudapest.com\/hu\/gift-cards\/book\/salt-konyv\/\"]}]},{\"@type\":\"ImageObject\",\"inLanguage\":\"hu\",\"@id\":\"https:\/\/saltbudapest.com\/hu\/gift-cards\/book\/salt-konyv\/#primaryimage\",\"url\":\"https:\/\/saltbudapest.com\/wp-content\/uploads\/2025\/12\/Salt-Book.jpg\",\"contentUrl\":\"https:\/\/saltbudapest.com\/wp-content\/uploads\/2025\/12\/Salt-Book.jpg\",\"width\":1200,\"height\":900},{\"@type\":\"BreadcrumbList\",\"@id\":\"https:\/\/saltbudapest.com\/hu\/gift-cards\/book\/salt-konyv\/#breadcrumb\",\"itemListElement\":[{\"@type\":\"ListItem\",\"position\":1,\"name\":\"Home\",\"item\":\"https:\/\/saltbudapest.com\/hu\/\"},{\"@type\":\"ListItem\",\"position\":2,\"name\":\"Aj\u00e1nd\u00e9kk\u00e1rty\u00e1k 2\",\"item\":\"https:\/\/saltbudapest.com\/hu\/ajandekkartyak-3\/\"},{\"@type\":\"ListItem\",\"position\":3,\"name\":\"SALT k\u00f6nyv\"}]},{\"@type\":\"WebSite\",\"@id\":\"https:\/\/saltbudapest.com\/#website\",\"url\":\"https:\/\/saltbudapest.com\/\",\"name\":\"SALT Budapest\",\"description\":\"\",\"publisher\":{\"@id\":\"https:\/\/saltbudapest.com\/#organization\"},\"potentialAction\":[{\"@type\":\"SearchAction\",\"target\":{\"@type\":\"EntryPoint\",\"urlTemplate\":\"https:\/\/saltbudapest.com\/?s={search_term_string}\"},\"query-input\":{\"@type\":\"PropertyValueSpecification\",\"valueRequired\":true,\"valueName\":\"search_term_string\"}}],\"inLanguage\":\"hu\"},{\"@type\":\"Organization\",\"@id\":\"https:\/\/saltbudapest.com\/#organization\",\"name\":\"SALT Budapest\",\"url\":\"https:\/\/saltbudapest.com\/\",\"logo\":{\"@type\":\"ImageObject\",\"inLanguage\":\"hu\",\"@id\":\"https:\/\/saltbudapest.com\/#\/schema\/logo\/image\/\",\"url\":\"https:\/\/saltbudapest.com\/wp-content\/uploads\/2023\/11\/logo.svg\",\"contentUrl\":\"https:\/\/saltbudapest.com\/wp-content\/uploads\/2023\/11\/logo.svg\",\"width\":1,\"height\":1,\"caption\":\"SALT Budapest\"},\"image\":{\"@id\":\"https:\/\/saltbudapest.com\/#\/schema\/logo\/image\/\"}}]}<\/script>\n<!-- \/ Yoast SEO Premium plugin. -->","yoast_head_json":{"title":"SALT k\u00f6nyv - SALT Budapest","robots":{"index":"index","follow":"follow","max-snippet":"max-snippet:-1","max-image-preview":"max-image-preview:large","max-video-preview":"max-video-preview:-1"},"canonical":"https:\/\/saltbudapest.com\/hu\/gift-cards\/book\/salt-konyv\/","og_locale":"hu_HU","og_type":"article","og_title":"SALT k\u00f6nyv","og_description":"A &#8216;Salt &#8211; kort\u00e1rs magyar parasztkonyha szatm\u00e1ri gy\u00f6kerekkel\u2019 c\u00edm\u0171 k\u00f6tet az \u00e9tterem ars poetic\u00e1j\u00e1t, legkedvesebb receptjeit \u00e9s a szatm\u00e1ri konyh\u00e1b\u00f3l nyert inspir\u00e1ci\u00f3it mutatja be. A k\u00f6nyv sz\u00f6vegei, a tervez\u00e9st inspir\u00e1l\u00f3 forr\u00e1sok \u00e9s a k\u00f6nyvtest vizu\u00e1lis megold\u00e1sai egy\u00fctt k\u00f6zvet\u00edtik azt a vil\u00e1got \u00e9s hozz\u00e1\u00e1ll\u00e1st, amit\u0151l a Salt olyan k\u00fcl\u00f6nleges \u00e9s sokak \u00e1ltal szeretett helly\u00e9 v\u00e1lt. A [&hellip;]","og_url":"https:\/\/saltbudapest.com\/hu\/gift-cards\/book\/salt-konyv\/","og_site_name":"SALT Budapest","article_modified_time":"2026-03-18T17:41:49+00:00","og_image":[{"width":1200,"height":900,"url":"https:\/\/saltbudapest.com\/wp-content\/uploads\/2025\/12\/Salt-Book.jpg","type":"image\/jpeg"}],"twitter_card":"summary_large_image","twitter_misc":{"Becs\u00fclt olvas\u00e1si id\u0151":"2 perc"},"schema":{"@context":"https:\/\/schema.org","@graph":[{"@type":"WebPage","@id":"https:\/\/saltbudapest.com\/hu\/gift-cards\/book\/salt-konyv\/","url":"https:\/\/saltbudapest.com\/hu\/gift-cards\/book\/salt-konyv\/","name":"SALT k\u00f6nyv - SALT Budapest","isPartOf":{"@id":"https:\/\/saltbudapest.com\/#website"},"primaryImageOfPage":{"@id":"https:\/\/saltbudapest.com\/hu\/gift-cards\/book\/salt-konyv\/#primaryimage"},"image":{"@id":"https:\/\/saltbudapest.com\/hu\/gift-cards\/book\/salt-konyv\/#primaryimage"},"thumbnailUrl":"https:\/\/saltbudapest.com\/wp-content\/uploads\/2025\/12\/Salt-Book.jpg","datePublished":"2025-12-09T18:20:58+00:00","dateModified":"2026-03-18T17:41:49+00:00","breadcrumb":{"@id":"https:\/\/saltbudapest.com\/hu\/gift-cards\/book\/salt-konyv\/#breadcrumb"},"inLanguage":"hu","potentialAction":[{"@type":"ReadAction","target":["https:\/\/saltbudapest.com\/hu\/gift-cards\/book\/salt-konyv\/"]}]},{"@type":"ImageObject","inLanguage":"hu","@id":"https:\/\/saltbudapest.com\/hu\/gift-cards\/book\/salt-konyv\/#primaryimage","url":"https:\/\/saltbudapest.com\/wp-content\/uploads\/2025\/12\/Salt-Book.jpg","contentUrl":"https:\/\/saltbudapest.com\/wp-content\/uploads\/2025\/12\/Salt-Book.jpg","width":1200,"height":900},{"@type":"BreadcrumbList","@id":"https:\/\/saltbudapest.com\/hu\/gift-cards\/book\/salt-konyv\/#breadcrumb","itemListElement":[{"@type":"ListItem","position":1,"name":"Home","item":"https:\/\/saltbudapest.com\/hu\/"},{"@type":"ListItem","position":2,"name":"Aj\u00e1nd\u00e9kk\u00e1rty\u00e1k 2","item":"https:\/\/saltbudapest.com\/hu\/ajandekkartyak-3\/"},{"@type":"ListItem","position":3,"name":"SALT k\u00f6nyv"}]},{"@type":"WebSite","@id":"https:\/\/saltbudapest.com\/#website","url":"https:\/\/saltbudapest.com\/","name":"SALT Budapest","description":"","publisher":{"@id":"https:\/\/saltbudapest.com\/#organization"},"potentialAction":[{"@type":"SearchAction","target":{"@type":"EntryPoint","urlTemplate":"https:\/\/saltbudapest.com\/?s={search_term_string}"},"query-input":{"@type":"PropertyValueSpecification","valueRequired":true,"valueName":"search_term_string"}}],"inLanguage":"hu"},{"@type":"Organization","@id":"https:\/\/saltbudapest.com\/#organization","name":"SALT Budapest","url":"https:\/\/saltbudapest.com\/","logo":{"@type":"ImageObject","inLanguage":"hu","@id":"https:\/\/saltbudapest.com\/#\/schema\/logo\/image\/","url":"https:\/\/saltbudapest.com\/wp-content\/uploads\/2023\/11\/logo.svg","contentUrl":"https:\/\/saltbudapest.com\/wp-content\/uploads\/2023\/11\/logo.svg","width":1,"height":1,"caption":"SALT Budapest"},"image":{"@id":"https:\/\/saltbudapest.com\/#\/schema\/logo\/image\/"}}]}},"_links":{"self":[{"href":"https:\/\/saltbudapest.com\/hu\/wp-json\/wp\/v2\/product\/5082","targetHints":{"allow":["GET"]}}],"collection":[{"href":"https:\/\/saltbudapest.com\/hu\/wp-json\/wp\/v2\/product"}],"about":[{"href":"https:\/\/saltbudapest.com\/hu\/wp-json\/wp\/v2\/types\/product"}],"wp:featuredmedia":[{"embeddable":true,"href":"https:\/\/saltbudapest.com\/hu\/wp-json\/wp\/v2\/media\/5081"}],"wp:attachment":[{"href":"https:\/\/saltbudapest.com\/hu\/wp-json\/wp\/v2\/media?parent=5082"}],"wp:term":[{"taxonomy":"product_brand","embeddable":true,"href":"https:\/\/saltbudapest.com\/hu\/wp-json\/wp\/v2\/product_brand?post=5082"},{"taxonomy":"product_cat","embeddable":true,"href":"https:\/\/saltbudapest.com\/hu\/wp-json\/wp\/v2\/product_cat?post=5082"},{"taxonomy":"product_tag","embeddable":true,"href":"https:\/\/saltbudapest.com\/hu\/wp-json\/wp\/v2\/product_tag?post=5082"}],"curies":[{"name":"wp","href":"https:\/\/api.w.org\/{rel}","templated":true}]}}